{"id":209769,"date":"2025-03-22T13:29:32","date_gmt":"2025-03-22T13:29:32","guid":{"rendered":"https:\/\/aromasentia.com\/product\/small-gomati-chakra-circle-stone-trees-15-stones\/"},"modified":"2025-05-31T06:36:10","modified_gmt":"2025-05-31T06:36:10","slug":"sma-gomati-chakra-circle-stone-trees-15-steiner","status":"publish","type":"product","link":"https:\/\/aromasentia.com\/no\/sma-gomati-chakra-circle-stone-trees-15-steiner\/","title":{"rendered":"Sm\u00e5 Gomati Chakra Circle Stone Trees-(15 Steiner)"},"content":{"rendered":"<p><span style=\"color: rgb(75, 80, 88);\"><strong>Perfekt for gave eller personlig bruk, disse sm\u00e5 Gomati Chakra-sirkelsteintr\u00e6rne kommer i en praktisk plastboks med 12, hver med 15 Gomati Chakra-steiner.<\/strong><\/span><\/p>\n<p><span style=\"color: rgb(75, 80, 88);\">Sm\u00e5, men mektige, disse steinene antas \u00e5 invitere til velstand, beskyttelse og \u00e5ndelig vekst, noe som gj\u00f8r dem til et utmerket alternativ for velsignelser i hjemmet eller \u00e5ndelig praksis.<\/span><\/p>\n<p><span style=\"color: rgb(75, 80, 88);\">Deres kompakte st\u00f8rrelse gj\u00f8r dem til et allsidig tillegg til ethvert rom, fra skrivebord til meditasjonshj\u00f8rner, mens deres kraftige symbolikk sikrer at de resonnerer med kunder som leter etter meningsfull dekor.<\/span><\/p>\n","protected":false},"excerpt":{"rendered":"<p>Perfekt for gave eller personlig bruk, disse sm\u00e5 Gomati Chakra-sirkelsteintr\u00e6rne kommer i en praktisk plastboks med 12, hver med 15 Gomati Chakra-steiner. Sm\u00e5, men mektige, disse steinene antas \u00e5 invitere til velstand, beskyttelse og \u00e5ndelig vekst, noe som gj\u00f8r dem til et utmerket alternativ for velsignelser i hjemmet eller \u00e5ndelig praksis. Deres kompakte st\u00f8rrelse gj\u00f8r [&hellip;]<\/p>\n","protected":false},"featured_media":334252,"comment_status":"closed","ping_status":"open","template":"","meta":{"_angie_page":false},"product_brand":[],"product_cat":[9166,9155,25619,25221],"product_tag":[],"class_list":{"0":"post-209769","1":"product","2":"type-product","3":"status-publish","4":"has-post-thumbnail","6":"product_cat-dekorasjoner-med-edelstener","7":"product_cat-esoteriske-gaver","8":"product_cat-gomati-chakra-stone","9":"product_cat-krystaller-edelsteiner","10":"pa_collection-gomati-chakra-stone-trees-no","11":"pa_made-in-india","13":"first","14":"instock","15":"purchasable","16":"product-type-simple"},"supplier_id":null,"supplier_sku":"GCC-04","barcode":null,"atum_controlled":true,"out_stock_date":null,"out_stock_threshold":null,"inheritable":false,"inbound_stock":null,"stock_on_hold":0,"sold_today":0,"sales_last_days":0,"reserved_stock":null,"customer_returns":null,"warehouse_damage":null,"lost_in_post":null,"other_logs":null,"out_stock_days":0,"lost_sales":0,"has_location":null,"update_date":"2026-05-04T00:03:55","atum_locations":[],"atum_stock_status":"instock","restock_status":false,"low_stock_amount":"","sales_update_date":"2026-02-06T00:02:11","calc_backorders":null,"_links":{"self":[{"href":"https:\/\/aromasentia.com\/no\/wp-json\/wp\/v2\/product\/209769","targetHints":{"allow":["GET"]}}],"collection":[{"href":"https:\/\/aromasentia.com\/no\/wp-json\/wp\/v2\/product"}],"about":[{"href":"https:\/\/aromasentia.com\/no\/wp-json\/wp\/v2\/types\/product"}],"replies":[{"embeddable":true,"href":"https:\/\/aromasentia.com\/no\/wp-json\/wp\/v2\/comments?post=209769"}],"version-history":[{"count":0,"href":"https:\/\/aromasentia.com\/no\/wp-json\/wp\/v2\/product\/209769\/revisions"}],"wp:featuredmedia":[{"embeddable":true,"href":"https:\/\/aromasentia.com\/no\/wp-json\/wp\/v2\/media\/334252"}],"wp:attachment":[{"href":"https:\/\/aromasentia.com\/no\/wp-json\/wp\/v2\/media?parent=209769"}],"wp:term":[{"taxonomy":"product_brand","embeddable":true,"href":"https:\/\/aromasentia.com\/no\/wp-json\/wp\/v2\/product_brand?post=209769"},{"taxonomy":"product_cat","embeddable":true,"href":"https:\/\/aromasentia.com\/no\/wp-json\/wp\/v2\/product_cat?post=209769"},{"taxonomy":"product_tag","embeddable":true,"href":"https:\/\/aromasentia.com\/no\/wp-json\/wp\/v2\/product_tag?post=209769"}],"curies":[{"name":"wp","href":"https:\/\/api.w.org\/{rel}","templated":true}]}}