{"id":209764,"date":"2025-03-22T13:29:32","date_gmt":"2025-03-22T13:29:32","guid":{"rendered":"https:\/\/aromasentia.com\/product\/lrg-stones-chakra-set-oval-shape\/"},"modified":"2025-05-31T06:35:23","modified_gmt":"2025-05-31T06:35:23","slug":"chakrasett-med-store-steiner-oval-form","status":"publish","type":"product","link":"https:\/\/aromasentia.com\/no\/chakrasett-med-store-steiner-oval-form\/","title":{"rendered":"Chakrasett med Store Steiner (Oval Form)"},"content":{"rendered":"<p><span style=\"color: rgb(75, 80, 88);\">Vi presenterer v\u00e5rt fengslende utvalg av <strong>Esoteriske posesett<\/strong> \u2013 en kolleksjon som kombinerer spiritualitet, estetisk appell og holistisk energi for de som s\u00f8ker balanse og opplysning. Disse trykte posesettene er laget med presisjon og omhu, og tilbyr et mangfoldig utvalg av helbredende steiner og spirituelle verkt\u00f8y som dekker et bredt spekter av behov og preferanser.<\/span><\/p>\n<p><span style=\"color: rgb(75, 80, 88);\">Legg ut p\u00e5 en reise med holistisk velv\u00e6re med v\u00e5rt <strong>Store steiner chakrasett i ovale former<\/strong>. Disse st\u00f8rre steinene er n\u00f8ye utvalgt for \u00e5 representere de syv chakraene, og justere energisentrene dine for et harmonisk og balansert liv. Den glatte ovale formen inviterer deg til \u00e5 holde disse steinene under meditasjon eller energiarbeid, og forsterker dermed forbindelsen din med hvert chakras unike energi.<\/span><\/p>\n<p><span style=\"color: rgb(75, 80, 88);\"><strong>Esoteriske og spirituelle gjenstander opplever en \u00f8kende popularitet.<\/strong> De har blitt mer enn bare nisjeprodukter; de er n\u00e5 en del av mainstreamkulturen. Ved \u00e5 tilby v\u00e5re esoteriske posesett, vil du m\u00f8te kravene fra et stadig voksende marked.<\/span><\/p>\n","protected":false},"excerpt":{"rendered":"<p>Vi presenterer v\u00e5rt fengslende utvalg av Esoteriske posesett \u2013 en kolleksjon som kombinerer spiritualitet, estetisk appell og holistisk energi for de som s\u00f8ker balanse og opplysning. Disse trykte posesettene er laget med presisjon og omhu, og tilbyr et mangfoldig utvalg av helbredende steiner og spirituelle verkt\u00f8y som dekker et bredt spekter av behov og preferanser. [&hellip;]<\/p>\n","protected":false},"featured_media":334103,"comment_status":"closed","ping_status":"open","template":"","meta":[],"product_brand":[],"product_cat":[8394,9163,9158],"product_tag":[],"class_list":{"0":"post-209764","1":"product","2":"type-product","3":"status-publish","4":"has-post-thumbnail","6":"product_cat-hjem-og-hage","7":"product_cat-inspirasjon","8":"product_cat-pendler-og-runesett","9":"pa_collection-esoteric-pouch-sets-no","10":"pa_made-in-india","12":"first","13":"instock","14":"purchasable","15":"product-type-simple"},"supplier_id":null,"supplier_sku":"EPS-02","barcode":null,"atum_controlled":true,"out_stock_date":null,"out_stock_threshold":null,"inheritable":false,"inbound_stock":null,"stock_on_hold":0,"sold_today":0,"sales_last_days":0,"reserved_stock":null,"customer_returns":null,"warehouse_damage":null,"lost_in_post":null,"other_logs":null,"out_stock_days":0,"lost_sales":0,"has_location":null,"update_date":"2026-01-30T01:25:27","atum_locations":[],"atum_stock_status":"instock","restock_status":false,"low_stock_amount":"","sales_update_date":"2026-01-30T01:25:27","calc_backorders":null,"_links":{"self":[{"href":"https:\/\/aromasentia.com\/no\/wp-json\/wp\/v2\/product\/209764","targetHints":{"allow":["GET"]}}],"collection":[{"href":"https:\/\/aromasentia.com\/no\/wp-json\/wp\/v2\/product"}],"about":[{"href":"https:\/\/aromasentia.com\/no\/wp-json\/wp\/v2\/types\/product"}],"replies":[{"embeddable":true,"href":"https:\/\/aromasentia.com\/no\/wp-json\/wp\/v2\/comments?post=209764"}],"version-history":[{"count":0,"href":"https:\/\/aromasentia.com\/no\/wp-json\/wp\/v2\/product\/209764\/revisions"}],"wp:featuredmedia":[{"embeddable":true,"href":"https:\/\/aromasentia.com\/no\/wp-json\/wp\/v2\/media\/334103"}],"wp:attachment":[{"href":"https:\/\/aromasentia.com\/no\/wp-json\/wp\/v2\/media?parent=209764"}],"wp:term":[{"taxonomy":"product_brand","embeddable":true,"href":"https:\/\/aromasentia.com\/no\/wp-json\/wp\/v2\/product_brand?post=209764"},{"taxonomy":"product_cat","embeddable":true,"href":"https:\/\/aromasentia.com\/no\/wp-json\/wp\/v2\/product_cat?post=209764"},{"taxonomy":"product_tag","embeddable":true,"href":"https:\/\/aromasentia.com\/no\/wp-json\/wp\/v2\/product_tag?post=209764"}],"curies":[{"name":"wp","href":"https:\/\/api.w.org\/{rel}","templated":true}]}}