{"id":209761,"date":"2025-03-22T13:29:32","date_gmt":"2025-03-22T13:29:32","guid":{"rendered":"https:\/\/aromasentia.com\/product\/geometric-seven-piece-crystal-set\/"},"modified":"2025-05-31T06:35:15","modified_gmt":"2025-05-31T06:35:15","slug":"geometrisk-krystallsett-med-syv-deler","status":"publish","type":"product","link":"https:\/\/aromasentia.com\/no\/geometrisk-krystallsett-med-syv-deler\/","title":{"rendered":"Geometrisk Krystallsett med Syv Deler"},"content":{"rendered":"<p><span style=\"color: rgb(75, 80, 88);\">Vi presenterer v\u00e5rt fengslende utvalg av <strong>Esoteriske posesett<\/strong> \u2013 en kolleksjon som kombinerer spiritualitet, estetisk appell og holistisk energi for de som s\u00f8ker balanse og opplysning. Disse trykte posesettene er laget med presisjon og omhu, og tilbyr et mangfoldig utvalg av helbredende steiner og spirituelle verkt\u00f8y som dekker et bredt spekter av behov og preferanser.<\/span><\/p>\n<p><span style=\"color: rgb(75, 80, 88);\">Avdekk magien i v\u00e5rt <strong>Geometriske syvdelte krystallsett<\/strong>, en reise inn i hjertet av \u00e5ndelig vekst og personlig transformasjon. Hver krystall i dette settet er kuttet i geometriske former, noe som forbedrer deres visuelle appell og metafysiske egenskaper. Enten du er en erfaren krystallbruker eller en nybegynnerutforsker, er dette settet n\u00f8kkelen til \u00e5 l\u00e5se opp ditt h\u00f8yere selv.<\/span><\/p>\n<p><span style=\"color: rgb(75, 80, 88);\"><strong>Esoteriske og spirituelle gjenstander nyter en kraftig \u00f8kning i popularitet.<\/strong> De har blitt mer enn bare nisjeprodukter; de er n\u00e5 en del av mainstreamkulturen. Ved \u00e5 legge til esoteriske posesett i portef\u00f8ljen din, vil du m\u00f8te kravene fra et stadig voksende marked.<\/span><\/p>\n","protected":false},"excerpt":{"rendered":"<p>Vi presenterer v\u00e5rt fengslende utvalg av Esoteriske posesett \u2013 en kolleksjon som kombinerer spiritualitet, estetisk appell og holistisk energi for de som s\u00f8ker balanse og opplysning. Disse trykte posesettene er laget med presisjon og omhu, og tilbyr et mangfoldig utvalg av helbredende steiner og spirituelle verkt\u00f8y som dekker et bredt spekter av behov og preferanser. [&hellip;]<\/p>\n","protected":false},"featured_media":334020,"comment_status":"closed","ping_status":"open","template":"","meta":[],"product_brand":[],"product_cat":[8394,9163,9158],"product_tag":[],"class_list":{"0":"post-209761","1":"product","2":"type-product","3":"status-publish","4":"has-post-thumbnail","6":"product_cat-hjem-og-hage","7":"product_cat-inspirasjon","8":"product_cat-pendler-og-runesett","9":"pa_collection-esoteric-pouch-sets-no","10":"pa_made-in-india","12":"first","13":"instock","14":"purchasable","15":"product-type-simple"},"supplier_id":null,"supplier_sku":"EPS-05","barcode":null,"atum_controlled":true,"out_stock_date":null,"out_stock_threshold":null,"inheritable":false,"inbound_stock":null,"stock_on_hold":0,"sold_today":0,"sales_last_days":0,"reserved_stock":null,"customer_returns":null,"warehouse_damage":null,"lost_in_post":null,"other_logs":null,"out_stock_days":0,"lost_sales":0,"has_location":null,"update_date":"2026-01-30T01:26:12","atum_locations":[],"atum_stock_status":"instock","restock_status":false,"low_stock_amount":"","sales_update_date":"2026-01-30T01:26:12","calc_backorders":null,"_links":{"self":[{"href":"https:\/\/aromasentia.com\/no\/wp-json\/wp\/v2\/product\/209761","targetHints":{"allow":["GET"]}}],"collection":[{"href":"https:\/\/aromasentia.com\/no\/wp-json\/wp\/v2\/product"}],"about":[{"href":"https:\/\/aromasentia.com\/no\/wp-json\/wp\/v2\/types\/product"}],"replies":[{"embeddable":true,"href":"https:\/\/aromasentia.com\/no\/wp-json\/wp\/v2\/comments?post=209761"}],"version-history":[{"count":0,"href":"https:\/\/aromasentia.com\/no\/wp-json\/wp\/v2\/product\/209761\/revisions"}],"wp:featuredmedia":[{"embeddable":true,"href":"https:\/\/aromasentia.com\/no\/wp-json\/wp\/v2\/media\/334020"}],"wp:attachment":[{"href":"https:\/\/aromasentia.com\/no\/wp-json\/wp\/v2\/media?parent=209761"}],"wp:term":[{"taxonomy":"product_brand","embeddable":true,"href":"https:\/\/aromasentia.com\/no\/wp-json\/wp\/v2\/product_brand?post=209761"},{"taxonomy":"product_cat","embeddable":true,"href":"https:\/\/aromasentia.com\/no\/wp-json\/wp\/v2\/product_cat?post=209761"},{"taxonomy":"product_tag","embeddable":true,"href":"https:\/\/aromasentia.com\/no\/wp-json\/wp\/v2\/product_tag?post=209761"}],"curies":[{"name":"wp","href":"https:\/\/api.w.org\/{rel}","templated":true}]}}