{"id":209760,"date":"2025-03-22T13:29:32","date_gmt":"2025-03-22T13:29:32","guid":{"rendered":"https:\/\/aromasentia.com\/product\/geometric-seven-piece-black-agate-set\/"},"modified":"2025-05-31T06:35:12","modified_gmt":"2025-05-31T06:35:12","slug":"geometrisk-sett-med-syv-deler-i-svart-agat","status":"publish","type":"product","link":"https:\/\/aromasentia.com\/no\/geometrisk-sett-med-syv-deler-i-svart-agat\/","title":{"rendered":"Geometrisk Sett med Syv Deler I Svart Agat"},"content":{"rendered":"<p><span style=\"color: rgb(75, 80, 88);\">Vi introduserer v\u00e5rt fengslende utvalg av <strong>Esoteriske posesett<\/strong> \u2013 en kolleksjon som kombinerer spiritualitet, estetisk appell og holistisk energi for de som s\u00f8ker balanse og opplysning. Disse trykte posesettene er laget med presisjon og omhu, og tilbyr et mangfoldig utvalg av helbredende steiner og spirituelle verkt\u00f8y som dekker et bredt spekter av behov og preferanser.<\/span><\/p>\n<p>Fordyp deg i de beskyttende og jordende energiene til v\u00e5rt <strong>Geometriske syvdelte svart agatsett<\/strong>. Disse geometriske svarte agatsteinene <strong>holder n\u00f8kkelen til stabilitet og indre styrke<\/strong>. Hvert stykke resonnerer med eldgammel visdom og gir en f\u00f8lelse av trygghet i turbulente tider. Svart agat er kjent for sin evne til \u00e5 absorbere og forvandle negative energier, noe som gj\u00f8r den til en kraftig f\u00f8lgesvenn for personlig vekst. <\/p>\n<p><span style=\"color: rgb(75, 80, 88);\"><strong>Esoteriske og spirituelle gjenstander opplever en \u00f8kende popularitet.<\/strong> De har blitt mer enn bare nisjeprodukter; de er n\u00e5 en del av mainstreamkulturen. Ved \u00e5 legge til esoteriske posesett i portef\u00f8ljen din, vil du m\u00f8te kravene fra et stadig voksende marked.<\/span><\/p>\n","protected":false},"excerpt":{"rendered":"<p>Vi introduserer v\u00e5rt fengslende utvalg av Esoteriske posesett \u2013 en kolleksjon som kombinerer spiritualitet, estetisk appell og holistisk energi for de som s\u00f8ker balanse og opplysning. Disse trykte posesettene er laget med presisjon og omhu, og tilbyr et mangfoldig utvalg av helbredende steiner og spirituelle verkt\u00f8y som dekker et bredt spekter av behov og preferanser. [&hellip;]<\/p>\n","protected":false},"featured_media":334011,"comment_status":"closed","ping_status":"open","template":"","meta":{"_angie_page":false},"product_brand":[],"product_cat":[25539,8394,9163,25221,9158],"product_tag":[],"class_list":{"0":"post-209760","1":"product","2":"type-product","3":"status-publish","4":"has-post-thumbnail","6":"product_cat-agat","7":"product_cat-hjem-og-hage","8":"product_cat-inspirasjon","9":"product_cat-krystaller-edelsteiner","10":"product_cat-pendler-og-runesett","11":"pa_collection-esoteric-pouch-sets-no","12":"pa_made-in-india","14":"first","15":"instock","16":"purchasable","17":"product-type-simple"},"supplier_id":null,"supplier_sku":"EPS-06","barcode":null,"atum_controlled":true,"out_stock_date":null,"out_stock_threshold":null,"inheritable":false,"inbound_stock":null,"stock_on_hold":0,"sold_today":0,"sales_last_days":0,"reserved_stock":null,"customer_returns":null,"warehouse_damage":null,"lost_in_post":null,"other_logs":null,"out_stock_days":0,"lost_sales":0,"has_location":null,"update_date":"2026-04-27T07:02:07","atum_locations":[],"atum_stock_status":"instock","restock_status":false,"low_stock_amount":"","sales_update_date":"2026-01-30T01:25:54","calc_backorders":null,"_links":{"self":[{"href":"https:\/\/aromasentia.com\/no\/wp-json\/wp\/v2\/product\/209760","targetHints":{"allow":["GET"]}}],"collection":[{"href":"https:\/\/aromasentia.com\/no\/wp-json\/wp\/v2\/product"}],"about":[{"href":"https:\/\/aromasentia.com\/no\/wp-json\/wp\/v2\/types\/product"}],"replies":[{"embeddable":true,"href":"https:\/\/aromasentia.com\/no\/wp-json\/wp\/v2\/comments?post=209760"}],"version-history":[{"count":0,"href":"https:\/\/aromasentia.com\/no\/wp-json\/wp\/v2\/product\/209760\/revisions"}],"wp:featuredmedia":[{"embeddable":true,"href":"https:\/\/aromasentia.com\/no\/wp-json\/wp\/v2\/media\/334011"}],"wp:attachment":[{"href":"https:\/\/aromasentia.com\/no\/wp-json\/wp\/v2\/media?parent=209760"}],"wp:term":[{"taxonomy":"product_brand","embeddable":true,"href":"https:\/\/aromasentia.com\/no\/wp-json\/wp\/v2\/product_brand?post=209760"},{"taxonomy":"product_cat","embeddable":true,"href":"https:\/\/aromasentia.com\/no\/wp-json\/wp\/v2\/product_cat?post=209760"},{"taxonomy":"product_tag","embeddable":true,"href":"https:\/\/aromasentia.com\/no\/wp-json\/wp\/v2\/product_tag?post=209760"}],"curies":[{"name":"wp","href":"https:\/\/api.w.org\/{rel}","templated":true}]}}