{"id":209742,"date":"2025-03-22T13:29:41","date_gmt":"2025-03-22T13:29:41","guid":{"rendered":"https:\/\/aromasentia.com\/product\/cotton-pouch-for-gemstone-face-rollers-10oz-black-9x19xm\/"},"modified":"2025-05-31T06:34:01","modified_gmt":"2025-05-31T06:34:01","slug":"bomullspose-for-edelsteneruller-10-oz-svart-9x19xm","status":"publish","type":"product","link":"https:\/\/aromasentia.com\/no\/bomullspose-for-edelsteneruller-10-oz-svart-9x19xm\/","title":{"rendered":"Bomullspose For Edelsteneruller 10 Oz &#8211; Svart 9x19xm"},"content":{"rendered":"<p>Bomullsposer ser flotte ut med v\u00e5re Aroma Sentia-ping Gemstone Face Rollers. Dette er en uunnv\u00e6rlig gave.<\/p>\n<p>St\u00f8rrelse: 19 x 9 x 0,5 cm<\/p>\n","protected":false},"excerpt":{"rendered":"<p>Bomullsposer ser flotte ut med v\u00e5re Aroma Sentia-ping Gemstone Face Rollers. Dette er en uunnv\u00e6rlig gave. St\u00f8rrelse: 19 x 9 x 0,5 cm<\/p>\n","protected":false},"featured_media":336117,"comment_status":"closed","ping_status":"open","template":"","meta":{"_angie_page":false},"product_brand":[27073],"product_cat":[9413,9166,9155,9637],"product_tag":[],"class_list":{"0":"post-209742","1":"product","2":"type-product","3":"status-publish","4":"has-post-thumbnail","6":"product_brand-aw-cosmetics","7":"product_cat-bad-spa-og-personlig-pleie","8":"product_cat-dekorasjoner-med-edelstener","9":"product_cat-esoteriske-gaver","10":"product_cat-massasjeverktoy","11":"pa_collection-gemstone-face-roller-no","12":"pa_made-in-india","14":"first","15":"instock","16":"purchasable","17":"product-type-simple"},"supplier_id":null,"supplier_sku":"GemFR-Pouch","barcode":null,"atum_controlled":true,"out_stock_date":null,"out_stock_threshold":null,"inheritable":false,"inbound_stock":null,"stock_on_hold":0,"sold_today":0,"sales_last_days":0,"reserved_stock":null,"customer_returns":null,"warehouse_damage":null,"lost_in_post":null,"other_logs":null,"out_stock_days":0,"lost_sales":0,"has_location":null,"update_date":"2026-04-27T07:05:16","atum_locations":[],"atum_stock_status":"instock","restock_status":false,"low_stock_amount":"","sales_update_date":"2025-09-04T00:22:26","calc_backorders":null,"_links":{"self":[{"href":"https:\/\/aromasentia.com\/no\/wp-json\/wp\/v2\/product\/209742","targetHints":{"allow":["GET"]}}],"collection":[{"href":"https:\/\/aromasentia.com\/no\/wp-json\/wp\/v2\/product"}],"about":[{"href":"https:\/\/aromasentia.com\/no\/wp-json\/wp\/v2\/types\/product"}],"replies":[{"embeddable":true,"href":"https:\/\/aromasentia.com\/no\/wp-json\/wp\/v2\/comments?post=209742"}],"version-history":[{"count":0,"href":"https:\/\/aromasentia.com\/no\/wp-json\/wp\/v2\/product\/209742\/revisions"}],"wp:featuredmedia":[{"embeddable":true,"href":"https:\/\/aromasentia.com\/no\/wp-json\/wp\/v2\/media\/336117"}],"wp:attachment":[{"href":"https:\/\/aromasentia.com\/no\/wp-json\/wp\/v2\/media?parent=209742"}],"wp:term":[{"taxonomy":"product_brand","embeddable":true,"href":"https:\/\/aromasentia.com\/no\/wp-json\/wp\/v2\/product_brand?post=209742"},{"taxonomy":"product_cat","embeddable":true,"href":"https:\/\/aromasentia.com\/no\/wp-json\/wp\/v2\/product_cat?post=209742"},{"taxonomy":"product_tag","embeddable":true,"href":"https:\/\/aromasentia.com\/no\/wp-json\/wp\/v2\/product_tag?post=209742"}],"curies":[{"name":"wp","href":"https:\/\/api.w.org\/{rel}","templated":true}]}}