{"id":209723,"date":"2025-03-22T13:29:41","date_gmt":"2025-03-22T13:29:41","guid":{"rendered":"https:\/\/aromasentia.com\/product\/gemstone-face-roller-amethyst\/"},"modified":"2025-05-31T06:32:26","modified_gmt":"2025-05-31T06:32:26","slug":"face-roller-ametyst","status":"publish","type":"product","link":"https:\/\/aromasentia.com\/no\/face-roller-ametyst\/","title":{"rendered":"Face Roller &#8211; Ametyst"},"content":{"rendered":"<p><strong>Gemstone Face Roller &#8211; Amethyst<\/strong> er det perfekte tilskuddet til hudpleien din. Gemstone ansiktsruller kan v\u00e6re fantastiske verkt\u00f8y for \u00e5 lindre spenninger, \u00f8ke sirkulasjonen og minimere poser. Den dobbeltsidige rullen kan brukes til \u00e5 \u00f8ke mikrosirkulasjonen samtidig som den reduserer poser og bidrar til \u00e5 forbedre hudens elastisitet.<\/p>\n<p><strong>Bruksanvisning:<\/strong>Rull opp og ut mot kinnene fra haken, eller fra midten og utover p\u00e5 pannen. Du kan bruke den lille rullen til \u00f8ynene.<\/p>\n<p>Ametyst har v\u00e6rt h\u00f8yt ansett gjennom tidene for sin fantastiske skj\u00f8nnhet og legendariske evne til \u00e5 stimulere og berolige sinn og f\u00f8lelser.<\/p>\n","protected":false},"excerpt":{"rendered":"<p>Gemstone Face Roller &#8211; Amethyst er det perfekte tilskuddet til hudpleien din. Gemstone ansiktsruller kan v\u00e6re fantastiske verkt\u00f8y for \u00e5 lindre spenninger, \u00f8ke sirkulasjonen og minimere poser. Den dobbeltsidige rullen kan brukes til \u00e5 \u00f8ke mikrosirkulasjonen samtidig som den reduserer poser og bidrar til \u00e5 forbedre hudens elastisitet. Bruksanvisning:Rull opp og ut mot kinnene fra [&hellip;]<\/p>\n","protected":false},"featured_media":335826,"comment_status":"closed","ping_status":"open","template":"","meta":{"_angie_page":false},"product_brand":[27073],"product_cat":[25548,9413,9166,9155,25221,9637],"product_tag":[],"class_list":{"0":"post-209723","1":"product","2":"type-product","3":"status-publish","4":"has-post-thumbnail","6":"product_brand-aw-cosmetics","7":"product_cat-ametyst","8":"product_cat-bad-spa-og-personlig-pleie","9":"product_cat-dekorasjoner-med-edelstener","10":"product_cat-esoteriske-gaver","11":"product_cat-krystaller-edelsteiner","12":"product_cat-massasjeverktoy","13":"pa_collection-gemstone-face-roller-no","14":"pa_made-in-kina","16":"first","17":"instock","18":"purchasable","19":"product-type-simple"},"supplier_id":null,"supplier_sku":"GemFR-03","barcode":null,"atum_controlled":true,"out_stock_date":null,"out_stock_threshold":null,"inheritable":false,"inbound_stock":null,"stock_on_hold":0,"sold_today":0,"sales_last_days":0,"reserved_stock":null,"customer_returns":null,"warehouse_damage":null,"lost_in_post":null,"other_logs":null,"out_stock_days":120,"lost_sales":0,"has_location":null,"update_date":"2026-04-27T07:05:08","atum_locations":[],"atum_stock_status":"instock","restock_status":false,"low_stock_amount":"","sales_update_date":"2026-02-06T00:00:55","calc_backorders":null,"_links":{"self":[{"href":"https:\/\/aromasentia.com\/no\/wp-json\/wp\/v2\/product\/209723","targetHints":{"allow":["GET"]}}],"collection":[{"href":"https:\/\/aromasentia.com\/no\/wp-json\/wp\/v2\/product"}],"about":[{"href":"https:\/\/aromasentia.com\/no\/wp-json\/wp\/v2\/types\/product"}],"replies":[{"embeddable":true,"href":"https:\/\/aromasentia.com\/no\/wp-json\/wp\/v2\/comments?post=209723"}],"version-history":[{"count":0,"href":"https:\/\/aromasentia.com\/no\/wp-json\/wp\/v2\/product\/209723\/revisions"}],"wp:featuredmedia":[{"embeddable":true,"href":"https:\/\/aromasentia.com\/no\/wp-json\/wp\/v2\/media\/335826"}],"wp:attachment":[{"href":"https:\/\/aromasentia.com\/no\/wp-json\/wp\/v2\/media?parent=209723"}],"wp:term":[{"taxonomy":"product_brand","embeddable":true,"href":"https:\/\/aromasentia.com\/no\/wp-json\/wp\/v2\/product_brand?post=209723"},{"taxonomy":"product_cat","embeddable":true,"href":"https:\/\/aromasentia.com\/no\/wp-json\/wp\/v2\/product_cat?post=209723"},{"taxonomy":"product_tag","embeddable":true,"href":"https:\/\/aromasentia.com\/no\/wp-json\/wp\/v2\/product_tag?post=209723"}],"curies":[{"name":"wp","href":"https:\/\/api.w.org\/{rel}","templated":true}]}}