{"id":209721,"date":"2025-03-22T13:29:41","date_gmt":"2025-03-22T13:29:41","guid":{"rendered":"https:\/\/aromasentia.com\/product\/gemstone-face-roller-rose-quartz\/"},"modified":"2025-05-31T06:32:16","modified_gmt":"2025-05-31T06:32:16","slug":"face-roller-rosenkvarts","status":"publish","type":"product","link":"https:\/\/aromasentia.com\/no\/face-roller-rosenkvarts\/","title":{"rendered":"Face Roller &#8211; Rosenkvarts"},"content":{"rendered":"<p><strong>Edelstens ansiktsrulle \u2013 Rosenkvarts<\/strong> er det perfekte tilskuddet til hudpleien din. Edelstens ansiktsruller kan v\u00e6re fantastiske verkt\u00f8y for \u00e5 lindre spenninger, \u00f8ke sirkulasjonen og minimere poser. Den dobbeltsidige rullen kan brukes til \u00e5 \u00f8ke mikrosirkulasjonen samtidig som den reduserer poser og bidrar til \u00e5 forbedre hudens elastisitet.<\/p>\n<p><strong>Bruk:<\/strong> Rull opp og ut mot kinnene fra haken, eller fra midten og utover p\u00e5 pannen. Du kan bruke den lille rullen til \u00f8ynene.<\/p>\n<p>Den lyse og vakre rosenkvartsen, med sin milde rosa essens, er en hjertestein, en krystall av ubetinget kj\u00e6rlighet. Den b\u00e6rer en myk feminin energi av medf\u00f8lelse og fred, \u00f8mhet og helbredelse, n\u00e6ring og komfort.<\/p>\n","protected":false},"excerpt":{"rendered":"<p>Edelstens ansiktsrulle \u2013 Rosenkvarts er det perfekte tilskuddet til hudpleien din. Edelstens ansiktsruller kan v\u00e6re fantastiske verkt\u00f8y for \u00e5 lindre spenninger, \u00f8ke sirkulasjonen og minimere poser. Den dobbeltsidige rullen kan brukes til \u00e5 \u00f8ke mikrosirkulasjonen samtidig som den reduserer poser og bidrar til \u00e5 forbedre hudens elastisitet. Bruk: Rull opp og ut mot kinnene fra [&hellip;]<\/p>\n","protected":false},"featured_media":335744,"comment_status":"closed","ping_status":"open","template":"","meta":{"_angie_page":false},"product_brand":[27073],"product_cat":[9413,9166,9155,25221,25734,9637,25746],"product_tag":[],"class_list":{"0":"post-209721","1":"product","2":"type-product","3":"status-publish","4":"has-post-thumbnail","6":"product_brand-aw-cosmetics","7":"product_cat-bad-spa-og-personlig-pleie","8":"product_cat-dekorasjoner-med-edelstener","9":"product_cat-esoteriske-gaver","10":"product_cat-krystaller-edelsteiner","11":"product_cat-kvarts","12":"product_cat-massasjeverktoy","13":"product_cat-rosenkvarts","14":"pa_collection-gemstone-face-roller-no","15":"pa_made-in-kina","17":"first","18":"instock","19":"purchasable","20":"product-type-simple"},"supplier_id":null,"supplier_sku":"GemFR-01","barcode":null,"atum_controlled":true,"out_stock_date":null,"out_stock_threshold":null,"inheritable":false,"inbound_stock":null,"stock_on_hold":0,"sold_today":0,"sales_last_days":0,"reserved_stock":null,"customer_returns":null,"warehouse_damage":null,"lost_in_post":null,"other_logs":null,"out_stock_days":0,"lost_sales":0,"has_location":null,"update_date":"2026-04-27T07:05:08","atum_locations":[],"atum_stock_status":"instock","restock_status":false,"low_stock_amount":"","sales_update_date":"2025-09-04T00:22:13","calc_backorders":null,"_links":{"self":[{"href":"https:\/\/aromasentia.com\/no\/wp-json\/wp\/v2\/product\/209721","targetHints":{"allow":["GET"]}}],"collection":[{"href":"https:\/\/aromasentia.com\/no\/wp-json\/wp\/v2\/product"}],"about":[{"href":"https:\/\/aromasentia.com\/no\/wp-json\/wp\/v2\/types\/product"}],"replies":[{"embeddable":true,"href":"https:\/\/aromasentia.com\/no\/wp-json\/wp\/v2\/comments?post=209721"}],"version-history":[{"count":0,"href":"https:\/\/aromasentia.com\/no\/wp-json\/wp\/v2\/product\/209721\/revisions"}],"wp:featuredmedia":[{"embeddable":true,"href":"https:\/\/aromasentia.com\/no\/wp-json\/wp\/v2\/media\/335744"}],"wp:attachment":[{"href":"https:\/\/aromasentia.com\/no\/wp-json\/wp\/v2\/media?parent=209721"}],"wp:term":[{"taxonomy":"product_brand","embeddable":true,"href":"https:\/\/aromasentia.com\/no\/wp-json\/wp\/v2\/product_brand?post=209721"},{"taxonomy":"product_cat","embeddable":true,"href":"https:\/\/aromasentia.com\/no\/wp-json\/wp\/v2\/product_cat?post=209721"},{"taxonomy":"product_tag","embeddable":true,"href":"https:\/\/aromasentia.com\/no\/wp-json\/wp\/v2\/product_tag?post=209721"}],"curies":[{"name":"wp","href":"https:\/\/api.w.org\/{rel}","templated":true}]}}