{"id":209716,"date":"2025-03-22T13:29:41","date_gmt":"2025-03-22T13:29:41","guid":{"rendered":"https:\/\/aromasentia.com\/product\/gemstone-small-skull-opalite-40x30x28mm\/"},"modified":"2025-05-31T06:31:51","modified_gmt":"2025-05-31T06:31:51","slug":"hodeskalle-opalitt-40x30x28mm-liten","status":"publish","type":"product","link":"https:\/\/aromasentia.com\/no\/hodeskalle-opalitt-40x30x28mm-liten\/","title":{"rendered":"Hodeskalle &#8211; Opalitt &#8211; 40x30x28mm Liten"},"content":{"rendered":"<p>Slipp l\u00f8s den g\u00e5tefulle tiltrekningen til v\u00e5r Opalite Gemstone Small Skull for dine kresne kunder. Denne fengslende <strong>40x30x28mm<\/strong> hodeskallen er en perfekt blanding av symbolikk og \u00e5ndelig energi, noe som gj\u00f8r den til et enest\u00e5ende produkt for forhandlere som \u00f8nsker \u00e5 tilby unike og fengslende produkter.<\/p>\n<p> Sammensmeltingen av hodeskallens mystikk med den eteriske gl\u00f8den av opalitt skaper et produkt som gir gjenklang hos kunder som er interessert i alternativ healing og \u00e5ndelig praksis. Som et symbol p\u00e5 b\u00e5de d\u00f8delighet og introspeksjon inviterer <strong>hodeskallen til kontemplasjon<\/strong>, mens <strong>opalitten antas \u00e5 styrke intuisjon, f\u00f8lelsesmessig velv\u00e6re og mental klarhet<\/strong>.<\/p>\n<p>Kapitaliser p\u00e5 den voksende trenden med krystallinfunderte produkter ved \u00e5 tilby denne s\u00e6regne edelstenskallen. Den kompakte st\u00f8rrelsen og den elegante designen gj\u00f8r den til et allsidig m\u00f8bel som kan vises i ulike omgivelser. Tiltrekk kunder som \u00f8nsker \u00e5 l\u00f8fte innredningen i hjemmet, meditasjonsrom eller personlige samlinger med dette fengslende tilskuddet.<\/p>\n<p>\n","protected":false},"excerpt":{"rendered":"<p>Slipp l\u00f8s den g\u00e5tefulle tiltrekningen til v\u00e5r Opalite Gemstone Small Skull for dine kresne kunder. Denne fengslende 40x30x28mm hodeskallen er en perfekt blanding av symbolikk og \u00e5ndelig energi, noe som gj\u00f8r den til et enest\u00e5ende produkt for forhandlere som \u00f8nsker \u00e5 tilby unike og fengslende produkter. Sammensmeltingen av hodeskallens mystikk med den eteriske gl\u00f8den av [&hellip;]<\/p>\n","protected":false},"featured_media":335659,"comment_status":"closed","ping_status":"open","template":"","meta":{"_angie_page":false},"product_brand":[],"product_cat":[9166,9155,25221,25709],"product_tag":[],"class_list":{"0":"post-209716","1":"product","2":"type-product","3":"status-publish","4":"has-post-thumbnail","6":"product_cat-dekorasjoner-med-edelstener","7":"product_cat-esoteriske-gaver","8":"product_cat-krystaller-edelsteiner","9":"product_cat-opalitt","10":"pa_collection-gemstone-figures-no","11":"pa_made-in-kina","13":"first","14":"instock","15":"purchasable","16":"product-type-simple"},"supplier_id":null,"supplier_sku":"GemF-38A","barcode":null,"atum_controlled":true,"out_stock_date":null,"out_stock_threshold":null,"inheritable":false,"inbound_stock":null,"stock_on_hold":0,"sold_today":0,"sales_last_days":0,"reserved_stock":null,"customer_returns":null,"warehouse_damage":null,"lost_in_post":null,"other_logs":null,"out_stock_days":0,"lost_sales":0,"has_location":null,"update_date":"2026-04-27T07:04:45","atum_locations":[],"atum_stock_status":"instock","restock_status":false,"low_stock_amount":"","sales_update_date":"2026-01-30T01:26:03","calc_backorders":null,"_links":{"self":[{"href":"https:\/\/aromasentia.com\/no\/wp-json\/wp\/v2\/product\/209716","targetHints":{"allow":["GET"]}}],"collection":[{"href":"https:\/\/aromasentia.com\/no\/wp-json\/wp\/v2\/product"}],"about":[{"href":"https:\/\/aromasentia.com\/no\/wp-json\/wp\/v2\/types\/product"}],"replies":[{"embeddable":true,"href":"https:\/\/aromasentia.com\/no\/wp-json\/wp\/v2\/comments?post=209716"}],"version-history":[{"count":0,"href":"https:\/\/aromasentia.com\/no\/wp-json\/wp\/v2\/product\/209716\/revisions"}],"wp:featuredmedia":[{"embeddable":true,"href":"https:\/\/aromasentia.com\/no\/wp-json\/wp\/v2\/media\/335659"}],"wp:attachment":[{"href":"https:\/\/aromasentia.com\/no\/wp-json\/wp\/v2\/media?parent=209716"}],"wp:term":[{"taxonomy":"product_brand","embeddable":true,"href":"https:\/\/aromasentia.com\/no\/wp-json\/wp\/v2\/product_brand?post=209716"},{"taxonomy":"product_cat","embeddable":true,"href":"https:\/\/aromasentia.com\/no\/wp-json\/wp\/v2\/product_cat?post=209716"},{"taxonomy":"product_tag","embeddable":true,"href":"https:\/\/aromasentia.com\/no\/wp-json\/wp\/v2\/product_tag?post=209716"}],"curies":[{"name":"wp","href":"https:\/\/api.w.org\/{rel}","templated":true}]}}