{"id":209694,"date":"2025-03-22T13:29:50","date_gmt":"2025-03-22T13:29:50","guid":{"rendered":"https:\/\/aromasentia.com\/product\/hanging-chakra-stone-pendant-evil-eye\/"},"modified":"2025-05-31T06:29:41","modified_gmt":"2025-05-31T06:29:41","slug":"hengende-chakra-stone-anheng-det-onde-oyet","status":"publish","type":"product","link":"https:\/\/aromasentia.com\/no\/hengende-chakra-stone-anheng-det-onde-oyet\/","title":{"rendered":"Hengende Chakra Stone Anheng &#8211; Det Onde \u00d8yet"},"content":{"rendered":"<p><span style=\"color: rgb(75, 80, 88);\"><strong>Introduser kundene dine for en trendy, men likevel dypt spirituell produktlinje med hengende chakra-steinanheng. <\/strong><\/span><\/p>\n<p><span style=\"color: rgb(75, 80, 88);\">Disse elegante, minimalistiske smykkene antas \u00e5 inneholde kraftige betydninger og energier som resonnerer med esoteriske praksiser.<\/span><\/p>\n<p><span style=\"color: rgb(75, 80, 88);\"><strong>Hvert anheng har 7 forskjellige edelstener:<\/strong> Ametyst, Sodalitt, Gr\u00f8nn Aventurin, Gul Aventurin, Karneol, Bergkvarts og R\u00f8d Jaspis \u2013 kjent for sine helbredende og balanserende egenskaper.<\/span><\/p>\n<p><span style=\"color: rgb(75, 80, 88);\"><strong>Hengende Chakra-steinanheng \u2013 Ondt \u00d8ye<\/strong> \u2013 Det ikoniske onde \u00f8yet er et symbol p\u00e5 beskyttelse, og antas \u00e5 avverge negative energier og bringe lykke.<\/span><\/p>\n<p><span style=\"color: rgb(75, 80, 88);\">Dette anhenget har syv chakra-steiner, noe som gj\u00f8r Det er en kraftig kombinasjon for balanse og beskyttelse mot skade.<\/span><\/p>\n<p><span style=\"color: rgb(75, 80, 88);\"><strong>Kan vises hvor som helst, fra hjem til arbeidsplasser, og gir positive vibber samtidig som den komplementerer enhver innredning.<\/strong><\/span><\/p>\n<p><span style=\"color: rgb(75, 80, 88);\"><strong>M\u00e5l:<\/strong><\/span><\/p>\n<p><span style=\"color: rgb(75, 80, 88);\"><strong>34&#215;3,5cm<\/strong><\/span><\/p>\n","protected":false},"excerpt":{"rendered":"<p>Introduser kundene dine for en trendy, men likevel dypt spirituell produktlinje med hengende chakra-steinanheng. Disse elegante, minimalistiske smykkene antas \u00e5 inneholde kraftige betydninger og energier som resonnerer med esoteriske praksiser. Hvert anheng har 7 forskjellige edelstener: Ametyst, Sodalitt, Gr\u00f8nn Aventurin, Gul Aventurin, Karneol, Bergkvarts og R\u00f8d Jaspis \u2013 kjent for sine helbredende og balanserende egenskaper. [&hellip;]<\/p>\n","protected":false},"featured_media":337531,"comment_status":"closed","ping_status":"open","template":"","meta":{"_angie_page":false},"product_brand":[],"product_cat":[9166,9155,25214],"product_tag":[],"class_list":{"0":"post-209694","1":"product","2":"type-product","3":"status-publish","4":"has-post-thumbnail","6":"product_cat-dekorasjoner-med-edelstener","7":"product_cat-esoteriske-gaver","8":"product_cat-halskjeder-og-anheng","9":"pa_collection-hanging-chakra-stone-pendants-no","10":"pa_made-in-india","12":"first","13":"instock","14":"purchasable","15":"product-type-simple"},"supplier_id":null,"supplier_sku":"HCSP-01","barcode":null,"atum_controlled":true,"out_stock_date":null,"out_stock_threshold":null,"inheritable":false,"inbound_stock":null,"stock_on_hold":0,"sold_today":0,"sales_last_days":0,"reserved_stock":null,"customer_returns":null,"warehouse_damage":null,"lost_in_post":null,"other_logs":null,"out_stock_days":0,"lost_sales":0,"has_location":null,"update_date":"2026-05-08T05:10:48","atum_locations":[],"atum_stock_status":"instock","restock_status":false,"low_stock_amount":"","sales_update_date":"2025-09-05T00:24:20","calc_backorders":null,"_links":{"self":[{"href":"https:\/\/aromasentia.com\/no\/wp-json\/wp\/v2\/product\/209694","targetHints":{"allow":["GET"]}}],"collection":[{"href":"https:\/\/aromasentia.com\/no\/wp-json\/wp\/v2\/product"}],"about":[{"href":"https:\/\/aromasentia.com\/no\/wp-json\/wp\/v2\/types\/product"}],"replies":[{"embeddable":true,"href":"https:\/\/aromasentia.com\/no\/wp-json\/wp\/v2\/comments?post=209694"}],"version-history":[{"count":0,"href":"https:\/\/aromasentia.com\/no\/wp-json\/wp\/v2\/product\/209694\/revisions"}],"wp:featuredmedia":[{"embeddable":true,"href":"https:\/\/aromasentia.com\/no\/wp-json\/wp\/v2\/media\/337531"}],"wp:attachment":[{"href":"https:\/\/aromasentia.com\/no\/wp-json\/wp\/v2\/media?parent=209694"}],"wp:term":[{"taxonomy":"product_brand","embeddable":true,"href":"https:\/\/aromasentia.com\/no\/wp-json\/wp\/v2\/product_brand?post=209694"},{"taxonomy":"product_cat","embeddable":true,"href":"https:\/\/aromasentia.com\/no\/wp-json\/wp\/v2\/product_cat?post=209694"},{"taxonomy":"product_tag","embeddable":true,"href":"https:\/\/aromasentia.com\/no\/wp-json\/wp\/v2\/product_tag?post=209694"}],"curies":[{"name":"wp","href":"https:\/\/api.w.org\/{rel}","templated":true}]}}