{"id":209693,"date":"2025-03-22T13:29:50","date_gmt":"2025-03-22T13:29:50","guid":{"rendered":"https:\/\/aromasentia.com\/product\/108-bead-mala-lapis\/"},"modified":"2025-05-31T06:29:39","modified_gmt":"2025-05-31T06:29:39","slug":"mala-med-108-perler-lapis","status":"publish","type":"product","link":"https:\/\/aromasentia.com\/no\/mala-med-108-perler-lapis\/","title":{"rendered":"Mala med 108 Perler &#8211; Lapis"},"content":{"rendered":"<p><span style=\"color: rgb(75, 80, 88);\"><strong>Vi introduserer Perle-Malaen &#8211; Lapis,<\/strong> et fengslende og \u00e5ndelig ladet smykke designet for \u00e5 forsterke din intuisjon og indre visdom.<\/span><\/p>\n<p><span style=\"color: rgb(75, 80, 88);\">Denne malaen er h\u00e5ndlaget med <strong>108 perler av naturlig Lapis Lazuli, en edelsten kjent for sin dypbl\u00e5 fargetone og feiret for sin bemerkelsesverdige evne til \u00e5 fremme klarhet, intuisjon og \u00e5ndelig innsikt.<\/strong><\/span><\/p>\n<p><span style=\"color: rgb(75, 80, 88);\">Denne malaen er gjennomsyret av tradisjon og fungerer som et viktig verkt\u00f8y i \u00e5ndelige praksiser som meditasjon og sang, der Lapisperlene antas \u00e5 tenne indre visdom, heve intuisjonen og stimulere det tredje \u00f8ye-chakraet. Dessuten forvandles den uanstrengt til et stilig tilbeh\u00f8r, og introduserer et element av eleganse og raffinement til enhver&#8230; ensemble.<\/span><\/p>\n<p><span style=\"color: rgb(75, 80, 88);\">Perle-Malaen &#8211; Lapis er den <strong>perfekte gaven til de som \u00f8nsker \u00e5 berike sin \u00e5ndelige reise, forbedre sin intuisjon og utdype sin indre visdom.<\/strong><\/span><\/p>\n<p><span style=\"color: rgb(75, 80, 88);\">Omfavn dette bemerkelsesverdige smykket og fordyp deg i den transformative energien til Lapis Lazuli. Med sin dype og fortryllende skj\u00f8nnhet, s\u00e5 vel som sine unike egenskaper, er denne malaen forutbestemt til \u00e5 bli en integrert del av dine daglige ritualer.<\/span><\/p>\n<p><span style=\"color: rgb(75, 80, 88);\"><strong>Merk:<\/strong><em>P\u00e5 grunn av edelstenens natur kan st\u00f8rrelsen og lengden p\u00e5 hver mala-perle variere. St\u00f8rrelsen p\u00e5 perlene er omtrent 0,6 cm til 0,8 cm og lengden er omtrent 60 cm til 80 cm.<\/em><\/span><\/p>\n","protected":false},"excerpt":{"rendered":"<p>Vi introduserer Perle-Malaen &#8211; Lapis, et fengslende og \u00e5ndelig ladet smykke designet for \u00e5 forsterke din intuisjon og indre visdom. Denne malaen er h\u00e5ndlaget med 108 perler av naturlig Lapis Lazuli, en edelsten kjent for sin dypbl\u00e5 fargetone og feiret for sin bemerkelsesverdige evne til \u00e5 fremme klarhet, intuisjon og \u00e5ndelig innsikt. Denne malaen er [&hellip;]<\/p>\n","protected":false},"featured_media":337482,"comment_status":"closed","ping_status":"open","template":"","meta":{"_angie_page":false},"product_brand":[],"product_cat":[9166,9155,25221,25661],"product_tag":[],"class_list":{"0":"post-209693","1":"product","2":"type-product","3":"status-publish","4":"has-post-thumbnail","6":"product_cat-dekorasjoner-med-edelstener","7":"product_cat-esoteriske-gaver","8":"product_cat-krystaller-edelsteiner","9":"product_cat-lapis-lazuli","10":"pa_collection-gemstone-mala-beads-no","11":"pa_made-in-india","13":"first","14":"instock","15":"purchasable","16":"product-type-simple"},"supplier_id":null,"supplier_sku":"GMala-13a","barcode":null,"atum_controlled":true,"out_stock_date":null,"out_stock_threshold":null,"inheritable":false,"inbound_stock":null,"stock_on_hold":0,"sold_today":0,"sales_last_days":0,"reserved_stock":null,"customer_returns":null,"warehouse_damage":null,"lost_in_post":null,"other_logs":null,"out_stock_days":0,"lost_sales":0,"has_location":null,"update_date":"2026-05-08T05:09:40","atum_locations":[],"atum_stock_status":"instock","restock_status":false,"low_stock_amount":"","sales_update_date":"2025-09-05T00:24:20","calc_backorders":null,"_links":{"self":[{"href":"https:\/\/aromasentia.com\/no\/wp-json\/wp\/v2\/product\/209693","targetHints":{"allow":["GET"]}}],"collection":[{"href":"https:\/\/aromasentia.com\/no\/wp-json\/wp\/v2\/product"}],"about":[{"href":"https:\/\/aromasentia.com\/no\/wp-json\/wp\/v2\/types\/product"}],"replies":[{"embeddable":true,"href":"https:\/\/aromasentia.com\/no\/wp-json\/wp\/v2\/comments?post=209693"}],"version-history":[{"count":0,"href":"https:\/\/aromasentia.com\/no\/wp-json\/wp\/v2\/product\/209693\/revisions"}],"wp:featuredmedia":[{"embeddable":true,"href":"https:\/\/aromasentia.com\/no\/wp-json\/wp\/v2\/media\/337482"}],"wp:attachment":[{"href":"https:\/\/aromasentia.com\/no\/wp-json\/wp\/v2\/media?parent=209693"}],"wp:term":[{"taxonomy":"product_brand","embeddable":true,"href":"https:\/\/aromasentia.com\/no\/wp-json\/wp\/v2\/product_brand?post=209693"},{"taxonomy":"product_cat","embeddable":true,"href":"https:\/\/aromasentia.com\/no\/wp-json\/wp\/v2\/product_cat?post=209693"},{"taxonomy":"product_tag","embeddable":true,"href":"https:\/\/aromasentia.com\/no\/wp-json\/wp\/v2\/product_tag?post=209693"}],"curies":[{"name":"wp","href":"https:\/\/api.w.org\/{rel}","templated":true}]}}