{"id":209690,"date":"2025-03-22T13:29:50","date_gmt":"2025-03-22T13:29:50","guid":{"rendered":"https:\/\/aromasentia.com\/product\/108-bead-mala-white-quartz\/"},"modified":"2025-05-31T06:29:29","modified_gmt":"2025-05-31T06:29:29","slug":"mala-med-108-perler-hvit-kvarts","status":"publish","type":"product","link":"https:\/\/aromasentia.com\/no\/mala-med-108-perler-hvit-kvarts\/","title":{"rendered":"Mala med 108 Perler &#8211; Hvit Kvarts"},"content":{"rendered":"<p><span style=\"color: rgb(75, 80, 88);\"><strong>Vi introduserer Perle-Malaen &#8211; Hvit Kvarts<\/strong>, et uts\u00f8kt og rolig smykke designet for \u00e5 l\u00f8fte din spirituelle reise og fremme et klart og fokusert sinn.<\/span><\/p>\n<p><span style=\"color: rgb(75, 80, 88);\">Denne malaen er laget med <strong>108 perler av naturlig hvit kvarts, en edelsten kjent for sine klare og gjennomskinnelige egenskaper, kjent for sin evne til \u00e5 forbedre klarhet i tanker, forsterke energi og rense sinn og kropp<\/strong>.<\/span><\/p>\n<p><span style=\"color: rgb(75, 80, 88);\">Med r\u00f8tter i tradisjonen, fungerer denne malaen som et viktig verkt\u00f8y i spirituelle praksiser som meditasjon og sang, med hvite kvartsperler som antas \u00e5 v\u00e6re katalysatorer for \u00f8kt intuisjon, spirituell vekst og chakrabalansering. Dessuten fungerer den s\u00f8ml\u00f8st som et elegant tilbeh\u00f8r, og tilf\u00f8rer et element av eleganse og enkelhet til enhver &#8230; ensemble.<\/span><\/p>\n<p><span style=\"color: rgb(75, 80, 88);\">Perle-Malaen &#8211; <strong>Hvit kvarts er en omtenksom gave til de som \u00f8nsker \u00e5 berike sin spirituelle praksis eller fremme mental klarhet og konsentrasjon.<\/strong><\/span><\/p>\n<p><span style=\"color: rgb(75, 80, 88);\">Omfavn dette uts\u00f8kte smykket og fordyp deg i den transformative energien til hvit kvarts. Med sin klare og str\u00e5lende skj\u00f8nnhet, s\u00e5 vel som sine unike egenskaper, er denne malaen forutbestemt til \u00e5 bli en integrert del av dine daglige ritualer.<\/span><\/p>\n<p><span style=\"color: rgb(75, 80, 88);\"><strong>Merk:<\/strong><em>P\u00e5 grunn av edelstenens natur kan st\u00f8rrelsen og lengden p\u00e5 hver mala-perle variere. St\u00f8rrelsen p\u00e5 perlene er omtrent 0,6 cm til 0,8 cm og lengden er omtrent 60 cm til 80 cm.<\/em><\/span><\/p>\n","protected":false},"excerpt":{"rendered":"<p>Vi introduserer Perle-Malaen &#8211; Hvit Kvarts, et uts\u00f8kt og rolig smykke designet for \u00e5 l\u00f8fte din spirituelle reise og fremme et klart og fokusert sinn. Denne malaen er laget med 108 perler av naturlig hvit kvarts, en edelsten kjent for sine klare og gjennomskinnelige egenskaper, kjent for sin evne til \u00e5 forbedre klarhet i tanker, [&hellip;]<\/p>\n","protected":false},"featured_media":337367,"comment_status":"closed","ping_status":"open","template":"","meta":{"_angie_page":false},"product_brand":[],"product_cat":[9166,9155,25221,25734],"product_tag":[],"class_list":{"0":"post-209690","1":"product","2":"type-product","3":"status-publish","4":"has-post-thumbnail","6":"product_cat-dekorasjoner-med-edelstener","7":"product_cat-esoteriske-gaver","8":"product_cat-krystaller-edelsteiner","9":"product_cat-kvarts","10":"pa_collection-gemstone-mala-beads-no","11":"pa_made-in-india","13":"first","14":"instock","15":"purchasable","16":"product-type-simple"},"supplier_id":null,"supplier_sku":"GMala-09","barcode":null,"atum_controlled":true,"out_stock_date":null,"out_stock_threshold":null,"inheritable":false,"inbound_stock":null,"stock_on_hold":0,"sold_today":0,"sales_last_days":0,"reserved_stock":null,"customer_returns":null,"warehouse_damage":null,"lost_in_post":null,"other_logs":null,"out_stock_days":0,"lost_sales":0,"has_location":null,"update_date":"2026-05-11T01:55:51","atum_locations":[],"atum_stock_status":"instock","restock_status":false,"low_stock_amount":"","sales_update_date":"2026-01-30T01:26:16","calc_backorders":null,"_links":{"self":[{"href":"https:\/\/aromasentia.com\/no\/wp-json\/wp\/v2\/product\/209690","targetHints":{"allow":["GET"]}}],"collection":[{"href":"https:\/\/aromasentia.com\/no\/wp-json\/wp\/v2\/product"}],"about":[{"href":"https:\/\/aromasentia.com\/no\/wp-json\/wp\/v2\/types\/product"}],"replies":[{"embeddable":true,"href":"https:\/\/aromasentia.com\/no\/wp-json\/wp\/v2\/comments?post=209690"}],"version-history":[{"count":0,"href":"https:\/\/aromasentia.com\/no\/wp-json\/wp\/v2\/product\/209690\/revisions"}],"wp:featuredmedia":[{"embeddable":true,"href":"https:\/\/aromasentia.com\/no\/wp-json\/wp\/v2\/media\/337367"}],"wp:attachment":[{"href":"https:\/\/aromasentia.com\/no\/wp-json\/wp\/v2\/media?parent=209690"}],"wp:term":[{"taxonomy":"product_brand","embeddable":true,"href":"https:\/\/aromasentia.com\/no\/wp-json\/wp\/v2\/product_brand?post=209690"},{"taxonomy":"product_cat","embeddable":true,"href":"https:\/\/aromasentia.com\/no\/wp-json\/wp\/v2\/product_cat?post=209690"},{"taxonomy":"product_tag","embeddable":true,"href":"https:\/\/aromasentia.com\/no\/wp-json\/wp\/v2\/product_tag?post=209690"}],"curies":[{"name":"wp","href":"https:\/\/api.w.org\/{rel}","templated":true}]}}