{"id":209688,"date":"2025-03-22T13:29:50","date_gmt":"2025-03-22T13:29:50","guid":{"rendered":"https:\/\/aromasentia.com\/product\/108-bead-mala-green-aventurine\/"},"modified":"2025-05-31T06:29:23","modified_gmt":"2025-05-31T06:29:23","slug":"108-mala-perler-gronn-aventurin","status":"publish","type":"product","link":"https:\/\/aromasentia.com\/no\/108-mala-perler-gronn-aventurin\/","title":{"rendered":"108 Mala-Perler &#8211; Gr\u00f8nn Aventurin"},"content":{"rendered":"<p><strong><span style=\"color: rgb(75, 80, 88);\">Vi introduserer Perle-Malaen &#8211; Gr\u00f8nn Aventurin<\/span><\/strong><span style=\"color: rgb(75, 80, 88);\">, et fengslende og forfriskende smykke designet for \u00e5 l\u00f8fte din \u00e5nd og berike din \u00e5ndelige reise.<\/span><\/p>\n<p><span style=\"color: rgb(75, 80, 88);\">Denne malaen er n\u00f8ye h\u00e5ndlaget med <strong>108 perler av naturlig Gr\u00f8nn Aventurin, en edelsten utsmykket med sin livlige gr\u00f8nne fargetone og feiret for sin bemerkelsesverdige evne til \u00e5 tiltrekke seg overflod, fremme vekst og vitalitet, og gi n\u00e6ring til emosjonell likevekt og velv\u00e6re.<\/strong><\/span><\/p>\n<p><span style=\"color: rgb(75, 80, 88);\">Denne malaen er gjennomsyret av tradisjon og fungerer som et viktig verkt\u00f8y i \u00e5ndelige praksiser som meditasjon og sang, der de gr\u00f8nne Aventurin-perlene antas \u00e5 v\u00e6re katalysatorer for indre styrke, emosjonell stabilitet og fysisk helbredelse. Dessuten fungerer den s\u00f8ml\u00f8st som et stilig tilbeh\u00f8r, og gir et snev av naturlig skj\u00f8nnhet til ethvert antrekk.<\/span><\/p>\n<p><span style=\"color: rgb(75, 80, 88);\">Perle-Malaen &#8211; Gr\u00f8nn Aventurin er en <strong>ideell gave til de som \u00f8nsker \u00e5 l\u00f8fte sin \u00e5ndelige reise, invitere til overflod eller dyrke emosjonell balanse og velv\u00e6re i livet.<\/strong><\/span><\/p>\n<p><span style=\"color: rgb(75, 80, 88);\">Omfavn dette uts\u00f8kte smykket og fordyp deg i de energigivende og oppl\u00f8ftende egenskapene til Gr\u00f8nn Aventurin. Med sin livlige og naturlige skj\u00f8nnhet, s\u00e5 vel som sine unike egenskaper, er denne malaen forutbestemt til \u00e5 bli en integrert del av dine daglige ritualer.<\/span><\/p>\n<p><span style=\"color: rgb(75, 80, 88);\"><strong>Merk:<\/strong> <\/span><em><span style=\"color: rgb(75, 80, 88);\">P\u00e5 grunn av edelstenens natur kan st\u00f8rrelsen og lengden p\u00e5 hver mala-perle variere. St\u00f8rrelsen p\u00e5 perlene er omtrent 0,6 cm til 0,8 cm, og lengden er omtrent 60 cm til 80 cm.<\/span><\/em><\/p>\n","protected":false},"excerpt":{"rendered":"<p>Vi introduserer Perle-Malaen &#8211; Gr\u00f8nn Aventurin, et fengslende og forfriskende smykke designet for \u00e5 l\u00f8fte din \u00e5nd og berike din \u00e5ndelige reise. Denne malaen er n\u00f8ye h\u00e5ndlaget med 108 perler av naturlig Gr\u00f8nn Aventurin, en edelsten utsmykket med sin livlige gr\u00f8nne fargetone og feiret for sin bemerkelsesverdige evne til \u00e5 tiltrekke seg overflod, fremme vekst [&hellip;]<\/p>\n","protected":false},"featured_media":337285,"comment_status":"closed","ping_status":"open","template":"","meta":{"_angie_page":false},"product_brand":[],"product_cat":[25562,9166,9155,25221],"product_tag":[],"class_list":{"0":"post-209688","1":"product","2":"type-product","3":"status-publish","4":"has-post-thumbnail","6":"product_cat-aventurin","7":"product_cat-dekorasjoner-med-edelstener","8":"product_cat-esoteriske-gaver","9":"product_cat-krystaller-edelsteiner","10":"pa_collection-gemstone-mala-beads-no","11":"pa_made-in-india","13":"first","14":"instock","15":"purchasable","16":"product-type-simple"},"supplier_id":null,"supplier_sku":"GMala-07","barcode":null,"atum_controlled":true,"out_stock_date":null,"out_stock_threshold":null,"inheritable":false,"inbound_stock":null,"stock_on_hold":0,"sold_today":0,"sales_last_days":0,"reserved_stock":null,"customer_returns":null,"warehouse_damage":null,"lost_in_post":null,"other_logs":null,"out_stock_days":0,"lost_sales":0,"has_location":null,"update_date":"2026-05-08T05:09:40","atum_locations":[],"atum_stock_status":"instock","restock_status":false,"low_stock_amount":"","sales_update_date":"2026-02-06T00:02:18","calc_backorders":null,"_links":{"self":[{"href":"https:\/\/aromasentia.com\/no\/wp-json\/wp\/v2\/product\/209688","targetHints":{"allow":["GET"]}}],"collection":[{"href":"https:\/\/aromasentia.com\/no\/wp-json\/wp\/v2\/product"}],"about":[{"href":"https:\/\/aromasentia.com\/no\/wp-json\/wp\/v2\/types\/product"}],"replies":[{"embeddable":true,"href":"https:\/\/aromasentia.com\/no\/wp-json\/wp\/v2\/comments?post=209688"}],"version-history":[{"count":0,"href":"https:\/\/aromasentia.com\/no\/wp-json\/wp\/v2\/product\/209688\/revisions"}],"wp:featuredmedia":[{"embeddable":true,"href":"https:\/\/aromasentia.com\/no\/wp-json\/wp\/v2\/media\/337285"}],"wp:attachment":[{"href":"https:\/\/aromasentia.com\/no\/wp-json\/wp\/v2\/media?parent=209688"}],"wp:term":[{"taxonomy":"product_brand","embeddable":true,"href":"https:\/\/aromasentia.com\/no\/wp-json\/wp\/v2\/product_brand?post=209688"},{"taxonomy":"product_cat","embeddable":true,"href":"https:\/\/aromasentia.com\/no\/wp-json\/wp\/v2\/product_cat?post=209688"},{"taxonomy":"product_tag","embeddable":true,"href":"https:\/\/aromasentia.com\/no\/wp-json\/wp\/v2\/product_tag?post=209688"}],"curies":[{"name":"wp","href":"https:\/\/api.w.org\/{rel}","templated":true}]}}