{"id":209687,"date":"2025-03-22T13:29:50","date_gmt":"2025-03-22T13:29:50","guid":{"rendered":"https:\/\/aromasentia.com\/product\/108-bead-mala-rock-crystal\/"},"modified":"2025-05-31T06:29:19","modified_gmt":"2025-05-31T06:29:19","slug":"mala-med-108-perler-bergkrystall","status":"publish","type":"product","link":"https:\/\/aromasentia.com\/no\/mala-med-108-perler-bergkrystall\/","title":{"rendered":"Mala med 108 Perler &#8211; Bergkrystall"},"content":{"rendered":"<p><span style=\"color: rgb(75, 80, 88);\"><strong>Vi introduserer Perle-Malaen &#8211; Bergkrystall<\/strong>, et fengslende og allsidig smykke som lover \u00e5 l\u00f8fte din spirituelle reise og hverdagsliv.<\/span><\/p>\n<p><span style=\"color: rgb(75, 80, 88);\">Denne malaen er laget med <strong>108 perler av naturlig bergkrystall<\/strong>, en edelsten som er verdsatt for sine klare og gjennomskinnelige egenskaper, <strong>kjent for sin evne til \u00e5 forsterke energi, fremme klarhet i tanker og innpode en f\u00f8lelse av balanse og harmoni i kropp og sinn.<\/strong><\/span><\/p>\n<p><span style=\"color: rgb(75, 80, 88);\">Dypt forankret i tradisjonen, finner denne malaen sitt form\u00e5l i spirituelle praksiser som meditasjon og sang, med <strong>bergkrystallperlene som antas \u00e5 styrke intuisjonen, gi n\u00e6ring til spirituell vekst og harmonisere chakraene.<\/strong> I tillegg fungerer denne malaen uanstrengt som et elegant tilbeh\u00f8r, og legger til et element av eleganse og enkelhet til ethvert antrekk.<\/span><\/p>\n<p><span style=\"color: rgb(75, 80, 88);\">Perle-Malaen &#8211; Bergkrystall er den perfekte gaven til de som \u00f8nsker \u00e5 forbedre sin spirituelle reise eller tilf\u00f8re mer likevekt og harmoni til sin daglige tilv\u00e6relse.<\/span><\/p>\n<p><span style=\"color: rgb(75, 80, 88);\">Omfavn dette uts\u00f8kte smykket og fordyp deg i den transformative energien til bergkrystall. Med sin str\u00e5lende klarhet og s\u00e6regne egenskaper er denne malaen forutbestemt til \u00e5 bli en verdsatt del av dine daglige ritualer.<\/span><\/p>\n<p><span style=\"color: rgb(75, 80, 88);\"><strong>Merk:<\/strong> <em>P\u00e5 grunn av edelstenens natur kan st\u00f8rrelsen og lengden p\u00e5 hver mala-perle variere. St\u00f8rrelsen p\u00e5 perlene er omtrent 0,6 cm til 0,8 cm og lengden er omtrent 60 cm til 80 cm.<\/em><\/span><\/p>\n","protected":false},"excerpt":{"rendered":"<p>Vi introduserer Perle-Malaen &#8211; Bergkrystall, et fengslende og allsidig smykke som lover \u00e5 l\u00f8fte din spirituelle reise og hverdagsliv. Denne malaen er laget med 108 perler av naturlig bergkrystall, en edelsten som er verdsatt for sine klare og gjennomskinnelige egenskaper, kjent for sin evne til \u00e5 forsterke energi, fremme klarhet i tanker og innpode en [&hellip;]<\/p>\n","protected":false},"featured_media":337252,"comment_status":"closed","ping_status":"open","template":"","meta":{"_angie_page":false},"product_brand":[],"product_cat":[25740,9166,9155,25221],"product_tag":[],"class_list":{"0":"post-209687","1":"product","2":"type-product","3":"status-publish","4":"has-post-thumbnail","6":"product_cat-bergkrystall","7":"product_cat-dekorasjoner-med-edelstener","8":"product_cat-esoteriske-gaver","9":"product_cat-krystaller-edelsteiner","10":"pa_collection-gemstone-mala-beads-no","11":"pa_made-in-india","13":"first","14":"instock","15":"purchasable","16":"product-type-simple"},"supplier_id":null,"supplier_sku":"GMala-06","barcode":null,"atum_controlled":true,"out_stock_date":null,"out_stock_threshold":null,"inheritable":false,"inbound_stock":null,"stock_on_hold":0,"sold_today":0,"sales_last_days":0,"reserved_stock":null,"customer_returns":null,"warehouse_damage":null,"lost_in_post":null,"other_logs":null,"out_stock_days":0,"lost_sales":0,"has_location":null,"update_date":"2026-04-27T07:05:41","atum_locations":[],"atum_stock_status":"instock","restock_status":false,"low_stock_amount":"","sales_update_date":"2026-01-30T01:24:36","calc_backorders":null,"_links":{"self":[{"href":"https:\/\/aromasentia.com\/no\/wp-json\/wp\/v2\/product\/209687","targetHints":{"allow":["GET"]}}],"collection":[{"href":"https:\/\/aromasentia.com\/no\/wp-json\/wp\/v2\/product"}],"about":[{"href":"https:\/\/aromasentia.com\/no\/wp-json\/wp\/v2\/types\/product"}],"replies":[{"embeddable":true,"href":"https:\/\/aromasentia.com\/no\/wp-json\/wp\/v2\/comments?post=209687"}],"version-history":[{"count":0,"href":"https:\/\/aromasentia.com\/no\/wp-json\/wp\/v2\/product\/209687\/revisions"}],"wp:featuredmedia":[{"embeddable":true,"href":"https:\/\/aromasentia.com\/no\/wp-json\/wp\/v2\/media\/337252"}],"wp:attachment":[{"href":"https:\/\/aromasentia.com\/no\/wp-json\/wp\/v2\/media?parent=209687"}],"wp:term":[{"taxonomy":"product_brand","embeddable":true,"href":"https:\/\/aromasentia.com\/no\/wp-json\/wp\/v2\/product_brand?post=209687"},{"taxonomy":"product_cat","embeddable":true,"href":"https:\/\/aromasentia.com\/no\/wp-json\/wp\/v2\/product_cat?post=209687"},{"taxonomy":"product_tag","embeddable":true,"href":"https:\/\/aromasentia.com\/no\/wp-json\/wp\/v2\/product_tag?post=209687"}],"curies":[{"name":"wp","href":"https:\/\/api.w.org\/{rel}","templated":true}]}}