{"id":209685,"date":"2025-03-22T13:29:50","date_gmt":"2025-03-22T13:29:50","guid":{"rendered":"https:\/\/aromasentia.com\/product\/108-bead-mala-rose-quartz\/"},"modified":"2025-05-31T06:29:03","modified_gmt":"2025-05-31T06:29:03","slug":"mala-med-108-perler-rosekvarts","status":"publish","type":"product","link":"https:\/\/aromasentia.com\/no\/mala-med-108-perler-rosekvarts\/","title":{"rendered":"Mala med 108 Perler &#8211; Rosekvarts"},"content":{"rendered":"<p><span style=\"color: rgb(75, 80, 88);\">Vi introduserer <strong>Perle-Mala &#8211; Rosenkvarts<\/strong>, et uts\u00f8kt og beroligende smykke som lover \u00e5 gi din daglige rutine en f\u00f8lelse av ro og kj\u00e6rlighet.<\/span><\/p>\n<p><span style=\"color: rgb(75, 80, 88);\">Denne malaen best\u00e5r av <strong>108 perler laget av naturlig rosenkvarts, en delikat rosa edelsten kjent for sin evne til \u00e5 \u00e5pne hjertechakraet, fremme egenkj\u00e6rlighet og medf\u00f8lelse, og tiltrekke seg kj\u00e6rlighet og positiv energi.<\/strong><\/span><\/p>\n<p><span style=\"color: rgb(75, 80, 88);\">Rosenkvartsperlene brukes tradisjonelt i spirituelle praksiser som meditasjon og sang, og antas \u00e5 hjelpe til med \u00e5 frigj\u00f8re emosjonelle s\u00e5r og oppmuntre til indre helbredelse. I tillegg kan denne malaen brukes som et moteriktig tilbeh\u00f8r, og tilf\u00f8rer et element av ynde og skj\u00f8nnhet til ethvert antrekk.<\/span><\/p>\n<p><span style=\"color: rgb(75, 80, 88);\">Perle-malaen &#8211; rosenkvarts er en <strong>omtenksom gave, ideell for personer som \u00f8nsker \u00e5 pleie st\u00f8rre kj\u00e6rlighet, medf\u00f8lelse og indre ro i livet sitt.<\/strong><\/span><\/p>\n<p><span style=\"color: rgb(75, 80, 88);\">Omfavn dette bemerkelsesverdige smykket og sol deg i den beroligende energien til rosenkvarts. Med sine milde fargetoner og unike egenskaper er denne malaen forutbestemt til \u00e5 bli en verdsatt del av din daglige rutine.<\/span><\/p>\n<p><span style=\"color: rgb(75, 80, 88);\"><strong>Merk:<\/strong> <em>P\u00e5 grunn av edelstenens natur kan st\u00f8rrelsen og lengden p\u00e5 hver mala-perle variere. St\u00f8rrelsen p\u00e5 perlene er omtrent 0,6 cm til 0,8 cm og lengden er omtrent 60 cm til 80 cm.<\/em><\/span><\/p>\n","protected":false},"excerpt":{"rendered":"<p>Vi introduserer Perle-Mala &#8211; Rosenkvarts, et uts\u00f8kt og beroligende smykke som lover \u00e5 gi din daglige rutine en f\u00f8lelse av ro og kj\u00e6rlighet. Denne malaen best\u00e5r av 108 perler laget av naturlig rosenkvarts, en delikat rosa edelsten kjent for sin evne til \u00e5 \u00e5pne hjertechakraet, fremme egenkj\u00e6rlighet og medf\u00f8lelse, og tiltrekke seg kj\u00e6rlighet og positiv [&hellip;]<\/p>\n","protected":false},"featured_media":337178,"comment_status":"closed","ping_status":"open","template":"","meta":{"_angie_page":false},"product_brand":[],"product_cat":[9166,9155,25221,25734,25746],"product_tag":[],"class_list":{"0":"post-209685","1":"product","2":"type-product","3":"status-publish","4":"has-post-thumbnail","6":"product_cat-dekorasjoner-med-edelstener","7":"product_cat-esoteriske-gaver","8":"product_cat-krystaller-edelsteiner","9":"product_cat-kvarts","10":"product_cat-rosenkvarts","11":"pa_collection-gemstone-mala-beads-no","12":"pa_made-in-india","14":"first","15":"instock","16":"purchasable","17":"product-type-simple"},"supplier_id":null,"supplier_sku":"GMala-03","barcode":null,"atum_controlled":true,"out_stock_date":null,"out_stock_threshold":null,"inheritable":false,"inbound_stock":null,"stock_on_hold":0,"sold_today":0,"sales_last_days":0,"reserved_stock":null,"customer_returns":null,"warehouse_damage":null,"lost_in_post":null,"other_logs":null,"out_stock_days":0,"lost_sales":0,"has_location":null,"update_date":"2026-05-08T05:09:40","atum_locations":[],"atum_stock_status":"instock","restock_status":false,"low_stock_amount":"","sales_update_date":"2025-09-05T00:24:16","calc_backorders":null,"_links":{"self":[{"href":"https:\/\/aromasentia.com\/no\/wp-json\/wp\/v2\/product\/209685","targetHints":{"allow":["GET"]}}],"collection":[{"href":"https:\/\/aromasentia.com\/no\/wp-json\/wp\/v2\/product"}],"about":[{"href":"https:\/\/aromasentia.com\/no\/wp-json\/wp\/v2\/types\/product"}],"replies":[{"embeddable":true,"href":"https:\/\/aromasentia.com\/no\/wp-json\/wp\/v2\/comments?post=209685"}],"version-history":[{"count":0,"href":"https:\/\/aromasentia.com\/no\/wp-json\/wp\/v2\/product\/209685\/revisions"}],"wp:featuredmedia":[{"embeddable":true,"href":"https:\/\/aromasentia.com\/no\/wp-json\/wp\/v2\/media\/337178"}],"wp:attachment":[{"href":"https:\/\/aromasentia.com\/no\/wp-json\/wp\/v2\/media?parent=209685"}],"wp:term":[{"taxonomy":"product_brand","embeddable":true,"href":"https:\/\/aromasentia.com\/no\/wp-json\/wp\/v2\/product_brand?post=209685"},{"taxonomy":"product_cat","embeddable":true,"href":"https:\/\/aromasentia.com\/no\/wp-json\/wp\/v2\/product_cat?post=209685"},{"taxonomy":"product_tag","embeddable":true,"href":"https:\/\/aromasentia.com\/no\/wp-json\/wp\/v2\/product_tag?post=209685"}],"curies":[{"name":"wp","href":"https:\/\/api.w.org\/{rel}","templated":true}]}}