{"id":209684,"date":"2025-03-22T13:29:50","date_gmt":"2025-03-22T13:29:50","guid":{"rendered":"https:\/\/aromasentia.com\/product\/108-bead-mala-carnelian\/"},"modified":"2025-05-31T06:28:59","modified_gmt":"2025-05-31T06:28:59","slug":"mala-med-108-perler-karneol","status":"publish","type":"product","link":"https:\/\/aromasentia.com\/no\/mala-med-108-perler-karneol\/","title":{"rendered":"Mala med 108 Perler &#8211; Karneol"},"content":{"rendered":"<p><span style=\"color: rgb(75, 80, 88);\">Vi introduserer <strong>Perle-Mala &#8211; Karneol<\/strong>, et fengslende og livlig smykke designet for \u00e5 gi din daglige rutine et utbrudd av farge og vitalitet.<\/span><\/p>\n<p><span style=\"color: rgb(75, 80, 88);\">Denne malaen er laget av <strong>108 naturlige karneolperler, kjent for sin brennende r\u00f8d-oransje fargetone og anerkjente egenskaper som tenner kreativitet, mot og lidenskap.<\/strong><\/span><\/p>\n<p><span style=\"color: rgb(75, 80, 88);\">Karneolperlene brukes tradisjonelt i spirituelle praksiser som meditasjon og sang, og antas \u00e5 aktivere de nedre chakraene, og gi kroppen en b\u00f8lge av energi og vitalitet. Dessuten kan denne malaen ogs\u00e5 brukes som et elegant tilbeh\u00f8r, og den kan uanstrengt legge til et fargeklatt til ethvert antrekk.<\/span><\/p>\n<p><span style=\"color: rgb(75, 80, 88);\">Perle-Malaen &#8211; Karneol er den <strong>perfekte gaven til de som \u00f8nsker \u00e5 fylle livet sitt med \u00f8kt kreativitet, lidenskap og energi.<\/strong><\/span><\/p>\n<p><span style=\"color: rgb(75, 80, 88);\">Omfavn dette uts\u00f8kte smykket og fordyp deg i den sterke energien til karneol. Med sine livlige fargetoner og s\u00e6regne egenskaper er denne malaen forutbestemt til \u00e5 bli et verdsatt tillegg til dine daglige ritualer.<\/span><\/p>\n<p><span style=\"color: rgb(75, 80, 88);\"><strong>Merk:<\/strong> P\u00e5 grunn av edelstenens natur kan st\u00f8rrelsen og lengden p\u00e5 hver mala-perle variere. <em>St\u00f8rrelsen p\u00e5 perlene er omtrent 0,6 cm til 0,8 cm og lengden er omtrent 60 cm til 80 cm.<\/em><\/span><\/p>\n","protected":false},"excerpt":{"rendered":"<p>Vi introduserer Perle-Mala &#8211; Karneol, et fengslende og livlig smykke designet for \u00e5 gi din daglige rutine et utbrudd av farge og vitalitet. Denne malaen er laget av 108 naturlige karneolperler, kjent for sin brennende r\u00f8d-oransje fargetone og anerkjente egenskaper som tenner kreativitet, mot og lidenskap. Karneolperlene brukes tradisjonelt i spirituelle praksiser som meditasjon og [&hellip;]<\/p>\n","protected":false},"featured_media":337145,"comment_status":"closed","ping_status":"open","template":"","meta":[],"product_brand":[],"product_cat":[9166,9155,25582,25221],"product_tag":[],"class_list":{"0":"post-209684","1":"product","2":"type-product","3":"status-publish","4":"has-post-thumbnail","6":"product_cat-dekorasjoner-med-edelstener","7":"product_cat-esoteriske-gaver","8":"product_cat-karneol","9":"product_cat-krystaller-edelsteiner","10":"pa_collection-gemstone-mala-beads-no","11":"pa_made-in-india","13":"first","14":"outofstock","15":"purchasable","16":"product-type-simple"},"supplier_id":null,"supplier_sku":"GMala-02","barcode":null,"atum_controlled":true,"out_stock_date":"2026-01-05 09:10:36","out_stock_threshold":null,"inheritable":false,"inbound_stock":null,"stock_on_hold":0,"sold_today":0,"sales_last_days":0,"reserved_stock":null,"customer_returns":null,"warehouse_damage":null,"lost_in_post":null,"other_logs":null,"out_stock_days":24,"lost_sales":0,"has_location":null,"update_date":"2026-01-30T01:24:22","atum_locations":[],"atum_stock_status":"outofstock","restock_status":false,"low_stock_amount":"","sales_update_date":"2026-01-30T01:24:22","calc_backorders":null,"_links":{"self":[{"href":"https:\/\/aromasentia.com\/no\/wp-json\/wp\/v2\/product\/209684","targetHints":{"allow":["GET"]}}],"collection":[{"href":"https:\/\/aromasentia.com\/no\/wp-json\/wp\/v2\/product"}],"about":[{"href":"https:\/\/aromasentia.com\/no\/wp-json\/wp\/v2\/types\/product"}],"replies":[{"embeddable":true,"href":"https:\/\/aromasentia.com\/no\/wp-json\/wp\/v2\/comments?post=209684"}],"version-history":[{"count":0,"href":"https:\/\/aromasentia.com\/no\/wp-json\/wp\/v2\/product\/209684\/revisions"}],"wp:featuredmedia":[{"embeddable":true,"href":"https:\/\/aromasentia.com\/no\/wp-json\/wp\/v2\/media\/337145"}],"wp:attachment":[{"href":"https:\/\/aromasentia.com\/no\/wp-json\/wp\/v2\/media?parent=209684"}],"wp:term":[{"taxonomy":"product_brand","embeddable":true,"href":"https:\/\/aromasentia.com\/no\/wp-json\/wp\/v2\/product_brand?post=209684"},{"taxonomy":"product_cat","embeddable":true,"href":"https:\/\/aromasentia.com\/no\/wp-json\/wp\/v2\/product_cat?post=209684"},{"taxonomy":"product_tag","embeddable":true,"href":"https:\/\/aromasentia.com\/no\/wp-json\/wp\/v2\/product_tag?post=209684"}],"curies":[{"name":"wp","href":"https:\/\/api.w.org\/{rel}","templated":true}]}}