{"id":209683,"date":"2025-03-22T13:29:50","date_gmt":"2025-03-22T13:29:50","guid":{"rendered":"https:\/\/aromasentia.com\/product\/108-bead-mala-9-planet-astro\/"},"modified":"2025-05-31T06:28:54","modified_gmt":"2025-05-31T06:28:54","slug":"108-mala-perler-9-planet-astro","status":"publish","type":"product","link":"https:\/\/aromasentia.com\/no\/108-mala-perler-9-planet-astro\/","title":{"rendered":"108 Mala-Perler &#8211; 9 Planet Astro"},"content":{"rendered":"<p><span style=\"color: rgb(75, 80, 88);\"><strong>Vi introduserer Perlemalaen &#8211; 9 Planet Astro,<\/strong> et vakkert og intrikat laget smykke som ikke bare ser fantastisk ut, men ogs\u00e5 har stor betydning innen astrologi.<\/span><\/p>\n<p><span style=\"color: rgb(75, 80, 88);\">Denne perlemalaen best\u00e5r av 108 perler, <strong>som hver representerer en av de ni planetene i astrologi &#8211; Solen, M\u00e5nen, Mars, Merkur, Jupiter, Venus, Saturn, Rahu og Ketu.<\/strong><\/span><\/p>\n<p><span style=\"color: rgb(75, 80, 88);\">Denne malaen er ikke bare et vakkert tilbeh\u00f8r, men den kan ogs\u00e5 brukes i spirituelle praksiser som meditasjon og sang. Hver gang du bruker malaen, kan du fokusere p\u00e5 en spesifikk planet og dens energi, noe som bidrar til \u00e5 justere og balansere energien din med universets.<\/span><\/p>\n<p><span style=\"color: rgb(75, 80, 88);\">Perlemalaen &#8211; 9 Planet Astro er en <strong>perfekt gave til alle som er interessert i astrologi, spiritualitet<\/strong>, eller som bare leter etter et unikt og meningsfullt smykke.<\/span><\/p>\n<p><span style=\"color: rgb(75, 80, 88);\"><strong>Merk:<\/strong> P\u00e5 grunn av edelstenens natur kan st\u00f8rrelsen og lengden p\u00e5 hver mala-perle variere.<em>St\u00f8rrelsen p\u00e5 perlene er omtrent 0,6 cm til 0,8 cm, og lengden er omtrent 60 cm til 80 cm.<\/em><\/span><\/p>\n","protected":false},"excerpt":{"rendered":"<p>Vi introduserer Perlemalaen &#8211; 9 Planet Astro, et vakkert og intrikat laget smykke som ikke bare ser fantastisk ut, men ogs\u00e5 har stor betydning innen astrologi. Denne perlemalaen best\u00e5r av 108 perler, som hver representerer en av de ni planetene i astrologi &#8211; Solen, M\u00e5nen, Mars, Merkur, Jupiter, Venus, Saturn, Rahu og Ketu. Denne malaen [&hellip;]<\/p>\n","protected":false},"featured_media":337104,"comment_status":"closed","ping_status":"open","template":"","meta":{"_angie_page":false},"product_brand":[],"product_cat":[9166,9155],"product_tag":[],"class_list":{"0":"post-209683","1":"product","2":"type-product","3":"status-publish","4":"has-post-thumbnail","6":"product_cat-dekorasjoner-med-edelstener","7":"product_cat-esoteriske-gaver","8":"pa_collection-gemstone-mala-beads-no","9":"pa_made-in-india","11":"first","12":"instock","13":"purchasable","14":"product-type-simple"},"supplier_id":null,"supplier_sku":"GMala-01","barcode":null,"atum_controlled":true,"out_stock_date":null,"out_stock_threshold":null,"inheritable":false,"inbound_stock":null,"stock_on_hold":0,"sold_today":0,"sales_last_days":0,"reserved_stock":null,"customer_returns":null,"warehouse_damage":null,"lost_in_post":null,"other_logs":null,"out_stock_days":0,"lost_sales":0,"has_location":null,"update_date":"2026-05-04T00:03:55","atum_locations":[],"atum_stock_status":"instock","restock_status":false,"low_stock_amount":"","sales_update_date":"2026-01-30T01:24:29","calc_backorders":null,"_links":{"self":[{"href":"https:\/\/aromasentia.com\/no\/wp-json\/wp\/v2\/product\/209683","targetHints":{"allow":["GET"]}}],"collection":[{"href":"https:\/\/aromasentia.com\/no\/wp-json\/wp\/v2\/product"}],"about":[{"href":"https:\/\/aromasentia.com\/no\/wp-json\/wp\/v2\/types\/product"}],"replies":[{"embeddable":true,"href":"https:\/\/aromasentia.com\/no\/wp-json\/wp\/v2\/comments?post=209683"}],"version-history":[{"count":0,"href":"https:\/\/aromasentia.com\/no\/wp-json\/wp\/v2\/product\/209683\/revisions"}],"wp:featuredmedia":[{"embeddable":true,"href":"https:\/\/aromasentia.com\/no\/wp-json\/wp\/v2\/media\/337104"}],"wp:attachment":[{"href":"https:\/\/aromasentia.com\/no\/wp-json\/wp\/v2\/media?parent=209683"}],"wp:term":[{"taxonomy":"product_brand","embeddable":true,"href":"https:\/\/aromasentia.com\/no\/wp-json\/wp\/v2\/product_brand?post=209683"},{"taxonomy":"product_cat","embeddable":true,"href":"https:\/\/aromasentia.com\/no\/wp-json\/wp\/v2\/product_cat?post=209683"},{"taxonomy":"product_tag","embeddable":true,"href":"https:\/\/aromasentia.com\/no\/wp-json\/wp\/v2\/product_tag?post=209683"}],"curies":[{"name":"wp","href":"https:\/\/api.w.org\/{rel}","templated":true}]}}