{"id":209682,"date":"2025-03-22T13:29:50","date_gmt":"2025-03-22T13:29:50","guid":{"rendered":"https:\/\/aromasentia.com\/product\/gemstone-faceted-healing-ball-stand-tigereye\/"},"modified":"2025-05-31T06:28:51","modified_gmt":"2025-05-31T06:28:51","slug":"fasettert-helbredende-ball-med-edelstener-og-stativ-tigereye","status":"publish","type":"product","link":"https:\/\/aromasentia.com\/no\/fasettert-helbredende-ball-med-edelstener-og-stativ-tigereye\/","title":{"rendered":"Fasettert Helbredende Ball med Edelstener Og Stativ &#8211; Tigereye"},"content":{"rendered":"<p><strong>Grosshandel Tiger\u00f8ye fasettert healingkule<\/strong> &#8211; Tiger\u00f8yet er kjent for sin gyllenbrune farge og glitrende b\u00e5nd som ligner tigerens \u00f8ye. Kulen er ledsaget av tre stativer i en lysebrun farge.<\/p>\n<p>Det handler om \u00e5 fremme selvtillit og styrke. Denne edelstenen er assosiert med rot- og solar plexus-chakraene, noe som gir kundene dine et l\u00f8ft av styrke. Det er et flott tillegg til din \u00e5ndelige butikk.<\/p>\n<p> N\u00e5r du viser frem disse edelstenene, m\u00e5 du s\u00f8rge for \u00e5 plassere dem strategisk i butikken din. De livlige fargene og den individuelle betydningen vil garantert fange kundenes oppmerksomhet.<\/p>\n<p>Kundene dine vil sette pris p\u00e5 denne holistiske m\u00e5ten \u00e5 \u00f8ke deres velv\u00e6re p\u00e5.<\/p>\n<p><strong>M\u00e5l:&nbsp;<\/strong>Ball &#8211; ca. 5,5 cm; Ball med stativ &#8211; ca. 10 cm<\/p>\n","protected":false},"excerpt":{"rendered":"<p>Grosshandel Tiger\u00f8ye fasettert healingkule &#8211; Tiger\u00f8yet er kjent for sin gyllenbrune farge og glitrende b\u00e5nd som ligner tigerens \u00f8ye. Kulen er ledsaget av tre stativer i en lysebrun farge. Det handler om \u00e5 fremme selvtillit og styrke. Denne edelstenen er assosiert med rot- og solar plexus-chakraene, noe som gir kundene dine et l\u00f8ft av styrke. [&hellip;]<\/p>\n","protected":false},"featured_media":337071,"comment_status":"closed","ping_status":"open","template":"","meta":{"_angie_page":false},"product_brand":[],"product_cat":[9155,25221,25783,9161],"product_tag":[],"class_list":{"0":"post-209682","1":"product","2":"type-product","3":"status-publish","4":"has-post-thumbnail","6":"product_cat-esoteriske-gaver","7":"product_cat-krystaller-edelsteiner","8":"product_cat-tigeroye","9":"product_cat-trommelsteiner","10":"pa_collection-gemstone-healing-balls-with-stand-no","11":"pa_made-in-india","13":"first","14":"instock","15":"purchasable","16":"product-type-simple"},"supplier_id":null,"supplier_sku":"GHB-05","barcode":null,"atum_controlled":true,"out_stock_date":null,"out_stock_threshold":null,"inheritable":false,"inbound_stock":null,"stock_on_hold":0,"sold_today":0,"sales_last_days":0,"reserved_stock":null,"customer_returns":null,"warehouse_damage":null,"lost_in_post":null,"other_logs":null,"out_stock_days":0,"lost_sales":0,"has_location":null,"update_date":"2026-04-27T07:05:41","atum_locations":[],"atum_stock_status":"instock","restock_status":false,"low_stock_amount":"","sales_update_date":"2026-01-30T01:24:49","calc_backorders":null,"_links":{"self":[{"href":"https:\/\/aromasentia.com\/no\/wp-json\/wp\/v2\/product\/209682","targetHints":{"allow":["GET"]}}],"collection":[{"href":"https:\/\/aromasentia.com\/no\/wp-json\/wp\/v2\/product"}],"about":[{"href":"https:\/\/aromasentia.com\/no\/wp-json\/wp\/v2\/types\/product"}],"replies":[{"embeddable":true,"href":"https:\/\/aromasentia.com\/no\/wp-json\/wp\/v2\/comments?post=209682"}],"version-history":[{"count":0,"href":"https:\/\/aromasentia.com\/no\/wp-json\/wp\/v2\/product\/209682\/revisions"}],"wp:featuredmedia":[{"embeddable":true,"href":"https:\/\/aromasentia.com\/no\/wp-json\/wp\/v2\/media\/337071"}],"wp:attachment":[{"href":"https:\/\/aromasentia.com\/no\/wp-json\/wp\/v2\/media?parent=209682"}],"wp:term":[{"taxonomy":"product_brand","embeddable":true,"href":"https:\/\/aromasentia.com\/no\/wp-json\/wp\/v2\/product_brand?post=209682"},{"taxonomy":"product_cat","embeddable":true,"href":"https:\/\/aromasentia.com\/no\/wp-json\/wp\/v2\/product_cat?post=209682"},{"taxonomy":"product_tag","embeddable":true,"href":"https:\/\/aromasentia.com\/no\/wp-json\/wp\/v2\/product_tag?post=209682"}],"curies":[{"name":"wp","href":"https:\/\/api.w.org\/{rel}","templated":true}]}}