{"id":209681,"date":"2025-03-22T13:29:50","date_gmt":"2025-03-22T13:29:50","guid":{"rendered":"https:\/\/aromasentia.com\/product\/gemstone-faceted-healing-ball-stand-rock-quartz\/"},"modified":"2025-05-31T06:28:48","modified_gmt":"2025-05-31T06:28:48","slug":"edelsten-facettert-healing-ball-stativ-bergkvarts","status":"publish","type":"product","link":"https:\/\/aromasentia.com\/no\/edelsten-facettert-healing-ball-stativ-bergkvarts\/","title":{"rendered":"Edelsten Facettert Healing Ball &#038; Stativ &#8211; Bergkvarts"},"content":{"rendered":"<p><span style=\"color: rgb(75, 80, 88);\">Oppdag <strong>Steinkvarts &#8211; Edelstensfasettert Healing Ball<\/strong>, en harmonisk blanding av naturens fineste mineraler, hver med sin unike symbolikk og energi, presentert sammen med sine sjarmerende tref\u00f8lgesvenner i en beroligende lysebrun fargetone.<\/span><\/p>\n<p><span style=\"color: rgb(75, 80, 88);\">V\u00e5r <strong>Steinkvarts Healing Ball<\/strong> er en allsidig <strong>5 cm <\/strong>edelstenskule som kombineres med en 5 cm tref\u00f8lgesvenn.<\/span><\/p>\n<p><span style=\"color: rgb(75, 80, 88);\">Det er et must-have i butikken din. Hvorfor? Den gir energier og intensjoner et boost, perfekt for energihealing, krystallnett og for \u00e5 opprettholde en klar stemning. Det er som et blankt lerret for spirituelle s\u00f8kere, som passer inn i enhver esoterisk praksis.<\/span><\/p>\n<p><span style=\"color: rgb(75, 80, 88);\">N\u00e5r du viser frem disse edelstenene, husk \u00e5 plassere dem p\u00e5 strategiske steder i butikken din. Deres str\u00e5lende farger og individuelle betydninger vil utvilsomt fange kundenes oppmerksomhet.<\/span><\/p>\n<p><span style=\"color: rgb(75, 80, 88);\">Edelstenskulen m\u00e5ler <strong>5 cm<\/strong>, og med trestativet m\u00e5ler dette lille edelstensmirakelet <strong>10 cm<\/strong>.<\/span><\/p>\n<p><span style=\"color: rgb(75, 80, 88);\"><strong>Kundene dine vil elske denne helhetlige tiln\u00e6rmingen til \u00e5 f\u00f8le seg bra.<\/strong><\/span><\/p>\n","protected":false},"excerpt":{"rendered":"<p>Oppdag Steinkvarts &#8211; Edelstensfasettert Healing Ball, en harmonisk blanding av naturens fineste mineraler, hver med sin unike symbolikk og energi, presentert sammen med sine sjarmerende tref\u00f8lgesvenner i en beroligende lysebrun fargetone. V\u00e5r Steinkvarts Healing Ball er en allsidig 5 cm edelstenskule som kombineres med en 5 cm tref\u00f8lgesvenn. Det er et must-have i butikken din. [&hellip;]<\/p>\n","protected":false},"featured_media":337038,"comment_status":"closed","ping_status":"open","template":"","meta":{"_angie_page":false},"product_brand":[],"product_cat":[9155,25221,25734,9161],"product_tag":[],"class_list":{"0":"post-209681","1":"product","2":"type-product","3":"status-publish","4":"has-post-thumbnail","6":"product_cat-esoteriske-gaver","7":"product_cat-krystaller-edelsteiner","8":"product_cat-kvarts","9":"product_cat-trommelsteiner","10":"pa_collection-gemstone-healing-balls-with-stand-no","11":"pa_made-in-india","13":"first","14":"instock","15":"purchasable","16":"product-type-simple"},"supplier_id":null,"supplier_sku":"GHB-04","barcode":null,"atum_controlled":true,"out_stock_date":null,"out_stock_threshold":null,"inheritable":false,"inbound_stock":null,"stock_on_hold":0,"sold_today":0,"sales_last_days":0,"reserved_stock":null,"customer_returns":null,"warehouse_damage":null,"lost_in_post":null,"other_logs":null,"out_stock_days":0,"lost_sales":0,"has_location":null,"update_date":"2026-04-27T07:05:41","atum_locations":[],"atum_stock_status":"instock","restock_status":false,"low_stock_amount":"","sales_update_date":"2026-01-30T01:25:39","calc_backorders":null,"_links":{"self":[{"href":"https:\/\/aromasentia.com\/no\/wp-json\/wp\/v2\/product\/209681","targetHints":{"allow":["GET"]}}],"collection":[{"href":"https:\/\/aromasentia.com\/no\/wp-json\/wp\/v2\/product"}],"about":[{"href":"https:\/\/aromasentia.com\/no\/wp-json\/wp\/v2\/types\/product"}],"replies":[{"embeddable":true,"href":"https:\/\/aromasentia.com\/no\/wp-json\/wp\/v2\/comments?post=209681"}],"version-history":[{"count":0,"href":"https:\/\/aromasentia.com\/no\/wp-json\/wp\/v2\/product\/209681\/revisions"}],"wp:featuredmedia":[{"embeddable":true,"href":"https:\/\/aromasentia.com\/no\/wp-json\/wp\/v2\/media\/337038"}],"wp:attachment":[{"href":"https:\/\/aromasentia.com\/no\/wp-json\/wp\/v2\/media?parent=209681"}],"wp:term":[{"taxonomy":"product_brand","embeddable":true,"href":"https:\/\/aromasentia.com\/no\/wp-json\/wp\/v2\/product_brand?post=209681"},{"taxonomy":"product_cat","embeddable":true,"href":"https:\/\/aromasentia.com\/no\/wp-json\/wp\/v2\/product_cat?post=209681"},{"taxonomy":"product_tag","embeddable":true,"href":"https:\/\/aromasentia.com\/no\/wp-json\/wp\/v2\/product_tag?post=209681"}],"curies":[{"name":"wp","href":"https:\/\/api.w.org\/{rel}","templated":true}]}}