{"id":209680,"date":"2025-03-22T13:29:50","date_gmt":"2025-03-22T13:29:50","guid":{"rendered":"https:\/\/aromasentia.com\/product\/gemstone-faceted-healing-ball-stand-rose-quartz\/"},"modified":"2025-05-31T06:28:44","modified_gmt":"2025-05-31T06:28:44","slug":"edelsten-facettert-healing-ball-stativ-rosenkvarts","status":"publish","type":"product","link":"https:\/\/aromasentia.com\/no\/edelsten-facettert-healing-ball-stativ-rosenkvarts\/","title":{"rendered":"Edelsten Facettert Healing Ball &#038; Stativ &#8211; Rosenkvarts"},"content":{"rendered":"<p><span style=\"color: rgb(75, 80, 88);\">Oppdag <strong>Rosenkvarts &#8211; Fasettert Healing Ball med Edelsten<\/strong>, en harmonisk blanding av naturens fineste mineraler, hver med sin unike symbolikk og energi, presentert sammen med sine sjarmerende tref\u00f8lgesvenner i en beroligende lysebrun fargetone.<\/span><\/p>\n<p><span style=\"color: rgb(75, 80, 88);\">Leter du etter et snev av kj\u00e6rlighet og medf\u00f8lelse? Rosenkvarts Healing Ball, <strong>5 cm<\/strong> i st\u00f8rrelse med sitt eget trestativ, er svaret.<\/span><\/p>\n<p><span style=\"color: rgb(75, 80, 88);\">Det er et utmerket valg for butikker som fokuserer p\u00e5 egenomsorg og relasjoner. Rosenkvartsens myke rosa vibber resonnerer med hjertet og varme hjerter. Tilby den for kj\u00e6rlighetsritualer, egenkj\u00e6rlighet eller for de som s\u00f8ker litt emosjonell helbredelse.<\/span><\/p>\n<p><span style=\"color: rgb(75, 80, 88);\">N\u00e5r du viser frem disse edelstenene, husk \u00e5 plassere dem p\u00e5 strategiske steder i butikken din. Deres str\u00e5lende farger og individuelle betydninger vil utvilsomt fange kundenes oppmerksomhet.<\/span><\/p>\n<p><span style=\"color: rgb(75, 80, 88);\">Edelstenskulen m\u00e5ler <strong>5 cm<\/strong>, og med trestativet m\u00e5ler dette lille edelstensmirakelet <strong>10 cm<\/strong>.<\/span><\/p>\n<p><strong><span style=\"color: rgb(75, 80, 88);\">Kundene dine vil elske denne helhetlige tiln\u00e6rmingen til \u00e5 f\u00f8le seg bra.<\/span><\/strong><\/p>\n","protected":false},"excerpt":{"rendered":"<p>Oppdag Rosenkvarts &#8211; Fasettert Healing Ball med Edelsten, en harmonisk blanding av naturens fineste mineraler, hver med sin unike symbolikk og energi, presentert sammen med sine sjarmerende tref\u00f8lgesvenner i en beroligende lysebrun fargetone. Leter du etter et snev av kj\u00e6rlighet og medf\u00f8lelse? Rosenkvarts Healing Ball, 5 cm i st\u00f8rrelse med sitt eget trestativ, er svaret. [&hellip;]<\/p>\n","protected":false},"featured_media":337029,"comment_status":"closed","ping_status":"open","template":"","meta":{"_angie_page":false},"product_brand":[],"product_cat":[9155,25221,25734,25746,9161],"product_tag":[],"class_list":{"0":"post-209680","1":"product","2":"type-product","3":"status-publish","4":"has-post-thumbnail","6":"product_cat-esoteriske-gaver","7":"product_cat-krystaller-edelsteiner","8":"product_cat-kvarts","9":"product_cat-rosenkvarts","10":"product_cat-trommelsteiner","11":"pa_collection-gemstone-healing-balls-with-stand-no","12":"pa_made-in-india","14":"first","15":"instock","16":"purchasable","17":"product-type-simple"},"supplier_id":null,"supplier_sku":"GHB-03","barcode":null,"atum_controlled":true,"out_stock_date":null,"out_stock_threshold":null,"inheritable":false,"inbound_stock":null,"stock_on_hold":0,"sold_today":0,"sales_last_days":0,"reserved_stock":null,"customer_returns":null,"warehouse_damage":null,"lost_in_post":null,"other_logs":null,"out_stock_days":0,"lost_sales":0,"has_location":null,"update_date":"2026-04-27T07:05:41","atum_locations":[],"atum_stock_status":"instock","restock_status":false,"low_stock_amount":"","sales_update_date":"2026-01-30T01:24:26","calc_backorders":null,"_links":{"self":[{"href":"https:\/\/aromasentia.com\/no\/wp-json\/wp\/v2\/product\/209680","targetHints":{"allow":["GET"]}}],"collection":[{"href":"https:\/\/aromasentia.com\/no\/wp-json\/wp\/v2\/product"}],"about":[{"href":"https:\/\/aromasentia.com\/no\/wp-json\/wp\/v2\/types\/product"}],"replies":[{"embeddable":true,"href":"https:\/\/aromasentia.com\/no\/wp-json\/wp\/v2\/comments?post=209680"}],"version-history":[{"count":0,"href":"https:\/\/aromasentia.com\/no\/wp-json\/wp\/v2\/product\/209680\/revisions"}],"wp:featuredmedia":[{"embeddable":true,"href":"https:\/\/aromasentia.com\/no\/wp-json\/wp\/v2\/media\/337029"}],"wp:attachment":[{"href":"https:\/\/aromasentia.com\/no\/wp-json\/wp\/v2\/media?parent=209680"}],"wp:term":[{"taxonomy":"product_brand","embeddable":true,"href":"https:\/\/aromasentia.com\/no\/wp-json\/wp\/v2\/product_brand?post=209680"},{"taxonomy":"product_cat","embeddable":true,"href":"https:\/\/aromasentia.com\/no\/wp-json\/wp\/v2\/product_cat?post=209680"},{"taxonomy":"product_tag","embeddable":true,"href":"https:\/\/aromasentia.com\/no\/wp-json\/wp\/v2\/product_tag?post=209680"}],"curies":[{"name":"wp","href":"https:\/\/api.w.org\/{rel}","templated":true}]}}