{"id":209679,"date":"2025-03-22T13:29:50","date_gmt":"2025-03-22T13:29:50","guid":{"rendered":"https:\/\/aromasentia.com\/product\/gemstone-faceted-healing-ball-stand-amethyst\/"},"modified":"2025-05-31T06:28:39","modified_gmt":"2025-05-31T06:28:39","slug":"edelsten-facettert-healing-ball-stativ-ametyst","status":"publish","type":"product","link":"https:\/\/aromasentia.com\/no\/edelsten-facettert-healing-ball-stativ-ametyst\/","title":{"rendered":"Edelsten Facettert Healing Ball &#038; Stativ &#8211; Ametyst"},"content":{"rendered":"<p><span style=\"color: rgb(75, 80, 88);\">Oppdag <strong>Ametyst &#8211; Fasettert helbredende kule med edelstener,<\/strong> en harmonisk blanding av naturens fineste mineraler, hver med sin unike symbolikk og energi, presentert sammen med sine sjarmerende tref\u00f8lgesvenner i en beroligende lysebrun fargetone.<\/span><\/p>\n<p><span style=\"color: rgb(75, 80, 88);\">Den dype lilla fargen til <strong>ametyst<\/strong> forbindes ofte med spiritualitet, ro og meditasjon. Det antas at den har egenskaper som fremmer avslapning og indre fred. Mange synes ametyst er et verdifullt verkt\u00f8y for \u00e5 forbedre meditasjonspraksisen og det generelle velv\u00e6ret.<\/span><\/p>\n<p><\/p>\n<p><span style=\"color: rgb(75, 80, 88);\">N\u00e5r du viser frem disse edelstenene, husk \u00e5 plassere dem p\u00e5 strategiske steder i butikken din. De str\u00e5lende fargene og individuelle betydningene vil utvilsomt fange kundenes oppmerksomhet.<\/span><\/p>\n<p><span style=\"color: rgb(75, 80, 88);\">Edelstenskulen m\u00e5ler <strong>5 cm<\/strong>, og med trestativet m\u00e5ler dette lille edelstensmirakelet <strong>10 cm<\/strong>.<\/span><\/p>\n<p><span style=\"color: rgb(75, 80, 88);\"><strong>Kundene dine vil elske denne helhetlige tiln\u00e6rmingen til \u00e5 f\u00f8le seg bra.<\/strong><\/span><\/p>\n","protected":false},"excerpt":{"rendered":"<p>Oppdag Ametyst &#8211; Fasettert helbredende kule med edelstener, en harmonisk blanding av naturens fineste mineraler, hver med sin unike symbolikk og energi, presentert sammen med sine sjarmerende tref\u00f8lgesvenner i en beroligende lysebrun fargetone. Den dype lilla fargen til ametyst forbindes ofte med spiritualitet, ro og meditasjon. Det antas at den har egenskaper som fremmer avslapning [&hellip;]<\/p>\n","protected":false},"featured_media":337020,"comment_status":"closed","ping_status":"open","template":"","meta":{"_angie_page":false},"product_brand":[],"product_cat":[25548,9155,25221,9161],"product_tag":[],"class_list":{"0":"post-209679","1":"product","2":"type-product","3":"status-publish","4":"has-post-thumbnail","6":"product_cat-ametyst","7":"product_cat-esoteriske-gaver","8":"product_cat-krystaller-edelsteiner","9":"product_cat-trommelsteiner","10":"pa_collection-gemstone-healing-balls-with-stand-no","11":"pa_made-in-india","13":"first","14":"instock","15":"purchasable","16":"product-type-simple"},"supplier_id":null,"supplier_sku":"GHB-02","barcode":null,"atum_controlled":true,"out_stock_date":null,"out_stock_threshold":null,"inheritable":false,"inbound_stock":null,"stock_on_hold":0,"sold_today":0,"sales_last_days":0,"reserved_stock":null,"customer_returns":null,"warehouse_damage":null,"lost_in_post":null,"other_logs":null,"out_stock_days":0,"lost_sales":0,"has_location":null,"update_date":"2026-04-27T07:05:41","atum_locations":[],"atum_stock_status":"instock","restock_status":false,"low_stock_amount":"","sales_update_date":"2026-01-30T01:25:27","calc_backorders":null,"_links":{"self":[{"href":"https:\/\/aromasentia.com\/no\/wp-json\/wp\/v2\/product\/209679","targetHints":{"allow":["GET"]}}],"collection":[{"href":"https:\/\/aromasentia.com\/no\/wp-json\/wp\/v2\/product"}],"about":[{"href":"https:\/\/aromasentia.com\/no\/wp-json\/wp\/v2\/types\/product"}],"replies":[{"embeddable":true,"href":"https:\/\/aromasentia.com\/no\/wp-json\/wp\/v2\/comments?post=209679"}],"version-history":[{"count":0,"href":"https:\/\/aromasentia.com\/no\/wp-json\/wp\/v2\/product\/209679\/revisions"}],"wp:featuredmedia":[{"embeddable":true,"href":"https:\/\/aromasentia.com\/no\/wp-json\/wp\/v2\/media\/337020"}],"wp:attachment":[{"href":"https:\/\/aromasentia.com\/no\/wp-json\/wp\/v2\/media?parent=209679"}],"wp:term":[{"taxonomy":"product_brand","embeddable":true,"href":"https:\/\/aromasentia.com\/no\/wp-json\/wp\/v2\/product_brand?post=209679"},{"taxonomy":"product_cat","embeddable":true,"href":"https:\/\/aromasentia.com\/no\/wp-json\/wp\/v2\/product_cat?post=209679"},{"taxonomy":"product_tag","embeddable":true,"href":"https:\/\/aromasentia.com\/no\/wp-json\/wp\/v2\/product_tag?post=209679"}],"curies":[{"name":"wp","href":"https:\/\/api.w.org\/{rel}","templated":true}]}}