{"id":209678,"date":"2025-03-22T13:29:50","date_gmt":"2025-03-22T13:29:50","guid":{"rendered":"https:\/\/aromasentia.com\/product\/gemstone-faceted-healing-ball-stand-seven-chakra\/"},"modified":"2025-05-31T06:28:34","modified_gmt":"2025-05-31T06:28:34","slug":"fasettert-healingkule-med-edelstener-og-stativ-seven-chakra","status":"publish","type":"product","link":"https:\/\/aromasentia.com\/no\/fasettert-healingkule-med-edelstener-og-stativ-seven-chakra\/","title":{"rendered":"Fasettert Healingkule med Edelstener Og Stativ &#8211; Seven Chakra"},"content":{"rendered":"<p><span style=\"color: rgb(75, 80, 88);\">Oppdag Seven Chakra &#8211; Gemstone Faceted Healing Ball, en harmonisk blanding av naturens fineste mineraler, hver med sin unike symbolikk og energi, presentert sammen med sine sjarmerende tref\u00f8lgesvenner i en beroligende lysebrun fargetone.<\/span><\/p>\n<p><span style=\"color: rgb(75, 80, 88);\"><strong>Seven Chakra Healing Ball<\/strong> er som en one-stop-shop for balanse og velv\u00e6re.<\/span><\/p>\n<p><span style=\"color: rgb(75, 80, 88);\">Den er <strong>10 cm<\/strong> h\u00f8y med <strong>5,5 cm<\/strong> edelstenskuler og et trestativ.<\/span><\/p>\n<p><span style=\"color: rgb(75, 80, 88);\">Dette unike settet blander forskjellige edelstener for \u00e5 justere seg med hvert av de syv chakraene. <strong>Perfekt for holistiske velv\u00e6rebutikker, yogastudioer eller metafysiske butikker.<\/strong><\/span><\/p>\n<p><span style=\"color: rgb(75, 80, 88);\">N\u00e5r du viser frem disse edelstenene, husk \u00e5 plassere dem p\u00e5 strategiske steder i butikken din. De str\u00e5lende fargene og individuelle betydningene deres vil utvilsomt fange kundenes oppmerksomhet.<\/span><\/p>\n<p><strong><span style=\"color: rgb(75, 80, 88);\">Kundene dine vil elske denne holistiske tiln\u00e6rmingen til \u00e5 f\u00f8le seg bra.<\/span><\/strong><\/p>\n","protected":false},"excerpt":{"rendered":"<p>Oppdag Seven Chakra &#8211; Gemstone Faceted Healing Ball, en harmonisk blanding av naturens fineste mineraler, hver med sin unike symbolikk og energi, presentert sammen med sine sjarmerende tref\u00f8lgesvenner i en beroligende lysebrun fargetone. Seven Chakra Healing Ball er som en one-stop-shop for balanse og velv\u00e6re. Den er 10 cm h\u00f8y med 5,5 cm edelstenskuler og [&hellip;]<\/p>\n","protected":false},"featured_media":336987,"comment_status":"closed","ping_status":"open","template":"","meta":{"_angie_page":false},"product_brand":[],"product_cat":[9155,9161],"product_tag":[],"class_list":{"0":"post-209678","1":"product","2":"type-product","3":"status-publish","4":"has-post-thumbnail","6":"product_cat-esoteriske-gaver","7":"product_cat-trommelsteiner","8":"pa_collection-gemstone-healing-balls-with-stand-no","9":"pa_made-in-india","11":"first","12":"instock","13":"purchasable","14":"product-type-simple"},"supplier_id":null,"supplier_sku":"GHB-01","barcode":null,"atum_controlled":true,"out_stock_date":null,"out_stock_threshold":null,"inheritable":false,"inbound_stock":null,"stock_on_hold":0,"sold_today":0,"sales_last_days":0,"reserved_stock":null,"customer_returns":null,"warehouse_damage":null,"lost_in_post":null,"other_logs":null,"out_stock_days":0,"lost_sales":0,"has_location":null,"update_date":"2026-04-27T07:05:41","atum_locations":[],"atum_stock_status":"instock","restock_status":false,"low_stock_amount":"","sales_update_date":"2026-01-30T01:25:58","calc_backorders":null,"_links":{"self":[{"href":"https:\/\/aromasentia.com\/no\/wp-json\/wp\/v2\/product\/209678","targetHints":{"allow":["GET"]}}],"collection":[{"href":"https:\/\/aromasentia.com\/no\/wp-json\/wp\/v2\/product"}],"about":[{"href":"https:\/\/aromasentia.com\/no\/wp-json\/wp\/v2\/types\/product"}],"replies":[{"embeddable":true,"href":"https:\/\/aromasentia.com\/no\/wp-json\/wp\/v2\/comments?post=209678"}],"version-history":[{"count":0,"href":"https:\/\/aromasentia.com\/no\/wp-json\/wp\/v2\/product\/209678\/revisions"}],"wp:featuredmedia":[{"embeddable":true,"href":"https:\/\/aromasentia.com\/no\/wp-json\/wp\/v2\/media\/336987"}],"wp:attachment":[{"href":"https:\/\/aromasentia.com\/no\/wp-json\/wp\/v2\/media?parent=209678"}],"wp:term":[{"taxonomy":"product_brand","embeddable":true,"href":"https:\/\/aromasentia.com\/no\/wp-json\/wp\/v2\/product_brand?post=209678"},{"taxonomy":"product_cat","embeddable":true,"href":"https:\/\/aromasentia.com\/no\/wp-json\/wp\/v2\/product_cat?post=209678"},{"taxonomy":"product_tag","embeddable":true,"href":"https:\/\/aromasentia.com\/no\/wp-json\/wp\/v2\/product_tag?post=209678"}],"curies":[{"name":"wp","href":"https:\/\/api.w.org\/{rel}","templated":true}]}}