{"id":209675,"date":"2025-03-22T13:29:50","date_gmt":"2025-03-22T13:29:50","guid":{"rendered":"https:\/\/aromasentia.com\/product\/yellow-jade-planet-on-a-sola-goldstone-stand-40mm-30x15mm-stand\/"},"modified":"2025-05-31T06:28:18","modified_gmt":"2025-05-31T06:28:18","slug":"gul-jadeplanet-pa-sola-goldstone-stativ-40-mm-30x15-mm-stativ","status":"publish","type":"product","link":"https:\/\/aromasentia.com\/no\/gul-jadeplanet-pa-sola-goldstone-stativ-40-mm-30x15-mm-stativ\/","title":{"rendered":"Gul Jadeplanet P\u00e5 Sola Goldstone-Stativ &#8211; 40 mm (30&#215;15 mm Stativ)"},"content":{"rendered":"<p><strong><span style=\"color: rgb(75, 80, 88);\">SATURN EDELSTEIN PLANET:<\/span><\/strong><\/p>\n<p><span style=\"color: rgb(75, 80, 88);\"><strong>T\u00c5LMODIGHET &#8211; FOKUS &#8211; DISIPLIN<\/strong><\/span><\/p>\n<p><span style=\"color: rgb(75, 80, 88);\">Gul jade, som resonerer med Saturns disiplinerte energi, er en stein med jevn styrke og jording. Akkurat som Saturn representerer struktur og utholdenhet,<\/span><\/p>\n<p><span style=\"color: rgb(75, 80, 88);\">Gul jade bidrar til \u00e5 dyrke disiplin, ansvar og besluttsomhet i dine bestrebelser. Denne steinen handler om \u00e5 legge grunnlaget for langsiktig suksess og bygge en arv som varer.<\/span><\/p>\n<p><span style=\"color: rgb(75, 80, 88);\">Omfavn gul jades stabiliserende energi for \u00e5 holde fokus p\u00e5 m\u00e5l, navigere utfordringer med motstandskraft og gj\u00f8re gjennomtenkte, bevisste fremskritt.<\/span><\/p>\n<p><span style=\"color: rgb(75, 80, 88);\">Enten den brukes i meditasjon, b\u00e6res som st\u00f8tte eller plasseres i et arbeidsmilj\u00f8, kanaliserer gul jade Saturns visdom og veileder deg mot varig prestasjon og personlig vekst.<\/span><\/p>\n<p><span style=\"color: rgb(75, 80, 88);\"><strong>Den sol\u00e6re gullsteinsstativet, inspirert av de kosmiske dypene, gir et jordingsgrunnlag for den gule jadesf\u00e6ren.<\/strong><\/span><\/p>\n<p><span style=\"color: rgb(75, 80, 88);\"><strong>Planetst\u00f8rrelse: 40 mm<\/strong><\/span><\/p>\n<p><strong><span style=\"color: rgb(75, 80, 88);\">Stativst\u00f8rrelse: 3 x 15 mm<\/span><\/strong><\/p>\n","protected":false},"excerpt":{"rendered":"<p>SATURN EDELSTEIN PLANET: T\u00c5LMODIGHET &#8211; FOKUS &#8211; DISIPLIN Gul jade, som resonerer med Saturns disiplinerte energi, er en stein med jevn styrke og jording. Akkurat som Saturn representerer struktur og utholdenhet, Gul jade bidrar til \u00e5 dyrke disiplin, ansvar og besluttsomhet i dine bestrebelser. Denne steinen handler om \u00e5 legge grunnlaget for langsiktig suksess og [&hellip;]<\/p>\n","protected":false},"featured_media":336880,"comment_status":"closed","ping_status":"open","template":"","meta":{"_angie_page":false},"product_brand":[],"product_cat":[9155,25609,25636,25221,9161],"product_tag":[],"class_list":{"0":"post-209675","1":"product","2":"type-product","3":"status-publish","4":"has-post-thumbnail","6":"product_cat-esoteriske-gaver","7":"product_cat-gullstein","8":"product_cat-jade","9":"product_cat-krystaller-edelsteiner","10":"product_cat-trommelsteiner","11":"pa_collection-gemstone-planets-on-a-goldstone-stand-no","12":"pa_made-in-kina","14":"first","15":"instock","16":"purchasable","17":"product-type-simple"},"supplier_id":null,"supplier_sku":"GemPL-06","barcode":null,"atum_controlled":true,"out_stock_date":null,"out_stock_threshold":null,"inheritable":false,"inbound_stock":null,"stock_on_hold":0,"sold_today":0,"sales_last_days":0,"reserved_stock":null,"customer_returns":null,"warehouse_damage":null,"lost_in_post":null,"other_logs":null,"out_stock_days":0,"lost_sales":0,"has_location":null,"update_date":"2026-04-27T07:05:32","atum_locations":[],"atum_stock_status":"instock","restock_status":false,"low_stock_amount":"","sales_update_date":"2026-01-30T01:25:02","calc_backorders":null,"_links":{"self":[{"href":"https:\/\/aromasentia.com\/no\/wp-json\/wp\/v2\/product\/209675","targetHints":{"allow":["GET"]}}],"collection":[{"href":"https:\/\/aromasentia.com\/no\/wp-json\/wp\/v2\/product"}],"about":[{"href":"https:\/\/aromasentia.com\/no\/wp-json\/wp\/v2\/types\/product"}],"replies":[{"embeddable":true,"href":"https:\/\/aromasentia.com\/no\/wp-json\/wp\/v2\/comments?post=209675"}],"version-history":[{"count":0,"href":"https:\/\/aromasentia.com\/no\/wp-json\/wp\/v2\/product\/209675\/revisions"}],"wp:featuredmedia":[{"embeddable":true,"href":"https:\/\/aromasentia.com\/no\/wp-json\/wp\/v2\/media\/336880"}],"wp:attachment":[{"href":"https:\/\/aromasentia.com\/no\/wp-json\/wp\/v2\/media?parent=209675"}],"wp:term":[{"taxonomy":"product_brand","embeddable":true,"href":"https:\/\/aromasentia.com\/no\/wp-json\/wp\/v2\/product_brand?post=209675"},{"taxonomy":"product_cat","embeddable":true,"href":"https:\/\/aromasentia.com\/no\/wp-json\/wp\/v2\/product_cat?post=209675"},{"taxonomy":"product_tag","embeddable":true,"href":"https:\/\/aromasentia.com\/no\/wp-json\/wp\/v2\/product_tag?post=209675"}],"curies":[{"name":"wp","href":"https:\/\/api.w.org\/{rel}","templated":true}]}}