{"id":209674,"date":"2025-03-22T13:29:50","date_gmt":"2025-03-22T13:29:50","guid":{"rendered":"https:\/\/aromasentia.com\/product\/crazy-lace-jasper-planet-on-a-sola-goldstone-stand-40mm-30x15mm-stand\/"},"modified":"2025-05-31T06:28:12","modified_gmt":"2025-05-31T06:28:12","slug":"crazy-lace-jaspis-planet-pa-sola-goldstone-stativ-40-mm-30x15-mm-stativ","status":"publish","type":"product","link":"https:\/\/aromasentia.com\/no\/crazy-lace-jaspis-planet-pa-sola-goldstone-stativ-40-mm-30x15-mm-stativ\/","title":{"rendered":"Crazy Lace Jaspis Planet P\u00e5 Sola Goldstone-Stativ &#8211; 40 mm (30&#215;15 mm Stativ)"},"content":{"rendered":"<p><strong><span style=\"color: rgb(75, 80, 88);\">MERKURI-EDDELSTEN PLANETEN:<\/span><\/strong><\/p>\n<p><span style=\"color: rgb(75, 80, 88);\"><strong>FLAKS &#8211; SJANSE &#8211; KOMMUNIKASJON<\/strong><\/span><\/p>\n<p><span style=\"color: rgb(75, 80, 88);\">Galne blondejaspis, med sine dynamiske virvlende m\u00f8nstre, kanaliserer den raske og smidige energien til Merkur, gudenes bevingede budbringer. Denne livlige steinen resonnerer med mental smidighet og skjerper kommunikasjonsevner, og gjenspeiler Merkurs kvikks\u00f8lvnatur.<\/span><\/p>\n<p><span style=\"color: rgb(75, 80, 88);\">Galne blondejaspis er kjent for \u00e5 vekke nysgjerrighet, og oppmuntrer deg til \u00e5 tenke kreativt, veve sammen ideer med letthet og uttrykke dem med klarhet og vidd. Det er en stein som stimulerer sinnet, forbedrer tilpasningsevnen og hjelper deg med \u00e5 navigere komplekse situasjoner med et skarpt intellekt.<\/span><\/p>\n<p><span style=\"color: rgb(75, 80, 88);\">Enten den brukes under id\u00e9myldring, oppbevares p\u00e5 et arbeidsomr\u00e5de eller b\u00e6res for \u00e5 forbedre kommunikasjonen, gir Crazy Lace Jasper deg muligheten til \u00e5 utnytte den livlige, intelligente energien til Merkurs, noe som gj\u00f8r den til et viktig verkt\u00f8y for de som \u00f8nsker \u00e5 forbedre sin mentale og verbale dyktighet. &nbsp;<\/span><\/p>\n<p><span style=\"color: rgb(75, 80, 88);\"><strong>Solar Goldstone-stativet, inspirert av de kosmiske dypene, gir et jordingsgrunnlag for Crazy Lace Jasper-sf\u00e6ren.<\/strong><\/span><\/p>\n<p><span style=\"color: rgb(75, 80, 88);\"><strong>Planetst\u00f8rrelse: 40 mm<\/strong><\/span><\/p>\n<p><strong><span style=\"color: rgb(75, 80, 88);\">Stativst\u00f8rrelse: 3 x 15 mm<\/span><\/strong><\/p>\n","protected":false},"excerpt":{"rendered":"<p>MERKURI-EDDELSTEN PLANETEN: FLAKS &#8211; SJANSE &#8211; KOMMUNIKASJON Galne blondejaspis, med sine dynamiske virvlende m\u00f8nstre, kanaliserer den raske og smidige energien til Merkur, gudenes bevingede budbringer. Denne livlige steinen resonnerer med mental smidighet og skjerper kommunikasjonsevner, og gjenspeiler Merkurs kvikks\u00f8lvnatur. Galne blondejaspis er kjent for \u00e5 vekke nysgjerrighet, og oppmuntrer deg til \u00e5 tenke kreativt, veve [&hellip;]<\/p>\n","protected":false},"featured_media":336791,"comment_status":"closed","ping_status":"open","template":"","meta":{"_angie_page":false},"product_brand":[],"product_cat":[9155,25609,25647,25221,9161],"product_tag":[],"class_list":{"0":"post-209674","1":"product","2":"type-product","3":"status-publish","4":"has-post-thumbnail","6":"product_cat-esoteriske-gaver","7":"product_cat-gullstein","8":"product_cat-jaspis","9":"product_cat-krystaller-edelsteiner","10":"product_cat-trommelsteiner","11":"pa_collection-gemstone-planets-on-a-goldstone-stand-no","12":"pa_made-in-kina","14":"first","15":"instock","16":"purchasable","17":"product-type-simple"},"supplier_id":null,"supplier_sku":"GemPL-05","barcode":null,"atum_controlled":true,"out_stock_date":null,"out_stock_threshold":null,"inheritable":false,"inbound_stock":null,"stock_on_hold":0,"sold_today":0,"sales_last_days":0,"reserved_stock":null,"customer_returns":null,"warehouse_damage":null,"lost_in_post":null,"other_logs":null,"out_stock_days":0,"lost_sales":0,"has_location":null,"update_date":"2026-04-27T07:05:32","atum_locations":[],"atum_stock_status":"instock","restock_status":false,"low_stock_amount":"","sales_update_date":"2026-02-06T00:01:20","calc_backorders":null,"_links":{"self":[{"href":"https:\/\/aromasentia.com\/no\/wp-json\/wp\/v2\/product\/209674","targetHints":{"allow":["GET"]}}],"collection":[{"href":"https:\/\/aromasentia.com\/no\/wp-json\/wp\/v2\/product"}],"about":[{"href":"https:\/\/aromasentia.com\/no\/wp-json\/wp\/v2\/types\/product"}],"replies":[{"embeddable":true,"href":"https:\/\/aromasentia.com\/no\/wp-json\/wp\/v2\/comments?post=209674"}],"version-history":[{"count":0,"href":"https:\/\/aromasentia.com\/no\/wp-json\/wp\/v2\/product\/209674\/revisions"}],"wp:featuredmedia":[{"embeddable":true,"href":"https:\/\/aromasentia.com\/no\/wp-json\/wp\/v2\/media\/336791"}],"wp:attachment":[{"href":"https:\/\/aromasentia.com\/no\/wp-json\/wp\/v2\/media?parent=209674"}],"wp:term":[{"taxonomy":"product_brand","embeddable":true,"href":"https:\/\/aromasentia.com\/no\/wp-json\/wp\/v2\/product_brand?post=209674"},{"taxonomy":"product_cat","embeddable":true,"href":"https:\/\/aromasentia.com\/no\/wp-json\/wp\/v2\/product_cat?post=209674"},{"taxonomy":"product_tag","embeddable":true,"href":"https:\/\/aromasentia.com\/no\/wp-json\/wp\/v2\/product_tag?post=209674"}],"curies":[{"name":"wp","href":"https:\/\/api.w.org\/{rel}","templated":true}]}}