{"id":209673,"date":"2025-03-22T13:29:50","date_gmt":"2025-03-22T13:29:50","guid":{"rendered":"https:\/\/aromasentia.com\/product\/white-howlite-planet-on-a-sola-goldstone-stand-40mm-30x15mm-stand\/"},"modified":"2025-05-31T06:28:09","modified_gmt":"2025-05-31T06:28:09","slug":"hvit-howlite-planet-pa-sola-goldstone-stativ-40-mm-30x15-mm-stativ","status":"publish","type":"product","link":"https:\/\/aromasentia.com\/no\/hvit-howlite-planet-pa-sola-goldstone-stativ-40-mm-30x15-mm-stativ\/","title":{"rendered":"Hvit Howlite Planet P\u00e5 Sola Goldstone-Stativ &#8211; 40 mm (30&#215;15 mm Stativ)"},"content":{"rendered":"<p><strong><span style=\"color: rgb(75, 80, 88);\">M\u00c5NE-EDDELSTEIN PLANET:<\/span><\/strong><\/p>\n<p><span style=\"color: rgb(75, 80, 88);\"><strong>FRED &#8211; FORANDRING &#8211; RO<\/strong><\/span><\/p>\n<p><span style=\"color: rgb(75, 80, 88);\">Hvit Howlitt, som legemliggj\u00f8r m\u00e5nens fredfulle energi, er en stein for ro og emosjonell balanse. De milde hvite fargetonene reflekterer m\u00e5nens beroligende innflytelse, og bidrar til \u00e5 roe ned et overaktivt sinn og fremme en dyp f\u00f8lelse av fred.<\/span><\/p>\n<p><span style=\"color: rgb(75, 80, 88);\">Hvit howlitt er n\u00e6rt forbundet med t\u00e5lmodighet og indre refleksjon, noe som gj\u00f8r den til en ideell stein for de som \u00f8nsker \u00e5 utforske sin indre verden og legge ut p\u00e5 en reise med selvoppdagelse.<\/span><\/p>\n<p><span style=\"color: rgb(75, 80, 88);\">Denne steinen forbedrer meditasjon, oppmuntrer til mindfulness og st\u00f8tter emosjonell helbredelse ved \u00e5 fremme en dypere forbindelse til ens egne tanker og f\u00f8lelser.<\/span><\/p>\n<p><span style=\"color: rgb(75, 80, 88);\">Enten den brukes i daglige ritualer, b\u00e6res som en beroligende talisman eller plasseres i et avslappende rom, kanaliserer hvit howlitt m\u00e5nens pleiende energi og veileder mot st\u00f8rre selvinnsikt og emosjonell harmoni.<\/span><\/p>\n<p><span style=\"color: rgb(75, 80, 88);\"><strong>Det solfargede gullsteinstativet, inspirert av de kosmiske dypene, gir en jordende base for den hvite howlitt-sf\u00e6ren.<\/strong><\/span><\/p>\n<p><span style=\"color: rgb(75, 80, 88);\"><strong>Planetst\u00f8rrelse: 40 mm<\/strong><\/span><\/p>\n<p><strong><span style=\"color: rgb(75, 80, 88);\">Stativst\u00f8rrelse: 3 x 15 mm<\/span><\/strong><\/p>\n","protected":false},"excerpt":{"rendered":"<p>M\u00c5NE-EDDELSTEIN PLANET: FRED &#8211; FORANDRING &#8211; RO Hvit Howlitt, som legemliggj\u00f8r m\u00e5nens fredfulle energi, er en stein for ro og emosjonell balanse. De milde hvite fargetonene reflekterer m\u00e5nens beroligende innflytelse, og bidrar til \u00e5 roe ned et overaktivt sinn og fremme en dyp f\u00f8lelse av fred. Hvit howlitt er n\u00e6rt forbundet med t\u00e5lmodighet og indre [&hellip;]<\/p>\n","protected":false},"featured_media":336710,"comment_status":"closed","ping_status":"open","template":"","meta":[],"product_brand":[],"product_cat":[9155,25609,25627,25221,9161],"product_tag":[],"class_list":{"0":"post-209673","1":"product","2":"type-product","3":"status-publish","4":"has-post-thumbnail","6":"product_cat-esoteriske-gaver","7":"product_cat-gullstein","8":"product_cat-howlite","9":"product_cat-krystaller-edelsteiner","10":"product_cat-trommelsteiner","11":"pa_collection-gemstone-planets-on-a-goldstone-stand-no","12":"pa_made-in-kina","14":"first","15":"instock","16":"purchasable","17":"product-type-simple"},"supplier_id":null,"supplier_sku":"GemPL-04","barcode":null,"atum_controlled":true,"out_stock_date":null,"out_stock_threshold":null,"inheritable":false,"inbound_stock":null,"stock_on_hold":0,"sold_today":0,"sales_last_days":0,"reserved_stock":null,"customer_returns":null,"warehouse_damage":null,"lost_in_post":null,"other_logs":null,"out_stock_days":0,"lost_sales":0,"has_location":null,"update_date":"2026-02-06T00:01:41","atum_locations":[],"atum_stock_status":"instock","restock_status":false,"low_stock_amount":"","sales_update_date":"2026-02-06T00:01:41","calc_backorders":null,"_links":{"self":[{"href":"https:\/\/aromasentia.com\/no\/wp-json\/wp\/v2\/product\/209673","targetHints":{"allow":["GET"]}}],"collection":[{"href":"https:\/\/aromasentia.com\/no\/wp-json\/wp\/v2\/product"}],"about":[{"href":"https:\/\/aromasentia.com\/no\/wp-json\/wp\/v2\/types\/product"}],"replies":[{"embeddable":true,"href":"https:\/\/aromasentia.com\/no\/wp-json\/wp\/v2\/comments?post=209673"}],"version-history":[{"count":0,"href":"https:\/\/aromasentia.com\/no\/wp-json\/wp\/v2\/product\/209673\/revisions"}],"wp:featuredmedia":[{"embeddable":true,"href":"https:\/\/aromasentia.com\/no\/wp-json\/wp\/v2\/media\/336710"}],"wp:attachment":[{"href":"https:\/\/aromasentia.com\/no\/wp-json\/wp\/v2\/media?parent=209673"}],"wp:term":[{"taxonomy":"product_brand","embeddable":true,"href":"https:\/\/aromasentia.com\/no\/wp-json\/wp\/v2\/product_brand?post=209673"},{"taxonomy":"product_cat","embeddable":true,"href":"https:\/\/aromasentia.com\/no\/wp-json\/wp\/v2\/product_cat?post=209673"},{"taxonomy":"product_tag","embeddable":true,"href":"https:\/\/aromasentia.com\/no\/wp-json\/wp\/v2\/product_tag?post=209673"}],"curies":[{"name":"wp","href":"https:\/\/api.w.org\/{rel}","templated":true}]}}