{"id":209672,"date":"2025-03-22T13:29:50","date_gmt":"2025-03-22T13:29:50","guid":{"rendered":"https:\/\/aromasentia.com\/product\/red-jasper-planet-on-a-sola-goldstone-stand-40mm-30x15mm-stand\/"},"modified":"2025-05-31T06:28:05","modified_gmt":"2025-05-31T06:28:05","slug":"rod-jaspis-planet-pa-sola-goldstone-stativ-40-mm-30x15-mm-stativ","status":"publish","type":"product","link":"https:\/\/aromasentia.com\/no\/rod-jaspis-planet-pa-sola-goldstone-stativ-40-mm-30x15-mm-stativ\/","title":{"rendered":"R\u00f8d Jaspis Planet P\u00e5 Sola Goldstone-Stativ &#8211; 40 mm (30&#215;15 mm Stativ)"},"content":{"rendered":"<p><strong><span style=\"color: rgb(75, 80, 88);\">MARS EDELSTEIN PLANET:<\/span><\/strong><\/p>\n<p><span style=\"color: rgb(75, 80, 88);\"><strong>STYRKE &#8211; LIDENSKAP &#8211; SEIER<\/strong><\/span><\/p>\n<p><span style=\"color: rgb(75, 80, 88);\">R\u00f8d jaspis, som pulserer med Mars&#8217; brennende energi, er en stein for mot og styrke. Dens livlige r\u00f8de farge legemliggj\u00f8r Mars&#8217; assosiasjon med handling, besluttsomhet og kriger\u00e5nd.<\/span><\/p>\n<p><span style=\"color: rgb(75, 80, 88);\">R\u00f8d jaspis er kjent for sine jordende egenskaper, og gir energi til \u00e5 takle utfordringer direkte, og gir n\u00e6ring til lidenskap og motstandskraft. I motsetning til Venus&#8217; beroligende energi, handler r\u00f8d jaspis om \u00e5 tenne din indre ild, forbedre drivkraften din og gi deg utholdenheten som trengs for \u00e5 overvinne hindringer.<\/span><\/p>\n<p><span style=\"color: rgb(75, 80, 88);\">Denne steinen er en mektig alliert for de som \u00f8nsker \u00e5 utnytte Mars&#8217; krefter. dynamisk energi, som bidrar til \u00e5 manifestere dristige handlinger og urokkelig utholdenhet i m\u00f8te med motgang.<\/span><\/p>\n<p><span style=\"color: rgb(75, 80, 88);\">Enten den brukes i meditasjon, b\u00e6res som en talisman eller innlemmes i et arbeidsomr\u00e5de, inspirerer r\u00f8d jaspis selvtillit og gir deg mulighet til \u00e5 erobre hva enn som kommer din vei.<\/span><\/p>\n<p><span style=\"color: rgb(75, 80, 88);\"><strong>Solar Goldstone-stativet gir en jordende base for den r\u00f8de jaspis-sf\u00e6ren, inspirert av verdensrommets dyp<\/strong><\/span><\/p>\n<p><span style=\"color: rgb(75, 80, 88);\"><strong>Planetst\u00f8rrelse: 40 mm<\/strong><\/span><\/p>\n<p><strong><span style=\"color: rgb(75, 80, 88);\">Stativst\u00f8rrelse: 3 x 15 mm<\/span><\/strong><\/p>\n","protected":false},"excerpt":{"rendered":"<p>MARS EDELSTEIN PLANET: STYRKE &#8211; LIDENSKAP &#8211; SEIER R\u00f8d jaspis, som pulserer med Mars&#8217; brennende energi, er en stein for mot og styrke. Dens livlige r\u00f8de farge legemliggj\u00f8r Mars&#8217; assosiasjon med handling, besluttsomhet og kriger\u00e5nd. R\u00f8d jaspis er kjent for sine jordende egenskaper, og gir energi til \u00e5 takle utfordringer direkte, og gir n\u00e6ring til [&hellip;]<\/p>\n","protected":false},"featured_media":336621,"comment_status":"closed","ping_status":"open","template":"","meta":{"_angie_page":false},"product_brand":[],"product_cat":[9155,25609,25647,25221,9161],"product_tag":[],"class_list":{"0":"post-209672","1":"product","2":"type-product","3":"status-publish","4":"has-post-thumbnail","6":"product_cat-esoteriske-gaver","7":"product_cat-gullstein","8":"product_cat-jaspis","9":"product_cat-krystaller-edelsteiner","10":"product_cat-trommelsteiner","11":"pa_collection-gemstone-planets-on-a-goldstone-stand-no","12":"pa_made-in-kina","14":"first","15":"instock","16":"purchasable","17":"product-type-simple"},"supplier_id":null,"supplier_sku":"GemPL-03","barcode":null,"atum_controlled":true,"out_stock_date":null,"out_stock_threshold":null,"inheritable":false,"inbound_stock":null,"stock_on_hold":0,"sold_today":0,"sales_last_days":0,"reserved_stock":null,"customer_returns":null,"warehouse_damage":null,"lost_in_post":null,"other_logs":null,"out_stock_days":0,"lost_sales":0,"has_location":null,"update_date":"2026-04-27T07:05:32","atum_locations":[],"atum_stock_status":"instock","restock_status":false,"low_stock_amount":"","sales_update_date":"2025-09-05T00:24:14","calc_backorders":null,"_links":{"self":[{"href":"https:\/\/aromasentia.com\/no\/wp-json\/wp\/v2\/product\/209672","targetHints":{"allow":["GET"]}}],"collection":[{"href":"https:\/\/aromasentia.com\/no\/wp-json\/wp\/v2\/product"}],"about":[{"href":"https:\/\/aromasentia.com\/no\/wp-json\/wp\/v2\/types\/product"}],"replies":[{"embeddable":true,"href":"https:\/\/aromasentia.com\/no\/wp-json\/wp\/v2\/comments?post=209672"}],"version-history":[{"count":0,"href":"https:\/\/aromasentia.com\/no\/wp-json\/wp\/v2\/product\/209672\/revisions"}],"wp:featuredmedia":[{"embeddable":true,"href":"https:\/\/aromasentia.com\/no\/wp-json\/wp\/v2\/media\/336621"}],"wp:attachment":[{"href":"https:\/\/aromasentia.com\/no\/wp-json\/wp\/v2\/media?parent=209672"}],"wp:term":[{"taxonomy":"product_brand","embeddable":true,"href":"https:\/\/aromasentia.com\/no\/wp-json\/wp\/v2\/product_brand?post=209672"},{"taxonomy":"product_cat","embeddable":true,"href":"https:\/\/aromasentia.com\/no\/wp-json\/wp\/v2\/product_cat?post=209672"},{"taxonomy":"product_tag","embeddable":true,"href":"https:\/\/aromasentia.com\/no\/wp-json\/wp\/v2\/product_tag?post=209672"}],"curies":[{"name":"wp","href":"https:\/\/api.w.org\/{rel}","templated":true}]}}