{"id":209671,"date":"2025-03-22T13:29:50","date_gmt":"2025-03-22T13:29:50","guid":{"rendered":"https:\/\/aromasentia.com\/product\/ametyst-planet-on-a-sola-goldstone-stand-40mm-30x15mm-stand\/"},"modified":"2025-05-31T06:28:02","modified_gmt":"2025-05-31T06:28:02","slug":"ametyst-planet-pa-et-sola-goldstone-stativ-40-mm-30x15-mm-stativ","status":"publish","type":"product","link":"https:\/\/aromasentia.com\/no\/ametyst-planet-pa-et-sola-goldstone-stativ-40-mm-30x15-mm-stativ\/","title":{"rendered":"Ametyst Planet P\u00e5 Et Sola Goldstone-Stativ &#8211; 40 mm (30&#215;15 mm Stativ)"},"content":{"rendered":"<p><strong><span style=\"color: rgb(75, 80, 88);\">JUPITER EDELSTEIN PLANET:<\/span><\/strong><\/p>\n<p><span style=\"color: rgb(75, 80, 88);\"><strong>VISDOM &#8211; KRAFT &#8211; KUNNSKAP<\/strong><\/span><\/p>\n<p><span style=\"color: rgb(75, 80, 88);\">Ametyst, som resonerer med Jupiters ekspansive og kongelige energi, er \u00e6ret for sin dype lilla fargetone og kraftige \u00e5ndelige egenskaper. Denne steinen er n\u00e6rt forbundet med kronechakraet, noe som gj\u00f8r den til et viktig verkt\u00f8y for \u00e5 forbedre \u00e5ndelig vekst, klar tenkning og rolig fokus.<\/span><\/p>\n<p><span style=\"color: rgb(75, 80, 88);\">Ametystens forbindelse til Jupiter bringer visdom, ambisjon og en f\u00f8lelse av indre fred, som hjelper deg gjennom livets utfordringer med klarhet og ynde. Ametyst brukes ofte i meditasjon, og fungerer ogs\u00e5 som en beskyttende stein som beskytter mot negative energier samtidig som den fremmer en f\u00f8lelse av ro og h\u00f8yere forst\u00e5else.<\/span><\/p>\n<p><span style=\"color: rgb(75, 80, 88);\">Enten den er innlemmet i daglig praksis eller brukt som et dekorativt stykke, legemliggj\u00f8r ametyst Jupiters visdom og styrke, og oppmuntrer til en balansert og opplyst tiln\u00e6rming til livet.<\/span><\/p>\n<p><span style=\"color: rgb(75, 80, 88);\"><strong>Det solfargede gullsteinstativet gir et jordingsgrunnlag for ametystkulen, som reflekterer kosmos g\u00e5tefulle skj\u00f8nnhet.<\/strong><\/span><\/p>\n<p><span style=\"color: rgb(75, 80, 88);\"><strong>Planetst\u00f8rrelse: 40 mm<\/strong><\/span><\/p>\n<p><strong><span style=\"color: rgb(75, 80, 88);\">Stativst\u00f8rrelse: 3x15mm<\/p>\n","protected":false},"excerpt":{"rendered":"<p>JUPITER EDELSTEIN PLANET: VISDOM &#8211; KRAFT &#8211; KUNNSKAP Ametyst, som resonerer med Jupiters ekspansive og kongelige energi, er \u00e6ret for sin dype lilla fargetone og kraftige \u00e5ndelige egenskaper. Denne steinen er n\u00e6rt forbundet med kronechakraet, noe som gj\u00f8r den til et viktig verkt\u00f8y for \u00e5 forbedre \u00e5ndelig vekst, klar tenkning og rolig fokus. Ametystens forbindelse [&hellip;]<\/p>\n","protected":false},"featured_media":336540,"comment_status":"closed","ping_status":"open","template":"","meta":[],"product_brand":[],"product_cat":[9155,25609,25221,9161],"product_tag":[],"class_list":{"0":"post-209671","1":"product","2":"type-product","3":"status-publish","4":"has-post-thumbnail","6":"product_cat-esoteriske-gaver","7":"product_cat-gullstein","8":"product_cat-krystaller-edelsteiner","9":"product_cat-trommelsteiner","10":"pa_collection-gemstone-planets-on-a-goldstone-stand-no","11":"pa_made-in-kina","13":"first","14":"instock","15":"purchasable","16":"product-type-simple"},"supplier_id":null,"supplier_sku":"GemPL-02","barcode":null,"atum_controlled":true,"out_stock_date":null,"out_stock_threshold":null,"inheritable":false,"inbound_stock":null,"stock_on_hold":0,"sold_today":0,"sales_last_days":0,"reserved_stock":null,"customer_returns":null,"warehouse_damage":null,"lost_in_post":null,"other_logs":null,"out_stock_days":0,"lost_sales":0,"has_location":null,"update_date":"2026-02-06T00:01:41","atum_locations":[],"atum_stock_status":"instock","restock_status":false,"low_stock_amount":"","sales_update_date":"2026-02-06T00:01:41","calc_backorders":null,"_links":{"self":[{"href":"https:\/\/aromasentia.com\/no\/wp-json\/wp\/v2\/product\/209671","targetHints":{"allow":["GET"]}}],"collection":[{"href":"https:\/\/aromasentia.com\/no\/wp-json\/wp\/v2\/product"}],"about":[{"href":"https:\/\/aromasentia.com\/no\/wp-json\/wp\/v2\/types\/product"}],"replies":[{"embeddable":true,"href":"https:\/\/aromasentia.com\/no\/wp-json\/wp\/v2\/comments?post=209671"}],"version-history":[{"count":0,"href":"https:\/\/aromasentia.com\/no\/wp-json\/wp\/v2\/product\/209671\/revisions"}],"wp:featuredmedia":[{"embeddable":true,"href":"https:\/\/aromasentia.com\/no\/wp-json\/wp\/v2\/media\/336540"}],"wp:attachment":[{"href":"https:\/\/aromasentia.com\/no\/wp-json\/wp\/v2\/media?parent=209671"}],"wp:term":[{"taxonomy":"product_brand","embeddable":true,"href":"https:\/\/aromasentia.com\/no\/wp-json\/wp\/v2\/product_brand?post=209671"},{"taxonomy":"product_cat","embeddable":true,"href":"https:\/\/aromasentia.com\/no\/wp-json\/wp\/v2\/product_cat?post=209671"},{"taxonomy":"product_tag","embeddable":true,"href":"https:\/\/aromasentia.com\/no\/wp-json\/wp\/v2\/product_tag?post=209671"}],"curies":[{"name":"wp","href":"https:\/\/api.w.org\/{rel}","templated":true}]}}