{"id":209669,"date":"2025-03-22T13:29:50","date_gmt":"2025-03-22T13:29:50","guid":{"rendered":"https:\/\/aromasentia.com\/product\/lingam-shaped-gemstone-pendulum-rose-quartz\/"},"modified":"2025-05-31T06:27:51","modified_gmt":"2025-05-31T06:27:51","slug":"lingamformet-pendel-rosenkvarts","status":"publish","type":"product","link":"https:\/\/aromasentia.com\/no\/lingamformet-pendel-rosenkvarts\/","title":{"rendered":"Lingamformet Pendel &#8211; Rosenkvarts"},"content":{"rendered":"<h6><strong><span style=\"color: rgb(235, 107, 86);\">&nbsp;3x Rose Quartz Lingam-formede pendler<\/span><\/strong><\/strong><\/h6>\n<p>Tiltrekke kunder som s\u00f8ker kj\u00e6rlighet, medf\u00f8lelse og kraftfull kontakt med disse fortryllende <strong>Rose Quartz Lingam-pendelene.<\/strong> <\/strong><\/p>\n<p>Hver pendel har en <strong>ekte rosenkvarts-edelsten<\/strong>, omhyggelig formet og polert til en lingam-form. <strong>Lingamformen symboliserer maskulin energi og antas \u00e5 styrke selvkj\u00e6rlighet og selvtillit,<\/strong> mens rosakvartsen i seg selv er kjent for sin tilknytning til <strong>kj\u00e6rlighet, medf\u00f8lelse og f\u00f8lelsesmessig helbredelse.<\/strong><\/p>\n<p><strong>Produktegenskaper:<\/strong><\/p>\n<p>\u00e2-\u00aa\u00ef\u00ef\u00b8 Ekte rosenkvarts-edelsten<\/p>\n<p>\u00e2-\u00aa\u00ef\u00b8 Lingam-formet for \u00f8kt kreativitet<\/p>\n<p>\u00e2-\u00aa\u00ef\u00b8 Glatt, polert finish<\/p>\n<p>S\u00f8lvbelagt kjede (ca. 170 mm langt) og edelstenperle&nbsp;<\/p>\n<p>\u00e2-\u00aa\u00ef\u00ef\u00ef\u00b8 Parti med 3 stk<\/p>\n<p><strong>Gj\u00f8r det mulig for kundene dine \u00e5 dyrke egenkj\u00e6rlighet, tiltrekke seg sunne relasjoner og utstr\u00e5le medf\u00f8lelse. Legg til Rose Quartz Lingam-pendler i varelageret ditt i dag!<\/p>\n","protected":false},"excerpt":{"rendered":"<p>&nbsp;3x Rose Quartz Lingam-formede pendler Tiltrekke kunder som s\u00f8ker kj\u00e6rlighet, medf\u00f8lelse og kraftfull kontakt med disse fortryllende Rose Quartz Lingam-pendelene. Hver pendel har en ekte rosenkvarts-edelsten, omhyggelig formet og polert til en lingam-form. Lingamformen symboliserer maskulin energi og antas \u00e5 styrke selvkj\u00e6rlighet og selvtillit, mens rosakvartsen i seg selv er kjent for sin tilknytning til [&hellip;]<\/p>\n","protected":false},"featured_media":336482,"comment_status":"closed","ping_status":"open","template":"","meta":{"_angie_page":false},"product_brand":[],"product_cat":[8394,9163,25221,25734,9158,25746,25758],"product_tag":[],"class_list":{"0":"post-209669","1":"product","2":"type-product","3":"status-publish","4":"has-post-thumbnail","6":"product_cat-hjem-og-hage","7":"product_cat-inspirasjon","8":"product_cat-krystaller-edelsteiner","9":"product_cat-kvarts","10":"product_cat-pendler-og-runesett","11":"product_cat-rosenkvarts","12":"product_cat-shiva-lingam","13":"pa_collection-gemstone-magic-pendulums-no","14":"pa_made-in-india","16":"first","17":"instock","18":"purchasable","19":"product-type-simple"},"supplier_id":null,"supplier_sku":"GemMP-33","barcode":null,"atum_controlled":true,"out_stock_date":null,"out_stock_threshold":null,"inheritable":false,"inbound_stock":null,"stock_on_hold":0,"sold_today":0,"sales_last_days":0,"reserved_stock":null,"customer_returns":null,"warehouse_damage":null,"lost_in_post":null,"other_logs":null,"out_stock_days":0,"lost_sales":0,"has_location":null,"update_date":"2026-04-27T07:05:23","atum_locations":[],"atum_stock_status":"instock","restock_status":false,"low_stock_amount":"","sales_update_date":"2026-01-30T01:26:04","calc_backorders":null,"_links":{"self":[{"href":"https:\/\/aromasentia.com\/no\/wp-json\/wp\/v2\/product\/209669","targetHints":{"allow":["GET"]}}],"collection":[{"href":"https:\/\/aromasentia.com\/no\/wp-json\/wp\/v2\/product"}],"about":[{"href":"https:\/\/aromasentia.com\/no\/wp-json\/wp\/v2\/types\/product"}],"replies":[{"embeddable":true,"href":"https:\/\/aromasentia.com\/no\/wp-json\/wp\/v2\/comments?post=209669"}],"version-history":[{"count":0,"href":"https:\/\/aromasentia.com\/no\/wp-json\/wp\/v2\/product\/209669\/revisions"}],"wp:featuredmedia":[{"embeddable":true,"href":"https:\/\/aromasentia.com\/no\/wp-json\/wp\/v2\/media\/336482"}],"wp:attachment":[{"href":"https:\/\/aromasentia.com\/no\/wp-json\/wp\/v2\/media?parent=209669"}],"wp:term":[{"taxonomy":"product_brand","embeddable":true,"href":"https:\/\/aromasentia.com\/no\/wp-json\/wp\/v2\/product_brand?post=209669"},{"taxonomy":"product_cat","embeddable":true,"href":"https:\/\/aromasentia.com\/no\/wp-json\/wp\/v2\/product_cat?post=209669"},{"taxonomy":"product_tag","embeddable":true,"href":"https:\/\/aromasentia.com\/no\/wp-json\/wp\/v2\/product_tag?post=209669"}],"curies":[{"name":"wp","href":"https:\/\/api.w.org\/{rel}","templated":true}]}}