{"id":209667,"date":"2025-03-22T13:29:50","date_gmt":"2025-03-22T13:29:50","guid":{"rendered":"https:\/\/aromasentia.com\/product\/lingam-shaped-gemstone-pendulum-amethyst\/"},"modified":"2025-05-31T06:27:39","modified_gmt":"2025-05-31T06:27:39","slug":"lingamformet-pendel-ametyst","status":"publish","type":"product","link":"https:\/\/aromasentia.com\/no\/lingamformet-pendel-ametyst\/","title":{"rendered":"Lingamformet Pendel &#8211; Ametyst"},"content":{"rendered":"<h6><strong><span style=\"color: rgb(147, 101, 184);\">&nbsp;3x Amethyst Lingam-formede pendler<\/span><\/strong><\/strong><\/h6>\n<p>Tiltrekke kunder som s\u00f8ker \u00e5ndelig styrke og kreativ flyt med disse vakre <strong>Amethyst Lingam-pendelene.<\/strong> <\/strong><\/p>\n<p>Hver pendel har en<strong>&nbsp;ekte ametyst-edelsten<\/strong>, omhyggelig formet og polert til en lingamform. <strong>Lingamformen symboliserer maskulin energi og antas \u00e5 styrke kreativiteten,<\/strong> mens selve ametyst-edelstenen er kjent for sin tilknytning til <strong>helbredelse, \u00e5ndelig bevissthet og intuisjon.<\/strong><\/p>\n<p><strong>Produktegenskaper:<\/strong><\/p>\n<p>\u00e2-\u00aa\u00ef\u00b8 Ekte ametyst-edelsten<\/p>\n<p>\u00e2-\u00aa\u00ef\u00b8 Lingam-formet for \u00f8kt kreativitet<\/p>\n<p>\u00e2-\u00aa\u00ef\u00b8 Glatt, polert finish<\/p>\n<p>S\u00f8lvbelagt kjede (ca. 170 mm langt) og edelstenperle&nbsp;<\/p>\n<p>\u00e2-\u00aa\u00ef\u00ef\u00ef\u00b8 Parti med 3 stk<\/p>\n<p><strong>Styrk kundene dine p\u00e5 deres \u00e5ndelige reise og stimuler kreativiteten deres. Legg til Amethyst Lingam-pendler i varelageret ditt i dag!<\/p>\n","protected":false},"excerpt":{"rendered":"<p>&nbsp;3x Amethyst Lingam-formede pendler Tiltrekke kunder som s\u00f8ker \u00e5ndelig styrke og kreativ flyt med disse vakre Amethyst Lingam-pendelene. Hver pendel har en&nbsp;ekte ametyst-edelsten, omhyggelig formet og polert til en lingamform. Lingamformen symboliserer maskulin energi og antas \u00e5 styrke kreativiteten, mens selve ametyst-edelstenen er kjent for sin tilknytning til helbredelse, \u00e5ndelig bevissthet og intuisjon. Produktegenskaper: \u00e2-\u00aa\u00ef\u00b8 [&hellip;]<\/p>\n","protected":false},"featured_media":336448,"comment_status":"closed","ping_status":"open","template":"","meta":{"_angie_page":false},"product_brand":[],"product_cat":[25548,8394,9163,25221,9158,25758],"product_tag":[],"class_list":{"0":"post-209667","1":"product","2":"type-product","3":"status-publish","4":"has-post-thumbnail","6":"product_cat-ametyst","7":"product_cat-hjem-og-hage","8":"product_cat-inspirasjon","9":"product_cat-krystaller-edelsteiner","10":"product_cat-pendler-og-runesett","11":"product_cat-shiva-lingam","12":"pa_collection-gemstone-magic-pendulums-no","13":"pa_made-in-india","15":"first","16":"instock","17":"purchasable","18":"product-type-simple"},"supplier_id":null,"supplier_sku":"GemMP-31","barcode":null,"atum_controlled":true,"out_stock_date":null,"out_stock_threshold":null,"inheritable":false,"inbound_stock":null,"stock_on_hold":0,"sold_today":0,"sales_last_days":0,"reserved_stock":null,"customer_returns":null,"warehouse_damage":null,"lost_in_post":null,"other_logs":null,"out_stock_days":0,"lost_sales":0,"has_location":null,"update_date":"2026-05-04T00:03:55","atum_locations":[],"atum_stock_status":"instock","restock_status":false,"low_stock_amount":"","sales_update_date":"2026-01-30T01:24:56","calc_backorders":null,"_links":{"self":[{"href":"https:\/\/aromasentia.com\/no\/wp-json\/wp\/v2\/product\/209667","targetHints":{"allow":["GET"]}}],"collection":[{"href":"https:\/\/aromasentia.com\/no\/wp-json\/wp\/v2\/product"}],"about":[{"href":"https:\/\/aromasentia.com\/no\/wp-json\/wp\/v2\/types\/product"}],"replies":[{"embeddable":true,"href":"https:\/\/aromasentia.com\/no\/wp-json\/wp\/v2\/comments?post=209667"}],"version-history":[{"count":0,"href":"https:\/\/aromasentia.com\/no\/wp-json\/wp\/v2\/product\/209667\/revisions"}],"wp:featuredmedia":[{"embeddable":true,"href":"https:\/\/aromasentia.com\/no\/wp-json\/wp\/v2\/media\/336448"}],"wp:attachment":[{"href":"https:\/\/aromasentia.com\/no\/wp-json\/wp\/v2\/media?parent=209667"}],"wp:term":[{"taxonomy":"product_brand","embeddable":true,"href":"https:\/\/aromasentia.com\/no\/wp-json\/wp\/v2\/product_brand?post=209667"},{"taxonomy":"product_cat","embeddable":true,"href":"https:\/\/aromasentia.com\/no\/wp-json\/wp\/v2\/product_cat?post=209667"},{"taxonomy":"product_tag","embeddable":true,"href":"https:\/\/aromasentia.com\/no\/wp-json\/wp\/v2\/product_tag?post=209667"}],"curies":[{"name":"wp","href":"https:\/\/api.w.org\/{rel}","templated":true}]}}