{"id":209663,"date":"2025-03-22T13:29:50","date_gmt":"2025-03-22T13:29:50","guid":{"rendered":"https:\/\/aromasentia.com\/product\/magic-pendulum-seven-chakra-rose-quartz\/"},"modified":"2025-05-31T06:27:15","modified_gmt":"2025-05-31T06:27:15","slug":"pendel-syv-chakraer-rosenkvarts","status":"publish","type":"product","link":"https:\/\/aromasentia.com\/no\/pendel-syv-chakraer-rosenkvarts\/","title":{"rendered":"Pendel &#8211; Syv Chakraer &#8211; Rosenkvarts"},"content":{"rendered":"<p><span style=\"color: rgb(75, 80, 88);\">Disse krystallpendlene er unike, med forskjellige slipinger, forskjellige steiner &#8230; forskjellig energi. Med en metallkjede og edelstenperler i toppen har de virkelig noe magisk over seg.<\/span><\/p>\n<p><span style=\"color: rgb(75, 80, 88);\">Edelstenspendler av h\u00f8y kvalitet med en rekke steiner.<\/span><\/p>\n<p><span style=\"color: rgb(75, 80, 88);\">Festet til en kjede p\u00e5 ca. 200 mm med en edelstenskule i enden av kjeden, festet til rosenkvarts med forskjellige edelstenperler i enden. Kjedelengde &#8211; ca. 180 mm.<\/span><\/p>\n<p><span style=\"color: rgb(75, 80, 88);\"><strong>MERK:<\/strong>Disse pendelene er h\u00e5ndlaget av et naturprodukt. P\u00e5 grunn av dette kan st\u00f8rrelsene p\u00e5 edelstenene variere.<\/span><\/p>\n<p><span style=\"color: rgb(75, 80, 88);\">En edelsten? av en krystallpendel.<\/span><\/p>\n","protected":false},"excerpt":{"rendered":"<p>Disse krystallpendlene er unike, med forskjellige slipinger, forskjellige steiner &#8230; forskjellig energi. Med en metallkjede og edelstenperler i toppen har de virkelig noe magisk over seg. Edelstenspendler av h\u00f8y kvalitet med en rekke steiner. Festet til en kjede p\u00e5 ca. 200 mm med en edelstenskule i enden av kjeden, festet til rosenkvarts med forskjellige edelstenperler [&hellip;]<\/p>\n","protected":false},"featured_media":336316,"comment_status":"closed","ping_status":"open","template":"","meta":{"_angie_page":false},"product_brand":[],"product_cat":[8394,9163,25221,25734,9158,25746],"product_tag":[],"class_list":{"0":"post-209663","1":"product","2":"type-product","3":"status-publish","4":"has-post-thumbnail","6":"product_cat-hjem-og-hage","7":"product_cat-inspirasjon","8":"product_cat-krystaller-edelsteiner","9":"product_cat-kvarts","10":"product_cat-pendler-og-runesett","11":"product_cat-rosenkvarts","12":"pa_collection-gemstone-magic-pendulums-no","13":"pa_made-in-india","15":"first","16":"instock","17":"purchasable","18":"product-type-simple"},"supplier_id":null,"supplier_sku":"GemMP-27","barcode":null,"atum_controlled":true,"out_stock_date":null,"out_stock_threshold":null,"inheritable":false,"inbound_stock":null,"stock_on_hold":0,"sold_today":0,"sales_last_days":0,"reserved_stock":null,"customer_returns":null,"warehouse_damage":null,"lost_in_post":null,"other_logs":null,"out_stock_days":0,"lost_sales":0,"has_location":null,"update_date":"2026-04-27T07:05:23","atum_locations":[],"atum_stock_status":"instock","restock_status":false,"low_stock_amount":"","sales_update_date":"2026-02-06T00:02:09","calc_backorders":null,"_links":{"self":[{"href":"https:\/\/aromasentia.com\/no\/wp-json\/wp\/v2\/product\/209663","targetHints":{"allow":["GET"]}}],"collection":[{"href":"https:\/\/aromasentia.com\/no\/wp-json\/wp\/v2\/product"}],"about":[{"href":"https:\/\/aromasentia.com\/no\/wp-json\/wp\/v2\/types\/product"}],"replies":[{"embeddable":true,"href":"https:\/\/aromasentia.com\/no\/wp-json\/wp\/v2\/comments?post=209663"}],"version-history":[{"count":0,"href":"https:\/\/aromasentia.com\/no\/wp-json\/wp\/v2\/product\/209663\/revisions"}],"wp:featuredmedia":[{"embeddable":true,"href":"https:\/\/aromasentia.com\/no\/wp-json\/wp\/v2\/media\/336316"}],"wp:attachment":[{"href":"https:\/\/aromasentia.com\/no\/wp-json\/wp\/v2\/media?parent=209663"}],"wp:term":[{"taxonomy":"product_brand","embeddable":true,"href":"https:\/\/aromasentia.com\/no\/wp-json\/wp\/v2\/product_brand?post=209663"},{"taxonomy":"product_cat","embeddable":true,"href":"https:\/\/aromasentia.com\/no\/wp-json\/wp\/v2\/product_cat?post=209663"},{"taxonomy":"product_tag","embeddable":true,"href":"https:\/\/aromasentia.com\/no\/wp-json\/wp\/v2\/product_tag?post=209663"}],"curies":[{"name":"wp","href":"https:\/\/api.w.org\/{rel}","templated":true}]}}