{"id":209643,"date":"2025-03-22T13:29:58","date_gmt":"2025-03-22T13:29:58","guid":{"rendered":"https:\/\/aromasentia.com\/product\/rock-crystal-gemstone-tree-160-stones\/"},"modified":"2025-05-31T06:26:05","modified_gmt":"2025-05-31T06:26:05","slug":"bergkrystall-gemstone-tree-160-steiner","status":"publish","type":"product","link":"https:\/\/aromasentia.com\/no\/bergkrystall-gemstone-tree-160-steiner\/","title":{"rendered":"Bergkrystall Gemstone Tree &#8211; 160 Steiner"},"content":{"rendered":"<p>Disse indiske edelstenstr\u00e6rne er h\u00e5ndlaget av ekte edelstener og montert p\u00e5 baser av edelstensstein.<\/p>\n<p>Hvis du vil ha wow-faktor, bygg deg en edelstensskog-utstilling med informasjon om de forskjellige steinene. Grenene kan kunstferdig arrangeres, og de trenger naturligvis aldri beskj\u00e6ring eller vanning.<\/p>\n","protected":false},"excerpt":{"rendered":"<p>Disse indiske edelstenstr\u00e6rne er h\u00e5ndlaget av ekte edelstener og montert p\u00e5 baser av edelstensstein. Hvis du vil ha wow-faktor, bygg deg en edelstensskog-utstilling med informasjon om de forskjellige steinene. Grenene kan kunstferdig arrangeres, og de trenger naturligvis aldri beskj\u00e6ring eller vanning.<\/p>\n","protected":false},"featured_media":338331,"comment_status":"closed","ping_status":"open","template":"","meta":{"_angie_page":false},"product_brand":[],"product_cat":[25740,9166,9155,25221],"product_tag":[],"class_list":{"0":"post-209643","1":"product","2":"type-product","3":"status-publish","4":"has-post-thumbnail","6":"product_cat-bergkrystall","7":"product_cat-dekorasjoner-med-edelstener","8":"product_cat-esoteriske-gaver","9":"product_cat-krystaller-edelsteiner","10":"pa_collection-indian-gemstone-trees-no","11":"pa_made-in-india","13":"first","14":"instock","15":"purchasable","16":"product-type-simple"},"supplier_id":null,"supplier_sku":"IGemT-15","barcode":null,"atum_controlled":true,"out_stock_date":null,"out_stock_threshold":null,"inheritable":false,"inbound_stock":null,"stock_on_hold":0,"sold_today":0,"sales_last_days":0,"reserved_stock":null,"customer_returns":null,"warehouse_damage":null,"lost_in_post":null,"other_logs":null,"out_stock_days":0,"lost_sales":0,"has_location":null,"update_date":"2026-04-27T07:08:39","atum_locations":[],"atum_stock_status":"instock","restock_status":false,"low_stock_amount":"","sales_update_date":"2025-09-05T00:24:26","calc_backorders":null,"_links":{"self":[{"href":"https:\/\/aromasentia.com\/no\/wp-json\/wp\/v2\/product\/209643","targetHints":{"allow":["GET"]}}],"collection":[{"href":"https:\/\/aromasentia.com\/no\/wp-json\/wp\/v2\/product"}],"about":[{"href":"https:\/\/aromasentia.com\/no\/wp-json\/wp\/v2\/types\/product"}],"replies":[{"embeddable":true,"href":"https:\/\/aromasentia.com\/no\/wp-json\/wp\/v2\/comments?post=209643"}],"version-history":[{"count":0,"href":"https:\/\/aromasentia.com\/no\/wp-json\/wp\/v2\/product\/209643\/revisions"}],"wp:featuredmedia":[{"embeddable":true,"href":"https:\/\/aromasentia.com\/no\/wp-json\/wp\/v2\/media\/338331"}],"wp:attachment":[{"href":"https:\/\/aromasentia.com\/no\/wp-json\/wp\/v2\/media?parent=209643"}],"wp:term":[{"taxonomy":"product_brand","embeddable":true,"href":"https:\/\/aromasentia.com\/no\/wp-json\/wp\/v2\/product_brand?post=209643"},{"taxonomy":"product_cat","embeddable":true,"href":"https:\/\/aromasentia.com\/no\/wp-json\/wp\/v2\/product_cat?post=209643"},{"taxonomy":"product_tag","embeddable":true,"href":"https:\/\/aromasentia.com\/no\/wp-json\/wp\/v2\/product_tag?post=209643"}],"curies":[{"name":"wp","href":"https:\/\/api.w.org\/{rel}","templated":true}]}}