{"id":209629,"date":"2025-03-22T13:29:58","date_gmt":"2025-03-22T13:29:58","guid":{"rendered":"https:\/\/aromasentia.com\/product\/extra-large-twisted-wood-and-rock-quartz-wand\/"},"modified":"2025-05-31T06:25:22","modified_gmt":"2025-05-31T06:25:22","slug":"ekstra-tvunnet-trestav-med-bergartskvarts-stor","status":"publish","type":"product","link":"https:\/\/aromasentia.com\/no\/ekstra-tvunnet-trestav-med-bergartskvarts-stor\/","title":{"rendered":"Ekstra Tvunnet Trestav med Bergartskvarts Stor"},"content":{"rendered":"<p>Selv om <strong>Crystal Healing Wands<\/strong> er et bemerkelsesverdig tillegg til dine tilbud, m\u00e5 du ikke glemme at Ancient Wisdom har et bredt utvalg av edelstener og esoteriske gaver, som alle harmonerer vakkert med hverandre. Vurder \u00e5 sette sammen et meditasjonssett som kan gi b\u00e5de \u00e5ndelige s\u00f8kere og forretningen din en betydelig margin. Ved \u00e5 inkludere disse tryllestavene i butikken din, selger du ikke bare produkter; du tilbyr en transformativ reise mot indre opplysning og holistisk velv\u00e6re. <\/p>\n<p><strong>Wholesale <\/strong><strong>Extra Large Twisted Wood and Rock Quartz Wand<\/strong><\/p>\n<p>En uts\u00f8kt fusjon av naturens skj\u00f8nnhet og mystiske tiltrekningskraft. Disse tryllestavene er utformet til perfeksjon og f\u00f8lger treets naturlige konturer, utsmykket med str\u00e5lende krystaller, noe som gj\u00f8r dem til et fengslende tillegg til ethvert mystisk alter.<\/p>\n","protected":false},"excerpt":{"rendered":"<p>Selv om Crystal Healing Wands er et bemerkelsesverdig tillegg til dine tilbud, m\u00e5 du ikke glemme at Ancient Wisdom har et bredt utvalg av edelstener og esoteriske gaver, som alle harmonerer vakkert med hverandre. Vurder \u00e5 sette sammen et meditasjonssett som kan gi b\u00e5de \u00e5ndelige s\u00f8kere og forretningen din en betydelig margin. Ved \u00e5 inkludere [&hellip;]<\/p>\n","protected":false},"featured_media":338069,"comment_status":"closed","ping_status":"open","template":"","meta":{"_angie_page":false},"product_brand":[],"product_cat":[9166,8394,9163,25221,25734],"product_tag":[],"class_list":{"0":"post-209629","1":"product","2":"type-product","3":"status-publish","4":"has-post-thumbnail","6":"product_cat-dekorasjoner-med-edelstener","7":"product_cat-hjem-og-hage","8":"product_cat-inspirasjon","9":"product_cat-krystaller-edelsteiner","10":"product_cat-kvarts","11":"pa_collection-crystal-healing-wands-no","12":"pa_made-in-india","14":"first","15":"instock","16":"purchasable","17":"product-type-simple"},"supplier_id":null,"supplier_sku":"HWand-60","barcode":null,"atum_controlled":true,"out_stock_date":null,"out_stock_threshold":null,"inheritable":false,"inbound_stock":null,"stock_on_hold":0,"sold_today":0,"sales_last_days":0,"reserved_stock":null,"customer_returns":null,"warehouse_damage":null,"lost_in_post":null,"other_logs":null,"out_stock_days":0,"lost_sales":0,"has_location":null,"update_date":"2026-04-27T07:08:29","atum_locations":[],"atum_stock_status":"instock","restock_status":false,"low_stock_amount":"","sales_update_date":"2026-01-30T01:24:23","calc_backorders":null,"_links":{"self":[{"href":"https:\/\/aromasentia.com\/no\/wp-json\/wp\/v2\/product\/209629","targetHints":{"allow":["GET"]}}],"collection":[{"href":"https:\/\/aromasentia.com\/no\/wp-json\/wp\/v2\/product"}],"about":[{"href":"https:\/\/aromasentia.com\/no\/wp-json\/wp\/v2\/types\/product"}],"replies":[{"embeddable":true,"href":"https:\/\/aromasentia.com\/no\/wp-json\/wp\/v2\/comments?post=209629"}],"version-history":[{"count":0,"href":"https:\/\/aromasentia.com\/no\/wp-json\/wp\/v2\/product\/209629\/revisions"}],"wp:featuredmedia":[{"embeddable":true,"href":"https:\/\/aromasentia.com\/no\/wp-json\/wp\/v2\/media\/338069"}],"wp:attachment":[{"href":"https:\/\/aromasentia.com\/no\/wp-json\/wp\/v2\/media?parent=209629"}],"wp:term":[{"taxonomy":"product_brand","embeddable":true,"href":"https:\/\/aromasentia.com\/no\/wp-json\/wp\/v2\/product_brand?post=209629"},{"taxonomy":"product_cat","embeddable":true,"href":"https:\/\/aromasentia.com\/no\/wp-json\/wp\/v2\/product_cat?post=209629"},{"taxonomy":"product_tag","embeddable":true,"href":"https:\/\/aromasentia.com\/no\/wp-json\/wp\/v2\/product_tag?post=209629"}],"curies":[{"name":"wp","href":"https:\/\/api.w.org\/{rel}","templated":true}]}}