{"id":209628,"date":"2025-03-22T13:29:58","date_gmt":"2025-03-22T13:29:58","guid":{"rendered":"https:\/\/aromasentia.com\/product\/mini-gemstone-trees-on-orgonite-base-black-agate-15-stones\/"},"modified":"2025-05-31T06:25:19","modified_gmt":"2025-05-31T06:25:19","slug":"mini-gemstone-tree-pa-orgonittbase-svart-agat-15-steiner","status":"publish","type":"product","link":"https:\/\/aromasentia.com\/no\/mini-gemstone-tree-pa-orgonittbase-svart-agat-15-steiner\/","title":{"rendered":"Mini Gemstone Tree P\u00e5 Orgonittbase &#8211; Svart Agat (15 Steiner)"},"content":{"rendered":"<p><span style=\"color: rgb(75, 80, 88);\"><strong>Produktdetaljer:<\/strong><\/span><\/p>\n<p><span style=\"color: rgb(75, 80, 88);\"><br \/><\/span><\/p>\n<p><span style=\"color: rgb(75, 80, 88);\">&#8211; Orgonittbase<\/span><\/p>\n<p><span style=\"color: rgb(75, 80, 88);\">&#8211; Pyntet med 15 svarte agat-edelstener<\/span><\/p>\n<p><span style=\"color: rgb(75, 80, 88);\">&#8211; Hvert tre er ca. 5 cm<\/span><\/p>\n<p><span style=\"color: rgb(75, 80, 88);\">&#8211; Laget og levert av en veletablert leverand\u00f8r i India<\/span><\/p>\n<p><span style=\"color: rgb(75, 80, 88);\">Plastkassene disse tr\u00e6rne kommer i kan brukes om igjen som samlerbokser eller gjenbrukes p\u00e5 kreative m\u00e5ter.<\/span><\/p>\n","protected":false},"excerpt":{"rendered":"<p>Produktdetaljer: &#8211; Orgonittbase &#8211; Pyntet med 15 svarte agat-edelstener &#8211; Hvert tre er ca. 5 cm &#8211; Laget og levert av en veletablert leverand\u00f8r i India Plastkassene disse tr\u00e6rne kommer i kan brukes om igjen som samlerbokser eller gjenbrukes p\u00e5 kreative m\u00e5ter.<\/p>\n","protected":false},"featured_media":339374,"comment_status":"closed","ping_status":"open","template":"","meta":[],"product_brand":[],"product_cat":[25539,9166,9155,25221],"product_tag":[],"class_list":{"0":"post-209628","1":"product","2":"type-product","3":"status-publish","4":"has-post-thumbnail","6":"product_cat-agat","7":"product_cat-dekorasjoner-med-edelstener","8":"product_cat-esoteriske-gaver","9":"product_cat-krystaller-edelsteiner","10":"pa_collection-mini-gemstone-trees-no","11":"pa_made-in-india","13":"first","14":"instock","15":"purchasable","16":"product-type-simple"},"supplier_id":null,"supplier_sku":"MGemT-09","barcode":null,"atum_controlled":true,"out_stock_date":null,"out_stock_threshold":null,"inheritable":false,"inbound_stock":null,"stock_on_hold":0,"sold_today":0,"sales_last_days":0,"reserved_stock":null,"customer_returns":null,"warehouse_damage":null,"lost_in_post":null,"other_logs":null,"out_stock_days":0,"lost_sales":0,"has_location":null,"update_date":"2026-01-30T01:25:40","atum_locations":[],"atum_stock_status":"instock","restock_status":false,"low_stock_amount":"","sales_update_date":"2026-01-30T01:25:40","calc_backorders":null,"_links":{"self":[{"href":"https:\/\/aromasentia.com\/no\/wp-json\/wp\/v2\/product\/209628","targetHints":{"allow":["GET"]}}],"collection":[{"href":"https:\/\/aromasentia.com\/no\/wp-json\/wp\/v2\/product"}],"about":[{"href":"https:\/\/aromasentia.com\/no\/wp-json\/wp\/v2\/types\/product"}],"replies":[{"embeddable":true,"href":"https:\/\/aromasentia.com\/no\/wp-json\/wp\/v2\/comments?post=209628"}],"version-history":[{"count":0,"href":"https:\/\/aromasentia.com\/no\/wp-json\/wp\/v2\/product\/209628\/revisions"}],"wp:featuredmedia":[{"embeddable":true,"href":"https:\/\/aromasentia.com\/no\/wp-json\/wp\/v2\/media\/339374"}],"wp:attachment":[{"href":"https:\/\/aromasentia.com\/no\/wp-json\/wp\/v2\/media?parent=209628"}],"wp:term":[{"taxonomy":"product_brand","embeddable":true,"href":"https:\/\/aromasentia.com\/no\/wp-json\/wp\/v2\/product_brand?post=209628"},{"taxonomy":"product_cat","embeddable":true,"href":"https:\/\/aromasentia.com\/no\/wp-json\/wp\/v2\/product_cat?post=209628"},{"taxonomy":"product_tag","embeddable":true,"href":"https:\/\/aromasentia.com\/no\/wp-json\/wp\/v2\/product_tag?post=209628"}],"curies":[{"name":"wp","href":"https:\/\/api.w.org\/{rel}","templated":true}]}}