{"id":209620,"date":"2025-03-22T13:29:58","date_gmt":"2025-03-22T13:29:58","guid":{"rendered":"https:\/\/aromasentia.com\/product\/mini-gemstone-trees-on-orgonite-base-multi-stones-15-stones\/"},"modified":"2025-05-31T06:24:45","modified_gmt":"2025-05-31T06:24:45","slug":"mini-gemstone-tree-pa-orgonittbase-multi-stones-15-steiner","status":"publish","type":"product","link":"https:\/\/aromasentia.com\/no\/mini-gemstone-tree-pa-orgonittbase-multi-stones-15-steiner\/","title":{"rendered":"Mini Gemstone Tree P\u00e5 Orgonittbase &#8211; Multi Stones (15 Steiner)"},"content":{"rendered":"<p><span style=\"color: rgb(75, 80, 88);\"><strong>Produktdetaljer:<\/strong><\/span><\/p>\n<p><span style=\"color: rgb(75, 80, 88);\"><br \/><\/span><\/p>\n<p><span style=\"color: rgb(75, 80, 88);\">&#8211; Orgonittbase<\/span><\/p>\n<p><span style=\"color: rgb(75, 80, 88);\">&#8211; Pyntet med edelstener med flere steiner<\/span><\/p>\n<p><span style=\"color: rgb(75, 80, 88);\">&#8211; Hvert tre er ca. 5 cm<\/span><\/p>\n<p><span style=\"color: rgb(75, 80, 88);\">&#8211; Laget og levert av en veletablert leverand\u00f8r i India<\/span><\/p>\n<p><span style=\"color: rgb(75, 80, 88);\">Plastkassene disse tr\u00e6rne kommer i kan brukes om igjen som samlerbokser eller gjenbrukes p\u00e5 kreative m\u00e5ter.<\/span><\/p>\n","protected":false},"excerpt":{"rendered":"<p>Produktdetaljer: &#8211; Orgonittbase &#8211; Pyntet med edelstener med flere steiner &#8211; Hvert tre er ca. 5 cm &#8211; Laget og levert av en veletablert leverand\u00f8r i India Plastkassene disse tr\u00e6rne kommer i kan brukes om igjen som samlerbokser eller gjenbrukes p\u00e5 kreative m\u00e5ter.<\/p>\n","protected":false},"featured_media":338982,"comment_status":"closed","ping_status":"open","template":"","meta":{"_angie_page":false},"product_brand":[],"product_cat":[9166,9155],"product_tag":[],"class_list":{"0":"post-209620","1":"product","2":"type-product","3":"status-publish","4":"has-post-thumbnail","6":"product_cat-dekorasjoner-med-edelstener","7":"product_cat-esoteriske-gaver","8":"pa_collection-mini-gemstone-trees-no","9":"pa_made-in-india","11":"first","12":"instock","13":"purchasable","14":"product-type-simple"},"supplier_id":null,"supplier_sku":"MGemT-01","barcode":null,"atum_controlled":true,"out_stock_date":null,"out_stock_threshold":null,"inheritable":false,"inbound_stock":null,"stock_on_hold":0,"sold_today":0,"sales_last_days":0,"reserved_stock":null,"customer_returns":null,"warehouse_damage":null,"lost_in_post":null,"other_logs":null,"out_stock_days":0,"lost_sales":0,"has_location":null,"update_date":"2026-04-27T07:12:27","atum_locations":[],"atum_stock_status":"instock","restock_status":false,"low_stock_amount":"","sales_update_date":"2025-09-05T00:24:39","calc_backorders":null,"_links":{"self":[{"href":"https:\/\/aromasentia.com\/no\/wp-json\/wp\/v2\/product\/209620","targetHints":{"allow":["GET"]}}],"collection":[{"href":"https:\/\/aromasentia.com\/no\/wp-json\/wp\/v2\/product"}],"about":[{"href":"https:\/\/aromasentia.com\/no\/wp-json\/wp\/v2\/types\/product"}],"replies":[{"embeddable":true,"href":"https:\/\/aromasentia.com\/no\/wp-json\/wp\/v2\/comments?post=209620"}],"version-history":[{"count":0,"href":"https:\/\/aromasentia.com\/no\/wp-json\/wp\/v2\/product\/209620\/revisions"}],"wp:featuredmedia":[{"embeddable":true,"href":"https:\/\/aromasentia.com\/no\/wp-json\/wp\/v2\/media\/338982"}],"wp:attachment":[{"href":"https:\/\/aromasentia.com\/no\/wp-json\/wp\/v2\/media?parent=209620"}],"wp:term":[{"taxonomy":"product_brand","embeddable":true,"href":"https:\/\/aromasentia.com\/no\/wp-json\/wp\/v2\/product_brand?post=209620"},{"taxonomy":"product_cat","embeddable":true,"href":"https:\/\/aromasentia.com\/no\/wp-json\/wp\/v2\/product_cat?post=209620"},{"taxonomy":"product_tag","embeddable":true,"href":"https:\/\/aromasentia.com\/no\/wp-json\/wp\/v2\/product_tag?post=209620"}],"curies":[{"name":"wp","href":"https:\/\/api.w.org\/{rel}","templated":true}]}}