{"id":209619,"date":"2025-03-22T13:29:58","date_gmt":"2025-03-22T13:29:58","guid":{"rendered":"https:\/\/aromasentia.com\/product\/shiva-lingam-magic-wand-green-aventurine-happiness\/"},"modified":"2025-05-31T06:24:41","modified_gmt":"2025-05-31T06:24:41","slug":"shiva-lingam-tryllestav-gronn-aventurin-lykke","status":"publish","type":"product","link":"https:\/\/aromasentia.com\/no\/shiva-lingam-tryllestav-gronn-aventurin-lykke\/","title":{"rendered":"Shiva Lingam Tryllestav &#8211; Gr\u00f8nn Aventurin &#8211; Lykke"},"content":{"rendered":"<p>Begi deg ut p\u00e5 en reise mot glede og tilfredshet med denne fortryllende <strong>Wholesale Shiva Lingam Magic Wand med gr\u00f8nn aventurin<\/strong> edelsten. Disse tryllestavene er laget for \u00e5 rense, gi energi og balansere subtile energier, og er viktige verkt\u00f8y for \u00e5ndelig velv\u00e6re.nbsp;<\/p>\n<p>I hjertet ligger den hellige shiva lingam-steinen, et <strong>symbol p\u00e5 guddommelig enhet og kosmisk balanse<\/strong>. Med dype r\u00f8tter i hinduistisk mytologi representerer denne steinen en <strong>harmonisk blanding av maskuline og feminine energier<\/strong>, noe som fremmer indre fred og \u00e5ndelig likevekt.Den gr\u00f8nne aventurinen er kjent som mulighetenes stein, og inviterer <strong>velstand og lykke<\/strong> inn i kundens liv, samtidig som dens beroligende gr\u00f8nne fargetoner fremkaller en f\u00f8lelse av harmoni og fornyelse.<\/p>\n<p>Denne <strong>19,5 cm lange <strong>staven<\/strong> er designet for b\u00e5de estetisk eleganse og praktisk bruk. Enten den brukes i <strong>meditasjon, energiarbeid eller som en dekorativ aksent<\/strong>, fungerer Shiva Lingam Magic Wand &#8211; Green Aventurine som et kraftfullt verkt\u00f8y for \u00e5 kultivere lykke og tilfredsstillelse i alle aspekter av livet ditt.<\/p>\n<p>Utvid samlingen din i dag.&nbsp;<\/p><\/p>\n","protected":false},"excerpt":{"rendered":"<p>Begi deg ut p\u00e5 en reise mot glede og tilfredshet med denne fortryllende Wholesale Shiva Lingam Magic Wand med gr\u00f8nn aventurin edelsten. Disse tryllestavene er laget for \u00e5 rense, gi energi og balansere subtile energier, og er viktige verkt\u00f8y for \u00e5ndelig velv\u00e6re.nbsp; I hjertet ligger den hellige shiva lingam-steinen, et symbol p\u00e5 guddommelig enhet og [&hellip;]<\/p>\n","protected":false},"featured_media":338965,"comment_status":"closed","ping_status":"open","template":"","meta":[],"product_brand":[],"product_cat":[25562,9166,9155,25221,25758],"product_tag":[],"class_list":{"0":"post-209619","1":"product","2":"type-product","3":"status-publish","4":"has-post-thumbnail","6":"product_cat-aventurin","7":"product_cat-dekorasjoner-med-edelstener","8":"product_cat-esoteriske-gaver","9":"product_cat-krystaller-edelsteiner","10":"product_cat-shiva-lingam","11":"pa_collection-gemstone-shiva-lingam-magic-wands-no","12":"pa_made-in-india","14":"first","15":"instock","16":"purchasable","17":"product-type-simple"},"supplier_id":null,"supplier_sku":"LingW-06","barcode":null,"atum_controlled":true,"out_stock_date":null,"out_stock_threshold":null,"inheritable":false,"inbound_stock":null,"stock_on_hold":0,"sold_today":0,"sales_last_days":0,"reserved_stock":null,"customer_returns":null,"warehouse_damage":null,"lost_in_post":null,"other_logs":null,"out_stock_days":0,"lost_sales":0,"has_location":null,"update_date":"2026-01-30T01:26:22","atum_locations":[],"atum_stock_status":"instock","restock_status":false,"low_stock_amount":"","sales_update_date":"2026-01-30T01:26:22","calc_backorders":null,"_links":{"self":[{"href":"https:\/\/aromasentia.com\/no\/wp-json\/wp\/v2\/product\/209619","targetHints":{"allow":["GET"]}}],"collection":[{"href":"https:\/\/aromasentia.com\/no\/wp-json\/wp\/v2\/product"}],"about":[{"href":"https:\/\/aromasentia.com\/no\/wp-json\/wp\/v2\/types\/product"}],"replies":[{"embeddable":true,"href":"https:\/\/aromasentia.com\/no\/wp-json\/wp\/v2\/comments?post=209619"}],"version-history":[{"count":0,"href":"https:\/\/aromasentia.com\/no\/wp-json\/wp\/v2\/product\/209619\/revisions"}],"wp:featuredmedia":[{"embeddable":true,"href":"https:\/\/aromasentia.com\/no\/wp-json\/wp\/v2\/media\/338965"}],"wp:attachment":[{"href":"https:\/\/aromasentia.com\/no\/wp-json\/wp\/v2\/media?parent=209619"}],"wp:term":[{"taxonomy":"product_brand","embeddable":true,"href":"https:\/\/aromasentia.com\/no\/wp-json\/wp\/v2\/product_brand?post=209619"},{"taxonomy":"product_cat","embeddable":true,"href":"https:\/\/aromasentia.com\/no\/wp-json\/wp\/v2\/product_cat?post=209619"},{"taxonomy":"product_tag","embeddable":true,"href":"https:\/\/aromasentia.com\/no\/wp-json\/wp\/v2\/product_tag?post=209619"}],"curies":[{"name":"wp","href":"https:\/\/api.w.org\/{rel}","templated":true}]}}