{"id":209616,"date":"2025-03-22T13:29:58","date_gmt":"2025-03-22T13:29:58","guid":{"rendered":"https:\/\/aromasentia.com\/product\/shiva-lingam-magic-wand-amethyst-success\/"},"modified":"2025-05-31T06:24:30","modified_gmt":"2025-05-31T06:24:30","slug":"shiva-lingam-tryllestav-ametyst-suksess","status":"publish","type":"product","link":"https:\/\/aromasentia.com\/no\/shiva-lingam-tryllestav-ametyst-suksess\/","title":{"rendered":"Shiva Lingam Tryllestav &#8211; Ametyst &#8211; Suksess"},"content":{"rendered":"<p><span style=\"color: rgb(75, 80, 88);\">Dykk ned i den mystiske verdenen til v\u00e5re <strong>Shiva Lingam tryllestaver av edelstener<\/strong>, hvor hvert stykke er en reise inn i hjertet av eldgammel visdom og naturlig skj\u00f8nnhet.<\/span><\/p>\n<p><span style=\"color: rgb(75, 80, 88);\"><strong>H\u00e5ndlaget i India<\/strong>, f\u00f8destedet til edelstensl\u00e6ren og den \u00e6rede Shiva Lingam, b\u00e6rer disse tryllestavene \u00e5nden av \u00e5rhundregamle tradisjoner, klare til \u00e5 styrke, helbrede og forskj\u00f8nne. Enten de brukes i *Reiki*, *meditasjon* eller som et fantastisk dekorasjonsstykke, er de en inngangsport til en verden der energien flyter fritt og magi er ekte.<\/span><\/p>\n<p><span style=\"color: rgb(75, 80, 88);\">G\u00e5 inn i en tilstand av fredfull ro med *Amethyst Shiva Lingam Magic Wand*.<\/strong><\/span><\/p>\n<p><span style=\"color: rgb(75, 80, 88);\">Ametyst, med sin fiolette essens, *er* et naturlig beroligende middel som lindrer stress og belastning, l\u00f8ser opp negativitet* og *fremmer \u00e5ndelig visdom*. Den forsterker intuisjon og psykiske evner, noe som gj\u00f8r den <strong>perfekt for meditasjon og \u00e5ndelig arbeid.<\/strong><\/span><\/p>\n<p><span style=\"color: rgb(75, 80, 88);\">&nbsp;<\/span><a href=\"https:\/\/aromasentia.com\/ling\"><span style=\"color: rgb(149, 122, 101);\"><strong>Shiva Lingam-steinens<\/strong><\/span><\/a><span style=\"color: rgb(75, 80, 88);\">energien forsterker disse egenskapene, noe som gj\u00f8r denne tryllestaven til en kraftig alliert for alle som \u00f8nsker \u00e5 <strong>utdype sin \u00e5ndelige vei, finne indre fred<\/strong> eller bare skape et rolig og fredelig milj\u00f8.<\/span><\/p>\n<p><span style=\"color: rgb(141, 186, 216);\"><strong>Fortryll kundene dine med noe virkelig spesielt, bestill i dag.<\/strong><\/span><\/p>\n","protected":false},"excerpt":{"rendered":"<p>Dykk ned i den mystiske verdenen til v\u00e5re Shiva Lingam tryllestaver av edelstener, hvor hvert stykke er en reise inn i hjertet av eldgammel visdom og naturlig skj\u00f8nnhet. H\u00e5ndlaget i India, f\u00f8destedet til edelstensl\u00e6ren og den \u00e6rede Shiva Lingam, b\u00e6rer disse tryllestavene \u00e5nden av \u00e5rhundregamle tradisjoner, klare til \u00e5 styrke, helbrede og forskj\u00f8nne. Enten de [&hellip;]<\/p>\n","protected":false},"featured_media":338914,"comment_status":"closed","ping_status":"open","template":"","meta":{"_angie_page":false},"product_brand":[],"product_cat":[25548,9166,9155,25221,25758],"product_tag":[],"class_list":{"0":"post-209616","1":"product","2":"type-product","3":"status-publish","4":"has-post-thumbnail","6":"product_cat-ametyst","7":"product_cat-dekorasjoner-med-edelstener","8":"product_cat-esoteriske-gaver","9":"product_cat-krystaller-edelsteiner","10":"product_cat-shiva-lingam","11":"pa_collection-gemstone-shiva-lingam-magic-wands-no","12":"pa_made-in-india","14":"first","15":"instock","16":"purchasable","17":"product-type-simple"},"supplier_id":null,"supplier_sku":"LingW-03","barcode":null,"atum_controlled":true,"out_stock_date":null,"out_stock_threshold":null,"inheritable":false,"inbound_stock":null,"stock_on_hold":0,"sold_today":0,"sales_last_days":0,"reserved_stock":null,"customer_returns":null,"warehouse_damage":null,"lost_in_post":null,"other_logs":null,"out_stock_days":0,"lost_sales":0,"has_location":null,"update_date":"2026-04-27T07:11:14","atum_locations":[],"atum_stock_status":"instock","restock_status":false,"low_stock_amount":"","sales_update_date":"2026-01-30T01:26:10","calc_backorders":null,"_links":{"self":[{"href":"https:\/\/aromasentia.com\/no\/wp-json\/wp\/v2\/product\/209616","targetHints":{"allow":["GET"]}}],"collection":[{"href":"https:\/\/aromasentia.com\/no\/wp-json\/wp\/v2\/product"}],"about":[{"href":"https:\/\/aromasentia.com\/no\/wp-json\/wp\/v2\/types\/product"}],"replies":[{"embeddable":true,"href":"https:\/\/aromasentia.com\/no\/wp-json\/wp\/v2\/comments?post=209616"}],"version-history":[{"count":0,"href":"https:\/\/aromasentia.com\/no\/wp-json\/wp\/v2\/product\/209616\/revisions"}],"wp:featuredmedia":[{"embeddable":true,"href":"https:\/\/aromasentia.com\/no\/wp-json\/wp\/v2\/media\/338914"}],"wp:attachment":[{"href":"https:\/\/aromasentia.com\/no\/wp-json\/wp\/v2\/media?parent=209616"}],"wp:term":[{"taxonomy":"product_brand","embeddable":true,"href":"https:\/\/aromasentia.com\/no\/wp-json\/wp\/v2\/product_brand?post=209616"},{"taxonomy":"product_cat","embeddable":true,"href":"https:\/\/aromasentia.com\/no\/wp-json\/wp\/v2\/product_cat?post=209616"},{"taxonomy":"product_tag","embeddable":true,"href":"https:\/\/aromasentia.com\/no\/wp-json\/wp\/v2\/product_tag?post=209616"}],"curies":[{"name":"wp","href":"https:\/\/api.w.org\/{rel}","templated":true}]}}