{"id":209615,"date":"2025-03-22T13:29:58","date_gmt":"2025-03-22T13:29:58","guid":{"rendered":"https:\/\/aromasentia.com\/product\/shiva-lingam-magic-wand-tiger-eye-confidence\/"},"modified":"2025-05-31T06:24:26","modified_gmt":"2025-05-31T06:24:26","slug":"shiva-lingam-tryllestav-tigeroye-selvtillit","status":"publish","type":"product","link":"https:\/\/aromasentia.com\/no\/shiva-lingam-tryllestav-tigeroye-selvtillit\/","title":{"rendered":"Shiva Lingam Tryllestav &#8211; Tiger\u00f8ye &#8211; Selvtillit"},"content":{"rendered":"<p><span style=\"color: rgb(75, 80, 88);\">Dykk ned i den mystiske verdenen til v\u00e5re <strong>Shiva Lingam tryllestaver av edelstener<\/strong>, hvor hvert stykke er en reise inn i hjertet av eldgammel visdom og naturlig skj\u00f8nnhet.<\/span><\/p>\n<p><span style=\"color: rgb(75, 80, 88);\"><strong>H\u00e5ndlaget i India<\/strong>, f\u00f8destedet til edelstensl\u00e6ren og den \u00e6rede Shiva Lingam, b\u00e6rer disse tryllestavene \u00e5nden av \u00e5rhundregamle tradisjoner, klare til \u00e5 styrke, helbrede og forskj\u00f8nne. Enten de brukes i *Reiki*, *meditasjon*, *eller som et fantastisk dekorasjonsstykke*, er de en inngangsport til en verden der energien flyter fritt og magi er ekte.<\/span><\/p>\n<p><span style=\"color: rgb(75, 80, 88);\"><strong>Tr\u00e5 inn i en verden av klarhet og kraft med Tiger Eye Shiva Lingam tryllestav.<\/span><\/p>\n<p><span style=\"color: rgb(75, 80, 88);\"><strong>Tiger\u00f8ye, en beskyttelsesstein, gir en skarphet til ens indre syn og en bedre forst\u00e5else av \u00e5rsak og virkning av hver situasjon. <strong>Den oppmuntrer en til \u00e5 handle ut fra fornuft snarere enn f\u00f8lelser, og fremmer balansert kraft.<\/strong> N\u00e5r den kombineres med <span style=\"color: rgb(75, 80, 88);\">&nbsp;<\/span><a href=\"https:\/\/aromasentia.com\/ling\"><span style=\"color: rgb(149, 122, 101);\"><strong>Shiva Lingam-steinen<\/strong><\/span><\/a>, jorder denne tryllestaven brukeren og tilbyr et stabilt grunnlag \u00e5 ta avgj\u00f8relser og handle fra.<\/span><\/p>\n<p><span style=\"color: rgb(75, 80, 88);\"><strong>Ideell for de som \u00f8nsker \u00e5 \u00f8ke motet sitt<\/strong>, l\u00f8se dilemmaer og beskytte mot negative energier.<\/span><\/p>\n<p><span style=\"color: rgb(141, 186, 216);\"><strong>Fortryll kundene dine med noe virkelig spesielt, bestill i dag.<\/strong><\/span><\/p>\n","protected":false},"excerpt":{"rendered":"<p>Dykk ned i den mystiske verdenen til v\u00e5re Shiva Lingam tryllestaver av edelstener, hvor hvert stykke er en reise inn i hjertet av eldgammel visdom og naturlig skj\u00f8nnhet. H\u00e5ndlaget i India, f\u00f8destedet til edelstensl\u00e6ren og den \u00e6rede Shiva Lingam, b\u00e6rer disse tryllestavene \u00e5nden av \u00e5rhundregamle tradisjoner, klare til \u00e5 styrke, helbrede og forskj\u00f8nne. Enten de [&hellip;]<\/p>\n","protected":false},"featured_media":338897,"comment_status":"closed","ping_status":"open","template":"","meta":{"_angie_page":false},"product_brand":[],"product_cat":[9166,9155,25221,25758,25783],"product_tag":[],"class_list":{"0":"post-209615","1":"product","2":"type-product","3":"status-publish","4":"has-post-thumbnail","6":"product_cat-dekorasjoner-med-edelstener","7":"product_cat-esoteriske-gaver","8":"product_cat-krystaller-edelsteiner","9":"product_cat-shiva-lingam","10":"product_cat-tigeroye","11":"pa_collection-gemstone-shiva-lingam-magic-wands-no","12":"pa_made-in-india","14":"first","15":"instock","16":"purchasable","17":"product-type-simple"},"supplier_id":null,"supplier_sku":"LingW-02","barcode":null,"atum_controlled":true,"out_stock_date":null,"out_stock_threshold":null,"inheritable":false,"inbound_stock":null,"stock_on_hold":0,"sold_today":0,"sales_last_days":0,"reserved_stock":null,"customer_returns":null,"warehouse_damage":null,"lost_in_post":null,"other_logs":null,"out_stock_days":0,"lost_sales":0,"has_location":null,"update_date":"2026-04-27T07:11:14","atum_locations":[],"atum_stock_status":"instock","restock_status":false,"low_stock_amount":"","sales_update_date":"2026-01-30T01:26:38","calc_backorders":null,"_links":{"self":[{"href":"https:\/\/aromasentia.com\/no\/wp-json\/wp\/v2\/product\/209615","targetHints":{"allow":["GET"]}}],"collection":[{"href":"https:\/\/aromasentia.com\/no\/wp-json\/wp\/v2\/product"}],"about":[{"href":"https:\/\/aromasentia.com\/no\/wp-json\/wp\/v2\/types\/product"}],"replies":[{"embeddable":true,"href":"https:\/\/aromasentia.com\/no\/wp-json\/wp\/v2\/comments?post=209615"}],"version-history":[{"count":0,"href":"https:\/\/aromasentia.com\/no\/wp-json\/wp\/v2\/product\/209615\/revisions"}],"wp:featuredmedia":[{"embeddable":true,"href":"https:\/\/aromasentia.com\/no\/wp-json\/wp\/v2\/media\/338897"}],"wp:attachment":[{"href":"https:\/\/aromasentia.com\/no\/wp-json\/wp\/v2\/media?parent=209615"}],"wp:term":[{"taxonomy":"product_brand","embeddable":true,"href":"https:\/\/aromasentia.com\/no\/wp-json\/wp\/v2\/product_brand?post=209615"},{"taxonomy":"product_cat","embeddable":true,"href":"https:\/\/aromasentia.com\/no\/wp-json\/wp\/v2\/product_cat?post=209615"},{"taxonomy":"product_tag","embeddable":true,"href":"https:\/\/aromasentia.com\/no\/wp-json\/wp\/v2\/product_tag?post=209615"}],"curies":[{"name":"wp","href":"https:\/\/api.w.org\/{rel}","templated":true}]}}