{"id":209614,"date":"2025-03-22T13:29:58","date_gmt":"2025-03-22T13:29:58","guid":{"rendered":"https:\/\/aromasentia.com\/product\/shiva-lingam-magic-wand-rose-quartz-love\/"},"modified":"2025-05-31T06:24:23","modified_gmt":"2025-05-31T06:24:23","slug":"shiva-lingam-tryllestav-rosekvarts-kjaerlighet","status":"publish","type":"product","link":"https:\/\/aromasentia.com\/no\/shiva-lingam-tryllestav-rosekvarts-kjaerlighet\/","title":{"rendered":"Shiva Lingam Tryllestav &#8211; Rosekvarts &#8211; Kj\u00e6rlighet"},"content":{"rendered":"<p><span style=\"color: rgb(75, 80, 88);\">Dykk ned i den mystiske verdenen til v\u00e5re <strong>Shiva Lingam tryllestaver av edelstener<\/strong>, hvor hvert stykke er en reise inn i hjertet av eldgammel visdom og naturlig skj\u00f8nnhet.<\/span><\/p>\n<p><span style=\"color: rgb(75, 80, 88);\"><strong>H\u00e5ndlaget i India<\/strong>, f\u00f8destedet til edelstensl\u00e6ren og den \u00e6rede Shiva Lingam, b\u00e6rer disse tryllestavene \u00e5nden av \u00e5rhundregamle tradisjoner, klare til \u00e5 styrke, helbrede og forskj\u00f8nne. Enten de brukes i *Reiki*, *meditasjon* eller som et fantastisk dekorasjonsstykke, er de en inngangsport til en verden der energien flyter fritt og magi er ekte.<\/span><\/p>\n<p><span style=\"color: rgb(75, 80, 88);\"><strong>Omfavn kj\u00e6rlighetens \u00f8mme omfavnelse med v\u00e5r Rosenkvarts Shiva Lingam Tryllestav.<\/strong> Rosenkvarts, som er \u00e6ret som steinen for ubetinget kj\u00e6rlighet, \u00e5pner hjertet for alle former for kj\u00e6rlighet: egenkj\u00e6rlighet, familiekj\u00e6rlighet, platonisk kj\u00e6rlighet og romantisk kj\u00e6rlighet.<\/span><\/p>\n<p><span style=\"color: rgb(75, 80, 88);\">Denne tryllestaven, med sine myke rosa fargetoner, er et **kraftig verkt\u00f8y for \u00e5 tiltrekke kj\u00e6rlighet, berolige emosjonelle s\u00e5r og fremme fred og ro*. Kombinasjonen med&nbsp;<\/span><a href=\"https:\/\/aromasentia.com\/ling\"><span style=\"color: rgb(149, 122, 101);\"><strong>Shiva Lingam-steinen<\/strong><\/span><\/a><span style=\"color: rgb(75, 80, 88);\"> forsterker rosenkvarts&#8217; pleiende energi, noe som gj\u00f8r denne tryllestaven til et fyrt\u00e5rn av medf\u00f8lelse og harmoni.&nbsp;<\/span><\/p>\n<p><span style=\"color: rgb(75, 80, 88);\"><strong>Den er perfekt for alle som \u00f8nsker \u00e5 styrke forholdene sine eller finne tr\u00f8st og selvaksept.<\/strong><\/span><\/p>\n<p><span style=\"color: rgb(141, 186, 216);\"><strong>Fortryll kundene dine med noe helt spesielt, bestill i dag.<\/strong><\/span><\/p>\n","protected":false},"excerpt":{"rendered":"<p>Dykk ned i den mystiske verdenen til v\u00e5re Shiva Lingam tryllestaver av edelstener, hvor hvert stykke er en reise inn i hjertet av eldgammel visdom og naturlig skj\u00f8nnhet. H\u00e5ndlaget i India, f\u00f8destedet til edelstensl\u00e6ren og den \u00e6rede Shiva Lingam, b\u00e6rer disse tryllestavene \u00e5nden av \u00e5rhundregamle tradisjoner, klare til \u00e5 styrke, helbrede og forskj\u00f8nne. Enten de [&hellip;]<\/p>\n","protected":false},"featured_media":338880,"comment_status":"closed","ping_status":"open","template":"","meta":{"_angie_page":false},"product_brand":[],"product_cat":[9166,9155,25221,25734,25746,25758],"product_tag":[],"class_list":{"0":"post-209614","1":"product","2":"type-product","3":"status-publish","4":"has-post-thumbnail","6":"product_cat-dekorasjoner-med-edelstener","7":"product_cat-esoteriske-gaver","8":"product_cat-krystaller-edelsteiner","9":"product_cat-kvarts","10":"product_cat-rosenkvarts","11":"product_cat-shiva-lingam","12":"pa_collection-gemstone-shiva-lingam-magic-wands-no","13":"pa_made-in-india","15":"first","16":"instock","17":"purchasable","18":"product-type-simple"},"supplier_id":null,"supplier_sku":"LingW-01","barcode":null,"atum_controlled":true,"out_stock_date":null,"out_stock_threshold":null,"inheritable":false,"inbound_stock":null,"stock_on_hold":0,"sold_today":0,"sales_last_days":0,"reserved_stock":null,"customer_returns":null,"warehouse_damage":null,"lost_in_post":null,"other_logs":null,"out_stock_days":0,"lost_sales":0,"has_location":null,"update_date":"2026-04-27T07:11:14","atum_locations":[],"atum_stock_status":"instock","restock_status":false,"low_stock_amount":"","sales_update_date":"2026-01-30T01:26:26","calc_backorders":null,"_links":{"self":[{"href":"https:\/\/aromasentia.com\/no\/wp-json\/wp\/v2\/product\/209614","targetHints":{"allow":["GET"]}}],"collection":[{"href":"https:\/\/aromasentia.com\/no\/wp-json\/wp\/v2\/product"}],"about":[{"href":"https:\/\/aromasentia.com\/no\/wp-json\/wp\/v2\/types\/product"}],"replies":[{"embeddable":true,"href":"https:\/\/aromasentia.com\/no\/wp-json\/wp\/v2\/comments?post=209614"}],"version-history":[{"count":0,"href":"https:\/\/aromasentia.com\/no\/wp-json\/wp\/v2\/product\/209614\/revisions"}],"wp:featuredmedia":[{"embeddable":true,"href":"https:\/\/aromasentia.com\/no\/wp-json\/wp\/v2\/media\/338880"}],"wp:attachment":[{"href":"https:\/\/aromasentia.com\/no\/wp-json\/wp\/v2\/media?parent=209614"}],"wp:term":[{"taxonomy":"product_brand","embeddable":true,"href":"https:\/\/aromasentia.com\/no\/wp-json\/wp\/v2\/product_brand?post=209614"},{"taxonomy":"product_cat","embeddable":true,"href":"https:\/\/aromasentia.com\/no\/wp-json\/wp\/v2\/product_cat?post=209614"},{"taxonomy":"product_tag","embeddable":true,"href":"https:\/\/aromasentia.com\/no\/wp-json\/wp\/v2\/product_tag?post=209614"}],"curies":[{"name":"wp","href":"https:\/\/api.w.org\/{rel}","templated":true}]}}