{"id":209612,"date":"2025-03-22T13:29:58","date_gmt":"2025-03-22T13:29:58","guid":{"rendered":"https:\/\/aromasentia.com\/product\/six-inch-lingam-stone-15cm\/"},"modified":"2025-05-31T06:24:17","modified_gmt":"2025-05-31T06:24:17","slug":"seks-tommers-lingam-stein-15-cm","status":"publish","type":"product","link":"https:\/\/aromasentia.com\/no\/seks-tommers-lingam-stein-15-cm\/","title":{"rendered":"Seks Tommers Lingam-Stein &#8211; 15 cm"},"content":{"rendered":"<p>Shiva Lingam-steinen er en hellig stein fra b\u00e5de den antikke og moderne verden. De finnes i Narmada-elven i Onkar Mandhata, et av de syv hellige stedene i India. Disse steinene fra Aroma Sentia-ping er laget av kryptokrystallinsk kvarts, og legenden sier at de ble dannet da en meteoritt falt til jorden for flere millioner \u00e5r siden. Elvens naturlige bevegelse antas \u00e5 bidra til \u00e5 skape eggformen eller den ovale formen p\u00e5 steinene. De samles bare \u00e9n dag hvert \u00e5r og h\u00e5ndpoleres for \u00e5 gi dem en glatt og skinnende overflate. Lingam-steiner sies \u00e5 ha en av de h\u00f8yeste frekvensvibrasjonsratene av alle steinene p\u00e5 jorden. De avgir en vibrasjon som vil rense ditt hellige rom.<\/p>\n<p><span style=\"color: rgb(184, 49, 47);\"><strong>M\u00e5lene som vises er per enkelt stein.<\/strong><\/span><\/p>\n<p><strong>Hver Shiva Lingam-stein er helt unik!<\/strong><\/p>\n","protected":false},"excerpt":{"rendered":"<p>Shiva Lingam-steinen er en hellig stein fra b\u00e5de den antikke og moderne verden. De finnes i Narmada-elven i Onkar Mandhata, et av de syv hellige stedene i India. Disse steinene fra Aroma Sentia-ping er laget av kryptokrystallinsk kvarts, og legenden sier at de ble dannet da en meteoritt falt til jorden for flere millioner \u00e5r [&hellip;]<\/p>\n","protected":false},"featured_media":338862,"comment_status":"closed","ping_status":"open","template":"","meta":{"_angie_page":false},"product_brand":[],"product_cat":[9155,25221,25758,9161],"product_tag":[],"class_list":{"0":"post-209612","1":"product","2":"type-product","3":"status-publish","4":"has-post-thumbnail","6":"product_cat-esoteriske-gaver","7":"product_cat-krystaller-edelsteiner","8":"product_cat-shiva-lingam","9":"product_cat-trommelsteiner","10":"pa_collection-shiva-lingam-stones-no","11":"pa_made-in-india","13":"first","14":"instock","15":"purchasable","16":"product-type-simple"},"supplier_id":null,"supplier_sku":"Ling-04","barcode":null,"atum_controlled":true,"out_stock_date":null,"out_stock_threshold":null,"inheritable":false,"inbound_stock":null,"stock_on_hold":0,"sold_today":0,"sales_last_days":0,"reserved_stock":null,"customer_returns":null,"warehouse_damage":null,"lost_in_post":null,"other_logs":null,"out_stock_days":0,"lost_sales":0,"has_location":null,"update_date":"2026-04-27T07:11:14","atum_locations":[],"atum_stock_status":"instock","restock_status":false,"low_stock_amount":"","sales_update_date":"2026-01-30T01:25:50","calc_backorders":null,"_links":{"self":[{"href":"https:\/\/aromasentia.com\/no\/wp-json\/wp\/v2\/product\/209612","targetHints":{"allow":["GET"]}}],"collection":[{"href":"https:\/\/aromasentia.com\/no\/wp-json\/wp\/v2\/product"}],"about":[{"href":"https:\/\/aromasentia.com\/no\/wp-json\/wp\/v2\/types\/product"}],"replies":[{"embeddable":true,"href":"https:\/\/aromasentia.com\/no\/wp-json\/wp\/v2\/comments?post=209612"}],"version-history":[{"count":0,"href":"https:\/\/aromasentia.com\/no\/wp-json\/wp\/v2\/product\/209612\/revisions"}],"wp:featuredmedia":[{"embeddable":true,"href":"https:\/\/aromasentia.com\/no\/wp-json\/wp\/v2\/media\/338862"}],"wp:attachment":[{"href":"https:\/\/aromasentia.com\/no\/wp-json\/wp\/v2\/media?parent=209612"}],"wp:term":[{"taxonomy":"product_brand","embeddable":true,"href":"https:\/\/aromasentia.com\/no\/wp-json\/wp\/v2\/product_brand?post=209612"},{"taxonomy":"product_cat","embeddable":true,"href":"https:\/\/aromasentia.com\/no\/wp-json\/wp\/v2\/product_cat?post=209612"},{"taxonomy":"product_tag","embeddable":true,"href":"https:\/\/aromasentia.com\/no\/wp-json\/wp\/v2\/product_tag?post=209612"}],"curies":[{"name":"wp","href":"https:\/\/api.w.org\/{rel}","templated":true}]}}