{"id":209605,"date":"2025-03-22T13:30:06","date_gmt":"2025-03-22T13:30:06","guid":{"rendered":"https:\/\/aromasentia.com\/product\/moonstone-gemstone-chips-bulk-1kg\/"},"modified":"2025-05-31T06:23:41","modified_gmt":"2025-05-31T06:23:41","slug":"manestein-edelstens-chips-bulk-1kg","status":"publish","type":"product","link":"https:\/\/aromasentia.com\/no\/manestein-edelstens-chips-bulk-1kg\/","title":{"rendered":"M\u00e5nestein Edelstens Chips Bulk &#8211; 1Kg"},"content":{"rendered":"<p>Ta en titt p\u00e5 v\u00e5re flotte Aroma Sentia-ping blandede m\u00e5nesteinsbiter i bulk \u2013 1 kg! En vakker blanding av fargerike edelstensbiter er ideell for dekorativ bruk i h\u00e5ndverk og til og med til fiskekar. Mulighetene er uendelige, og de vil garantert bli et godt salg. V\u00e6r kreativ!<\/p>\n<p>Bruk dem til \u00e5 fylle v\u00e5re smeltede glassboller eller et bredt utvalg av glassterrarier og -boller.<\/p>\n<p>Legg til dette produktet i tilbudet ditt i dag for \u00e5 f\u00e5 mest mulig ut av disse flotte blandede edelstensbitene i nettbutikken din. Kundene dine vil elske dem.<\/p>\n","protected":false},"excerpt":{"rendered":"<p>Ta en titt p\u00e5 v\u00e5re flotte Aroma Sentia-ping blandede m\u00e5nesteinsbiter i bulk \u2013 1 kg! En vakker blanding av fargerike edelstensbiter er ideell for dekorativ bruk i h\u00e5ndverk og til og med til fiskekar. Mulighetene er uendelige, og de vil garantert bli et godt salg. V\u00e6r kreativ! Bruk dem til \u00e5 fylle v\u00e5re smeltede glassboller [&hellip;]<\/p>\n","protected":false},"featured_media":341914,"comment_status":"closed","ping_status":"open","template":"","meta":{"_angie_page":false},"product_brand":[],"product_cat":[9155,25221,25689,9161],"product_tag":[],"class_list":{"0":"post-209605","1":"product","2":"type-product","3":"status-publish","4":"has-post-thumbnail","6":"product_cat-esoteriske-gaver","7":"product_cat-krystaller-edelsteiner","8":"product_cat-manestein","9":"product_cat-trommelsteiner","10":"pa_collection-mixed-gemstones-no","11":"pa_made-in-india","13":"first","14":"instock","15":"purchasable","16":"product-type-simple"},"supplier_id":null,"supplier_sku":"NMGC-11","barcode":null,"atum_controlled":true,"out_stock_date":null,"out_stock_threshold":null,"inheritable":false,"inbound_stock":null,"stock_on_hold":0,"sold_today":0,"sales_last_days":0,"reserved_stock":null,"customer_returns":null,"warehouse_damage":null,"lost_in_post":null,"other_logs":null,"out_stock_days":0,"lost_sales":0,"has_location":null,"update_date":"2026-04-27T07:15:25","atum_locations":[],"atum_stock_status":"instock","restock_status":false,"low_stock_amount":"","sales_update_date":"2026-01-30T01:24:28","calc_backorders":null,"_links":{"self":[{"href":"https:\/\/aromasentia.com\/no\/wp-json\/wp\/v2\/product\/209605","targetHints":{"allow":["GET"]}}],"collection":[{"href":"https:\/\/aromasentia.com\/no\/wp-json\/wp\/v2\/product"}],"about":[{"href":"https:\/\/aromasentia.com\/no\/wp-json\/wp\/v2\/types\/product"}],"replies":[{"embeddable":true,"href":"https:\/\/aromasentia.com\/no\/wp-json\/wp\/v2\/comments?post=209605"}],"version-history":[{"count":0,"href":"https:\/\/aromasentia.com\/no\/wp-json\/wp\/v2\/product\/209605\/revisions"}],"wp:featuredmedia":[{"embeddable":true,"href":"https:\/\/aromasentia.com\/no\/wp-json\/wp\/v2\/media\/341914"}],"wp:attachment":[{"href":"https:\/\/aromasentia.com\/no\/wp-json\/wp\/v2\/media?parent=209605"}],"wp:term":[{"taxonomy":"product_brand","embeddable":true,"href":"https:\/\/aromasentia.com\/no\/wp-json\/wp\/v2\/product_brand?post=209605"},{"taxonomy":"product_cat","embeddable":true,"href":"https:\/\/aromasentia.com\/no\/wp-json\/wp\/v2\/product_cat?post=209605"},{"taxonomy":"product_tag","embeddable":true,"href":"https:\/\/aromasentia.com\/no\/wp-json\/wp\/v2\/product_tag?post=209605"}],"curies":[{"name":"wp","href":"https:\/\/api.w.org\/{rel}","templated":true}]}}