{"id":209590,"date":"2025-03-22T13:30:06","date_gmt":"2025-03-22T13:30:06","guid":{"rendered":"https:\/\/aromasentia.com\/product\/mineral-specimens-galene-approx-80-pieces\/"},"modified":"2025-05-31T06:22:27","modified_gmt":"2025-05-31T06:22:27","slug":"mineralprover-galene-ca-80-stykker","status":"publish","type":"product","link":"https:\/\/aromasentia.com\/no\/mineralprover-galene-ca-80-stykker\/","title":{"rendered":"Mineralpr\u00f8ver &#8211; Galene (Ca. 80 Stykker)"},"content":{"rendered":"<p><span style=\"color: rgb(75, 80, 88);\">Galenasteinen hjelper til med \u00e5 berolige intense f\u00f8lelser, som sinne, raserianfall og f\u00f8lelser av hevn eller bitterhet. Mentalt st\u00f8tter den avgj\u00f8rende handling ved \u00e5 fjerne parasittiske tanker og gjenv\u00e6rende kilder til n\u00f8d. Den tilbyr stabilitet og strukturen som trengs for \u00e5 n\u00e5 dine m\u00e5l. P\u00e5 et \u00e5ndelig niv\u00e5 fungerer galenasteinen som en sterk guide for \u00e5 navigere gjennom m\u00f8rket, selv om den kan skape et rigid tankesett og styrke tro og kunnskap hvis den brukes over lengre perioder under \u00e5ndelig utforskning. Det anbefales \u00e5 forbli bevisst og oppmerksom p\u00e5 sitt indre jeg.<\/span> <\/p>\n","protected":false},"excerpt":{"rendered":"<p>Galenasteinen hjelper til med \u00e5 berolige intense f\u00f8lelser, som sinne, raserianfall og f\u00f8lelser av hevn eller bitterhet. Mentalt st\u00f8tter den avgj\u00f8rende handling ved \u00e5 fjerne parasittiske tanker og gjenv\u00e6rende kilder til n\u00f8d. Den tilbyr stabilitet og strukturen som trengs for \u00e5 n\u00e5 dine m\u00e5l. P\u00e5 et \u00e5ndelig niv\u00e5 fungerer galenasteinen som en sterk guide for [&hellip;]<\/p>\n","protected":false},"featured_media":341483,"comment_status":"closed","ping_status":"open","template":"","meta":{"_angie_page":false},"product_brand":[],"product_cat":[9155,9161],"product_tag":[],"class_list":{"0":"post-209590","1":"product","2":"type-product","3":"status-publish","4":"has-post-thumbnail","6":"product_cat-esoteriske-gaver","7":"product_cat-trommelsteiner","8":"pa_collection-rare-mineral-specimens-no","9":"pa_made-in-marokko","11":"first","12":"instock","13":"purchasable","14":"product-type-simple"},"supplier_id":null,"supplier_sku":"MinSP-18","barcode":null,"atum_controlled":true,"out_stock_date":null,"out_stock_threshold":null,"inheritable":false,"inbound_stock":null,"stock_on_hold":0,"sold_today":0,"sales_last_days":0,"reserved_stock":null,"customer_returns":null,"warehouse_damage":null,"lost_in_post":null,"other_logs":null,"out_stock_days":0,"lost_sales":0,"has_location":null,"update_date":"2026-05-08T05:13:11","atum_locations":[],"atum_stock_status":"instock","restock_status":false,"low_stock_amount":"","sales_update_date":"2026-02-06T00:00:46","calc_backorders":null,"_links":{"self":[{"href":"https:\/\/aromasentia.com\/no\/wp-json\/wp\/v2\/product\/209590","targetHints":{"allow":["GET"]}}],"collection":[{"href":"https:\/\/aromasentia.com\/no\/wp-json\/wp\/v2\/product"}],"about":[{"href":"https:\/\/aromasentia.com\/no\/wp-json\/wp\/v2\/types\/product"}],"replies":[{"embeddable":true,"href":"https:\/\/aromasentia.com\/no\/wp-json\/wp\/v2\/comments?post=209590"}],"version-history":[{"count":0,"href":"https:\/\/aromasentia.com\/no\/wp-json\/wp\/v2\/product\/209590\/revisions"}],"wp:featuredmedia":[{"embeddable":true,"href":"https:\/\/aromasentia.com\/no\/wp-json\/wp\/v2\/media\/341483"}],"wp:attachment":[{"href":"https:\/\/aromasentia.com\/no\/wp-json\/wp\/v2\/media?parent=209590"}],"wp:term":[{"taxonomy":"product_brand","embeddable":true,"href":"https:\/\/aromasentia.com\/no\/wp-json\/wp\/v2\/product_brand?post=209590"},{"taxonomy":"product_cat","embeddable":true,"href":"https:\/\/aromasentia.com\/no\/wp-json\/wp\/v2\/product_cat?post=209590"},{"taxonomy":"product_tag","embeddable":true,"href":"https:\/\/aromasentia.com\/no\/wp-json\/wp\/v2\/product_tag?post=209590"}],"curies":[{"name":"wp","href":"https:\/\/api.w.org\/{rel}","templated":true}]}}