{"id":209585,"date":"2025-03-22T13:30:06","date_gmt":"2025-03-22T13:30:06","guid":{"rendered":"https:\/\/aromasentia.com\/product\/mineral-specimens-epidote-approx-10-pieces\/"},"modified":"2025-05-31T06:21:44","modified_gmt":"2025-05-31T06:21:44","slug":"mineralprover-epidot-ca-10-stykker","status":"publish","type":"product","link":"https:\/\/aromasentia.com\/no\/mineralprover-epidot-ca-10-stykker\/","title":{"rendered":"Mineralpr\u00f8ver &#8211; Epidot (Ca. 10 Stykker)"},"content":{"rendered":"<p><span style=\"color: rgb(75, 80, 88);\">Epidot er et vanlig mineral fra gruppen silikater med en utbredt utbredelse. Det er spr\u00f8tt, gjennomsiktig og endrer farge fra m\u00f8rkegr\u00f8nn til gulgr\u00f8nn avhengig av observasjonsretningen. I esoterikk anbefales det som et tillegg til meditasjon. Da kan du holde steinen i h\u00e5nden eller legge den p\u00e5 l\u00e5ret.<\/span> <\/p>\n","protected":false},"excerpt":{"rendered":"<p>Epidot er et vanlig mineral fra gruppen silikater med en utbredt utbredelse. Det er spr\u00f8tt, gjennomsiktig og endrer farge fra m\u00f8rkegr\u00f8nn til gulgr\u00f8nn avhengig av observasjonsretningen. I esoterikk anbefales det som et tillegg til meditasjon. Da kan du holde steinen i h\u00e5nden eller legge den p\u00e5 l\u00e5ret.<\/p>\n","protected":false},"featured_media":341102,"comment_status":"closed","ping_status":"open","template":"","meta":{"_angie_page":false},"product_brand":[],"product_cat":[25598,9155,25221,9161],"product_tag":[],"class_list":{"0":"post-209585","1":"product","2":"type-product","3":"status-publish","4":"has-post-thumbnail","6":"product_cat-epidot","7":"product_cat-esoteriske-gaver","8":"product_cat-krystaller-edelsteiner","9":"product_cat-trommelsteiner","10":"pa_collection-rare-mineral-specimens-no","11":"pa_made-in-marokko","13":"first","14":"instock","15":"purchasable","16":"product-type-simple"},"supplier_id":null,"supplier_sku":"MinSP-13","barcode":null,"atum_controlled":true,"out_stock_date":null,"out_stock_threshold":null,"inheritable":false,"inbound_stock":null,"stock_on_hold":0,"sold_today":0,"sales_last_days":0,"reserved_stock":null,"customer_returns":null,"warehouse_damage":null,"lost_in_post":null,"other_logs":null,"out_stock_days":0,"lost_sales":0,"has_location":null,"update_date":"2026-04-27T07:13:06","atum_locations":[],"atum_stock_status":"instock","restock_status":false,"low_stock_amount":"","sales_update_date":"2026-02-06T00:02:06","calc_backorders":null,"_links":{"self":[{"href":"https:\/\/aromasentia.com\/no\/wp-json\/wp\/v2\/product\/209585","targetHints":{"allow":["GET"]}}],"collection":[{"href":"https:\/\/aromasentia.com\/no\/wp-json\/wp\/v2\/product"}],"about":[{"href":"https:\/\/aromasentia.com\/no\/wp-json\/wp\/v2\/types\/product"}],"replies":[{"embeddable":true,"href":"https:\/\/aromasentia.com\/no\/wp-json\/wp\/v2\/comments?post=209585"}],"version-history":[{"count":0,"href":"https:\/\/aromasentia.com\/no\/wp-json\/wp\/v2\/product\/209585\/revisions"}],"wp:featuredmedia":[{"embeddable":true,"href":"https:\/\/aromasentia.com\/no\/wp-json\/wp\/v2\/media\/341102"}],"wp:attachment":[{"href":"https:\/\/aromasentia.com\/no\/wp-json\/wp\/v2\/media?parent=209585"}],"wp:term":[{"taxonomy":"product_brand","embeddable":true,"href":"https:\/\/aromasentia.com\/no\/wp-json\/wp\/v2\/product_brand?post=209585"},{"taxonomy":"product_cat","embeddable":true,"href":"https:\/\/aromasentia.com\/no\/wp-json\/wp\/v2\/product_cat?post=209585"},{"taxonomy":"product_tag","embeddable":true,"href":"https:\/\/aromasentia.com\/no\/wp-json\/wp\/v2\/product_tag?post=209585"}],"curies":[{"name":"wp","href":"https:\/\/api.w.org\/{rel}","templated":true}]}}