{"id":209582,"date":"2025-03-22T13:30:06","date_gmt":"2025-03-22T13:30:06","guid":{"rendered":"https:\/\/aromasentia.com\/product\/mineral-specimens-calcite-approx-32-pieces\/"},"modified":"2025-05-31T06:21:30","modified_gmt":"2025-05-31T06:21:30","slug":"mineralprover-calcit-ca-32-stykker","status":"publish","type":"product","link":"https:\/\/aromasentia.com\/no\/mineralprover-calcit-ca-32-stykker\/","title":{"rendered":"Mineralpr\u00f8ver &#8211; Calcit (Ca. 32 Stykker)"},"content":{"rendered":"<p><span style=\"color: rgb(75, 80, 88);\">Kalsitt er vanlig over hele verden og utgj\u00f8r mer enn 4 % av jordskorpens totale masse. Dette mineralet finnes i mange farger som r\u00f8d, oransje, gr\u00f8nn, gul, bl\u00e5 og brun. Det finnes ogs\u00e5 fargel\u00f8se og hvite gaupeeksemplarer. Kalsitt fremst\u00e5r som en gjennomsiktig eller ugjennomsiktig krystall. De vanligste er eksemplarer som inneholder blandinger av mangan, jern og magnesium, strontium, barium, kobolt og bly. Kalsitt regnes som balansens stein. Den har evnen til \u00e5 styrke og rense energi.<\/span> <\/p>\n","protected":false},"excerpt":{"rendered":"<p>Kalsitt er vanlig over hele verden og utgj\u00f8r mer enn 4 % av jordskorpens totale masse. Dette mineralet finnes i mange farger som r\u00f8d, oransje, gr\u00f8nn, gul, bl\u00e5 og brun. Det finnes ogs\u00e5 fargel\u00f8se og hvite gaupeeksemplarer. Kalsitt fremst\u00e5r som en gjennomsiktig eller ugjennomsiktig krystall. De vanligste er eksemplarer som inneholder blandinger av mangan, jern [&hellip;]<\/p>\n","protected":false},"featured_media":340891,"comment_status":"closed","ping_status":"open","template":"","meta":{"_angie_page":false},"product_brand":[],"product_cat":[25574,9155,25221,9161],"product_tag":[],"class_list":{"0":"post-209582","1":"product","2":"type-product","3":"status-publish","4":"has-post-thumbnail","6":"product_cat-calcitt","7":"product_cat-esoteriske-gaver","8":"product_cat-krystaller-edelsteiner","9":"product_cat-trommelsteiner","10":"pa_collection-rare-mineral-specimens-no","11":"pa_made-in-marokko","13":"first","14":"instock","15":"purchasable","16":"product-type-simple"},"supplier_id":null,"supplier_sku":"MinSP-10","barcode":null,"atum_controlled":true,"out_stock_date":null,"out_stock_threshold":null,"inheritable":false,"inbound_stock":null,"stock_on_hold":0,"sold_today":0,"sales_last_days":0,"reserved_stock":null,"customer_returns":null,"warehouse_damage":null,"lost_in_post":null,"other_logs":null,"out_stock_days":153,"lost_sales":0,"has_location":null,"update_date":"2026-04-27T07:13:06","atum_locations":[],"atum_stock_status":"instock","restock_status":false,"low_stock_amount":"","sales_update_date":"2026-02-06T00:01:04","calc_backorders":null,"_links":{"self":[{"href":"https:\/\/aromasentia.com\/no\/wp-json\/wp\/v2\/product\/209582","targetHints":{"allow":["GET"]}}],"collection":[{"href":"https:\/\/aromasentia.com\/no\/wp-json\/wp\/v2\/product"}],"about":[{"href":"https:\/\/aromasentia.com\/no\/wp-json\/wp\/v2\/types\/product"}],"replies":[{"embeddable":true,"href":"https:\/\/aromasentia.com\/no\/wp-json\/wp\/v2\/comments?post=209582"}],"version-history":[{"count":0,"href":"https:\/\/aromasentia.com\/no\/wp-json\/wp\/v2\/product\/209582\/revisions"}],"wp:featuredmedia":[{"embeddable":true,"href":"https:\/\/aromasentia.com\/no\/wp-json\/wp\/v2\/media\/340891"}],"wp:attachment":[{"href":"https:\/\/aromasentia.com\/no\/wp-json\/wp\/v2\/media?parent=209582"}],"wp:term":[{"taxonomy":"product_brand","embeddable":true,"href":"https:\/\/aromasentia.com\/no\/wp-json\/wp\/v2\/product_brand?post=209582"},{"taxonomy":"product_cat","embeddable":true,"href":"https:\/\/aromasentia.com\/no\/wp-json\/wp\/v2\/product_cat?post=209582"},{"taxonomy":"product_tag","embeddable":true,"href":"https:\/\/aromasentia.com\/no\/wp-json\/wp\/v2\/product_tag?post=209582"}],"curies":[{"name":"wp","href":"https:\/\/api.w.org\/{rel}","templated":true}]}}