{"id":209574,"date":"2025-03-22T13:30:06","date_gmt":"2025-03-22T13:30:06","guid":{"rendered":"https:\/\/aromasentia.com\/product\/cavensite-with-metrics-30-40mm\/"},"modified":"2025-05-31T06:20:49","modified_gmt":"2025-05-31T06:20:49","slug":"cavensite-med-metrics-30-40-mm","status":"publish","type":"product","link":"https:\/\/aromasentia.com\/no\/cavensite-med-metrics-30-40-mm\/","title":{"rendered":"Cavensite med Metrics 30-40 mm"},"content":{"rendered":"<p>V\u00e5re sjeldne mineralpr\u00f8ver er sv\u00e6rt samleobjekter. Hvis du er en mineralsamler, b\u00f8r du ha dem i samlingen din. Ulike edelstener sies \u00e5 ha forskjellige egenskaper, og i tusenvis av \u00e5r har de blitt laget til ringer, armb\u00e5nd, amuletter, brosjer og anheng for \u00e5 fange magien deres.<\/p>\n<p>En popul\u00e6r teori er at edelstener inneholder vibrasjonsenergi. Ved \u00e5 plassere edelstener i en persons aura er det mulig \u00e5 endre vibrasjonene i den auraen. De kan hjelpe deg med \u00e5 absorbere negative tanker, fylle deg med mot og selvtillit eller forbedre hukommelsen din.<\/p>\n<p>VENNLIGST MERK: Disse mineralene er et naturprodukt. P\u00e5 grunn av dette kan st\u00f8rrelsene p\u00e5 edelstenene variere.<\/p>\n","protected":false},"excerpt":{"rendered":"<p>V\u00e5re sjeldne mineralpr\u00f8ver er sv\u00e6rt samleobjekter. Hvis du er en mineralsamler, b\u00f8r du ha dem i samlingen din. Ulike edelstener sies \u00e5 ha forskjellige egenskaper, og i tusenvis av \u00e5r har de blitt laget til ringer, armb\u00e5nd, amuletter, brosjer og anheng for \u00e5 fange magien deres. En popul\u00e6r teori er at edelstener inneholder vibrasjonsenergi. Ved [&hellip;]<\/p>\n","protected":false},"featured_media":340139,"comment_status":"closed","ping_status":"open","template":"","meta":{"_angie_page":false},"product_brand":[],"product_cat":[9155,9161],"product_tag":[],"class_list":{"0":"post-209574","1":"product","2":"type-product","3":"status-publish","4":"has-post-thumbnail","6":"product_cat-esoteriske-gaver","7":"product_cat-trommelsteiner","8":"pa_collection-rare-mineral-specimens-no","9":"pa_made-in-india","11":"first","12":"instock","13":"purchasable","14":"product-type-simple"},"supplier_id":null,"supplier_sku":"MinSp-02","barcode":null,"atum_controlled":true,"out_stock_date":null,"out_stock_threshold":null,"inheritable":false,"inbound_stock":null,"stock_on_hold":0,"sold_today":0,"sales_last_days":0,"reserved_stock":null,"customer_returns":null,"warehouse_damage":null,"lost_in_post":null,"other_logs":null,"out_stock_days":0,"lost_sales":0,"has_location":null,"update_date":"2026-05-04T00:03:58","atum_locations":[],"atum_stock_status":"instock","restock_status":false,"low_stock_amount":"","sales_update_date":"2026-02-06T00:02:37","calc_backorders":null,"_links":{"self":[{"href":"https:\/\/aromasentia.com\/no\/wp-json\/wp\/v2\/product\/209574","targetHints":{"allow":["GET"]}}],"collection":[{"href":"https:\/\/aromasentia.com\/no\/wp-json\/wp\/v2\/product"}],"about":[{"href":"https:\/\/aromasentia.com\/no\/wp-json\/wp\/v2\/types\/product"}],"replies":[{"embeddable":true,"href":"https:\/\/aromasentia.com\/no\/wp-json\/wp\/v2\/comments?post=209574"}],"version-history":[{"count":0,"href":"https:\/\/aromasentia.com\/no\/wp-json\/wp\/v2\/product\/209574\/revisions"}],"wp:featuredmedia":[{"embeddable":true,"href":"https:\/\/aromasentia.com\/no\/wp-json\/wp\/v2\/media\/340139"}],"wp:attachment":[{"href":"https:\/\/aromasentia.com\/no\/wp-json\/wp\/v2\/media?parent=209574"}],"wp:term":[{"taxonomy":"product_brand","embeddable":true,"href":"https:\/\/aromasentia.com\/no\/wp-json\/wp\/v2\/product_brand?post=209574"},{"taxonomy":"product_cat","embeddable":true,"href":"https:\/\/aromasentia.com\/no\/wp-json\/wp\/v2\/product_cat?post=209574"},{"taxonomy":"product_tag","embeddable":true,"href":"https:\/\/aromasentia.com\/no\/wp-json\/wp\/v2\/product_tag?post=209574"}],"curies":[{"name":"wp","href":"https:\/\/api.w.org\/{rel}","templated":true}]}}