{"id":209560,"date":"2025-03-22T13:30:13","date_gmt":"2025-03-22T13:30:13","guid":{"rendered":"https:\/\/aromasentia.com\/product\/lrg-orgonite-pyramid-70mm-angel\/"},"modified":"2025-05-31T06:19:50","modified_gmt":"2025-05-31T06:19:50","slug":"orgonite-orgonitt-pyramid-70mm-angel-stor","status":"publish","type":"product","link":"https:\/\/aromasentia.com\/no\/orgonite-orgonitt-pyramid-70mm-angel-stor\/","title":{"rendered":"Orgonite Orgonitt Pyramid 70mm &#8211; Angel Stor"},"content":{"rendered":"<p>Wow, det blir ikke mer magisk eller esoterisk enn dette. Disse orgonitt-objektene, noen ganger kjent som kraftflytobjekter, er laget med edelstensbiter, kobber, metallspon og har esoteriske objekter inni. Orgonitt har blitt veldig popul\u00e6rt som et \u00e5ndelig helbredelsesverkt\u00f8y og som beskyttelse mot elektromagnetisk forurensning.<\/p>\n<p>Mange merker positive emosjonelle effekter i n\u00e6rv\u00e6r av orgongeneratorer, hum\u00f8r og f\u00f8lelser har en tendens til \u00e5 heve seg. Noen rapporterer at de kan sove bedre og tryggere med en orgongenerator p\u00e5 soverommet.<\/p>\n<p>Disse orgonittene er h\u00e5ndlaget med \u00e5ndelig inspirasjon, s\u00e5 designene kan avvike noe fra de som er avbildet.<\/p>\n<p>Fortryll kundene dine, ha et utvalg av orgonitt-objekter p\u00e5 lager i dag.<\/p>\n","protected":false},"excerpt":{"rendered":"<p>Wow, det blir ikke mer magisk eller esoterisk enn dette. Disse orgonitt-objektene, noen ganger kjent som kraftflytobjekter, er laget med edelstensbiter, kobber, metallspon og har esoteriske objekter inni. Orgonitt har blitt veldig popul\u00e6rt som et \u00e5ndelig helbredelsesverkt\u00f8y og som beskyttelse mot elektromagnetisk forurensning. Mange merker positive emosjonelle effekter i n\u00e6rv\u00e6r av orgongeneratorer, hum\u00f8r og f\u00f8lelser [&hellip;]<\/p>\n","protected":false},"featured_media":343353,"comment_status":"closed","ping_status":"open","template":"","meta":{"_angie_page":false},"product_brand":[],"product_cat":[8394,10889],"product_tag":[],"class_list":{"0":"post-209560","1":"product","2":"type-product","3":"status-publish","4":"has-post-thumbnail","6":"product_cat-hjem-og-hage","7":"product_cat-orgonite-orgonitt","8":"pa_collection-orgonite-objects-no","9":"pa_made-in-india","11":"first","12":"instock","13":"purchasable","14":"product-type-simple"},"supplier_id":null,"supplier_sku":"ORGN-05","barcode":null,"atum_controlled":true,"out_stock_date":null,"out_stock_threshold":null,"inheritable":false,"inbound_stock":null,"stock_on_hold":0,"sold_today":0,"sales_last_days":0,"reserved_stock":null,"customer_returns":null,"warehouse_damage":null,"lost_in_post":null,"other_logs":null,"out_stock_days":0,"lost_sales":0,"has_location":null,"update_date":"2026-04-27T07:17:12","atum_locations":[],"atum_stock_status":"instock","restock_status":false,"low_stock_amount":"","sales_update_date":"2026-01-30T01:26:19","calc_backorders":null,"_links":{"self":[{"href":"https:\/\/aromasentia.com\/no\/wp-json\/wp\/v2\/product\/209560","targetHints":{"allow":["GET"]}}],"collection":[{"href":"https:\/\/aromasentia.com\/no\/wp-json\/wp\/v2\/product"}],"about":[{"href":"https:\/\/aromasentia.com\/no\/wp-json\/wp\/v2\/types\/product"}],"replies":[{"embeddable":true,"href":"https:\/\/aromasentia.com\/no\/wp-json\/wp\/v2\/comments?post=209560"}],"version-history":[{"count":0,"href":"https:\/\/aromasentia.com\/no\/wp-json\/wp\/v2\/product\/209560\/revisions"}],"wp:featuredmedia":[{"embeddable":true,"href":"https:\/\/aromasentia.com\/no\/wp-json\/wp\/v2\/media\/343353"}],"wp:attachment":[{"href":"https:\/\/aromasentia.com\/no\/wp-json\/wp\/v2\/media?parent=209560"}],"wp:term":[{"taxonomy":"product_brand","embeddable":true,"href":"https:\/\/aromasentia.com\/no\/wp-json\/wp\/v2\/product_brand?post=209560"},{"taxonomy":"product_cat","embeddable":true,"href":"https:\/\/aromasentia.com\/no\/wp-json\/wp\/v2\/product_cat?post=209560"},{"taxonomy":"product_tag","embeddable":true,"href":"https:\/\/aromasentia.com\/no\/wp-json\/wp\/v2\/product_tag?post=209560"}],"curies":[{"name":"wp","href":"https:\/\/api.w.org\/{rel}","templated":true}]}}