{"id":209535,"date":"2025-03-22T13:30:13","date_gmt":"2025-03-22T13:30:13","guid":{"rendered":"https:\/\/aromasentia.com\/product\/orgonite-power-chakra-pendulum-rose-quartz\/"},"modified":"2025-05-31T06:18:08","modified_gmt":"2025-05-31T06:18:08","slug":"orgonite-orgonitt-power-chakra-pendel-rosenkvarts","status":"publish","type":"product","link":"https:\/\/aromasentia.com\/no\/orgonite-orgonitt-power-chakra-pendel-rosenkvarts\/","title":{"rendered":"Orgonite Orgonitt Power Chakra Pendel &#8211; Rosenkvarts"},"content":{"rendered":"<p><span style=\"color: rgb(75, 80, 88);\">Orgonitt har blitt sv\u00e6rt popul\u00e6rt som et spirituelt helbredelsesverkt\u00f8y og som beskyttelse mot elektromagnetisk forurensning. Orgonitter brukes til \u00e5 rense negativ energi og brukes ogs\u00e5 til \u00e5 motvirke effektene elektromagnetiske b\u00f8lger har p\u00e5 kroppen v\u00e5r. Orgonitt antas \u00e5 bidra til \u00e5 forbedre livet ditt fysisk, f\u00f8lelsesmessig og \u00e5ndelig.<\/span><\/p>\n<p><span style=\"color: rgb(75, 80, 88);\">Orgonitt er en blanding av katalysert glassfiberharpiks med metallspon, hellt i former. Krystaller, essensielle oljer og organiske materialer med h\u00f8y vibrasjon kan tilsettes blandingen for deres evne til \u00e5 gj\u00f8re energien mer sammenhengende eller for \u00e5 forbedre orgonittens virkem\u00e5te.<\/span><\/p>\n<p><span style=\"color: rgb(75, 80, 88);\">Kjedelengde &#8211; ca. 150 mm.<\/span><\/p>\n<p><span style=\"color: rgb(75, 80, 88);\">Kugesteinssliping eller radiestesi antas \u00e5 dateres tilbake over seks tusen \u00e5r. Egypterne og de gamle kineserne var tidlige ut\u00f8vere. Orgonitt-edelstenssliping kan utf\u00f8res p\u00e5 mange m\u00e5ter, og det hevdes \u00e5 v\u00e6re til alle slags form\u00e5l, for eksempel \u00e5 finne vann, mineraler, savnede personer og til og med tapte gjenstander. Det brukes ogs\u00e5 i healing, reiki og sp\u00e5dom.<\/span><\/p>\n","protected":false},"excerpt":{"rendered":"<p>Orgonitt har blitt sv\u00e6rt popul\u00e6rt som et spirituelt helbredelsesverkt\u00f8y og som beskyttelse mot elektromagnetisk forurensning. Orgonitter brukes til \u00e5 rense negativ energi og brukes ogs\u00e5 til \u00e5 motvirke effektene elektromagnetiske b\u00f8lger har p\u00e5 kroppen v\u00e5r. Orgonitt antas \u00e5 bidra til \u00e5 forbedre livet ditt fysisk, f\u00f8lelsesmessig og \u00e5ndelig. Orgonitt er en blanding av katalysert glassfiberharpiks [&hellip;]<\/p>\n","protected":false},"featured_media":342592,"comment_status":"closed","ping_status":"open","template":"","meta":{"_angie_page":false},"product_brand":[],"product_cat":[8394,25221,25734,10889,9158,25746],"product_tag":[],"class_list":{"0":"post-209535","1":"product","2":"type-product","3":"status-publish","4":"has-post-thumbnail","6":"product_cat-hjem-og-hage","7":"product_cat-krystaller-edelsteiner","8":"product_cat-kvarts","9":"product_cat-orgonite-orgonitt","10":"product_cat-pendler-og-runesett","11":"product_cat-rosenkvarts","12":"pa_collection-orgonite-power-chakra-pendulums-no","13":"pa_made-in-india","15":"first","16":"instock","17":"purchasable","18":"product-type-simple"},"supplier_id":null,"supplier_sku":"OrgCP-02","barcode":null,"atum_controlled":true,"out_stock_date":null,"out_stock_threshold":null,"inheritable":false,"inbound_stock":null,"stock_on_hold":0,"sold_today":0,"sales_last_days":0,"reserved_stock":null,"customer_returns":null,"warehouse_damage":null,"lost_in_post":null,"other_logs":null,"out_stock_days":0,"lost_sales":0,"has_location":null,"update_date":"2026-05-04T00:03:59","atum_locations":[],"atum_stock_status":"instock","restock_status":false,"low_stock_amount":"","sales_update_date":"2025-09-05T00:25:12","calc_backorders":null,"_links":{"self":[{"href":"https:\/\/aromasentia.com\/no\/wp-json\/wp\/v2\/product\/209535","targetHints":{"allow":["GET"]}}],"collection":[{"href":"https:\/\/aromasentia.com\/no\/wp-json\/wp\/v2\/product"}],"about":[{"href":"https:\/\/aromasentia.com\/no\/wp-json\/wp\/v2\/types\/product"}],"replies":[{"embeddable":true,"href":"https:\/\/aromasentia.com\/no\/wp-json\/wp\/v2\/comments?post=209535"}],"version-history":[{"count":0,"href":"https:\/\/aromasentia.com\/no\/wp-json\/wp\/v2\/product\/209535\/revisions"}],"wp:featuredmedia":[{"embeddable":true,"href":"https:\/\/aromasentia.com\/no\/wp-json\/wp\/v2\/media\/342592"}],"wp:attachment":[{"href":"https:\/\/aromasentia.com\/no\/wp-json\/wp\/v2\/media?parent=209535"}],"wp:term":[{"taxonomy":"product_brand","embeddable":true,"href":"https:\/\/aromasentia.com\/no\/wp-json\/wp\/v2\/product_brand?post=209535"},{"taxonomy":"product_cat","embeddable":true,"href":"https:\/\/aromasentia.com\/no\/wp-json\/wp\/v2\/product_cat?post=209535"},{"taxonomy":"product_tag","embeddable":true,"href":"https:\/\/aromasentia.com\/no\/wp-json\/wp\/v2\/product_tag?post=209535"}],"curies":[{"name":"wp","href":"https:\/\/api.w.org\/{rel}","templated":true}]}}