{"id":209531,"date":"2025-03-22T13:30:13","date_gmt":"2025-03-22T13:30:13","guid":{"rendered":"https:\/\/aromasentia.com\/product\/gemstone-tree-with-organite-base-320-stone-amethyst\/"},"modified":"2025-05-31T06:17:55","modified_gmt":"2025-05-31T06:17:55","slug":"gemstone-tree-med-organite-base-320-stone-ametyst","status":"publish","type":"product","link":"https:\/\/aromasentia.com\/no\/gemstone-tree-med-organite-base-320-stone-ametyst\/","title":{"rendered":"Gemstone Tree med Organite Base &#8211; 320 Stone &#8211; Ametyst"},"content":{"rendered":"<p>Velkommen til v\u00e5r verden av fortryllelse og positiv energi med <strong>Ametyst Edelsteintre med Orgonite Base<\/strong>, fylt med <strong>320 fantastiske ametyststeiner.<\/strong> Denne uts\u00f8kte kreasjonen er et sant bevis p\u00e5 naturens fascinerende skj\u00f8nnhet og kraften i krystallenergi.<\/p>\n<p>Kjent som en stein for \u00e5ndelig vekst og ro, er <strong>ametyst<\/strong> \u00e6ret for sine beroligende og rensende egenskaper. Dens fascinerende lilla fargetoner utstr\u00e5ler beroligende vibrasjoner og skaper en atmosf\u00e6re av ro og avslapping.<\/p>\n<p>Det som skiller dette edelstenstreet fra andre, er den praktfulle pyramidebasen i orgonitt fylt med de samme naturlige ametystkrystallene som treet, noe som gir en s\u00f8ml\u00f8s integrering av energier. Orgonitt er kjent for sin evne til \u00e5 balansere og forbedre energiflyten, noe som gj\u00f8r den til det perfekte supplement til edelstenstreet.<\/p>\n<p>Legg deg ned i de milde vibrasjonene fra disse uts\u00f8kte steinene og la deres beroligende energi omslutte rommet ditt med ro og harmoni.<\/p>\n<\/p>\n<p>Legg deg ned i de milde vibrasjonene fra disse uts\u00f8kte steinene og la deres beroligende energi omslutte rommet ditt med ro og harmoni.<\/p>\n","protected":false},"excerpt":{"rendered":"<p>Velkommen til v\u00e5r verden av fortryllelse og positiv energi med Ametyst Edelsteintre med Orgonite Base, fylt med 320 fantastiske ametyststeiner. Denne uts\u00f8kte kreasjonen er et sant bevis p\u00e5 naturens fascinerende skj\u00f8nnhet og kraften i krystallenergi. Kjent som en stein for \u00e5ndelig vekst og ro, er ametyst \u00e6ret for sine beroligende og rensende egenskaper. Dens fascinerende [&hellip;]<\/p>\n","protected":false},"featured_media":342540,"comment_status":"closed","ping_status":"open","template":"","meta":{"_angie_page":false},"product_brand":[],"product_cat":[25548,8394,25221,10889],"product_tag":[],"class_list":{"0":"post-209531","1":"product","2":"type-product","3":"status-publish","4":"has-post-thumbnail","6":"product_cat-ametyst","7":"product_cat-hjem-og-hage","8":"product_cat-krystaller-edelsteiner","9":"product_cat-orgonite-orgonitt","10":"pa_collection-gemstone-trees-with-orgonite-base-no","11":"pa_made-in-india","13":"first","14":"instock","15":"purchasable","16":"product-type-simple"},"supplier_id":null,"supplier_sku":"OGemT-10","barcode":null,"atum_controlled":true,"out_stock_date":null,"out_stock_threshold":null,"inheritable":false,"inbound_stock":null,"stock_on_hold":0,"sold_today":0,"sales_last_days":0,"reserved_stock":null,"customer_returns":null,"warehouse_damage":null,"lost_in_post":null,"other_logs":null,"out_stock_days":0,"lost_sales":0,"has_location":null,"update_date":"2026-05-04T00:03:59","atum_locations":[],"atum_stock_status":"instock","restock_status":false,"low_stock_amount":"","sales_update_date":"2026-01-30T01:24:54","calc_backorders":null,"_links":{"self":[{"href":"https:\/\/aromasentia.com\/no\/wp-json\/wp\/v2\/product\/209531","targetHints":{"allow":["GET"]}}],"collection":[{"href":"https:\/\/aromasentia.com\/no\/wp-json\/wp\/v2\/product"}],"about":[{"href":"https:\/\/aromasentia.com\/no\/wp-json\/wp\/v2\/types\/product"}],"replies":[{"embeddable":true,"href":"https:\/\/aromasentia.com\/no\/wp-json\/wp\/v2\/comments?post=209531"}],"version-history":[{"count":0,"href":"https:\/\/aromasentia.com\/no\/wp-json\/wp\/v2\/product\/209531\/revisions"}],"wp:featuredmedia":[{"embeddable":true,"href":"https:\/\/aromasentia.com\/no\/wp-json\/wp\/v2\/media\/342540"}],"wp:attachment":[{"href":"https:\/\/aromasentia.com\/no\/wp-json\/wp\/v2\/media?parent=209531"}],"wp:term":[{"taxonomy":"product_brand","embeddable":true,"href":"https:\/\/aromasentia.com\/no\/wp-json\/wp\/v2\/product_brand?post=209531"},{"taxonomy":"product_cat","embeddable":true,"href":"https:\/\/aromasentia.com\/no\/wp-json\/wp\/v2\/product_cat?post=209531"},{"taxonomy":"product_tag","embeddable":true,"href":"https:\/\/aromasentia.com\/no\/wp-json\/wp\/v2\/product_tag?post=209531"}],"curies":[{"name":"wp","href":"https:\/\/api.w.org\/{rel}","templated":true}]}}