{"id":209529,"date":"2025-03-22T13:30:13","date_gmt":"2025-03-22T13:30:13","guid":{"rendered":"https:\/\/aromasentia.com\/product\/gemstone-tree-with-organite-base-160-stone-moss-agate\/"},"modified":"2025-05-31T06:17:48","modified_gmt":"2025-05-31T06:17:48","slug":"gemstone-tree-med-organite-base-160-stone-moss-agate","status":"publish","type":"product","link":"https:\/\/aromasentia.com\/no\/gemstone-tree-med-organite-base-160-stone-moss-agate\/","title":{"rendered":"Gemstone Tree med Organite Base &#8211; 160 Stone &#8211; Moss Agate"},"content":{"rendered":"<p>Tre inn i en verden av naturlig skj\u00f8nnhet og jordet energi med et <strong>Moss Agate Gemstone Tree with Orgonite Base<\/strong>, prydet med <strong>160 uts\u00f8kte moseagatsteiner<\/strong>. Denne bemerkelsesverdige kreasjonen kombinerer et tre av edelstener med orgonittens balanserende egenskaper, noe som resulterer i et fengslende m\u00f8bel som harmonerer b\u00e5de estetikk og energi.<\/p>\n<p><strong>Moseagat<\/strong> er kjent for sine jordn\u00e6re og stabiliserende egenskaper, som forbinder oss med jordens helbredende energi. De milde vibrasjonene fremmer vekst, overflod og en dyp f\u00f8lelse av ro. <\/p>\n<p>Det som skiller dette edelstenstreet fra de andre, er den praktfulle&nbsp;<strong>orgonittpyramidebasen<\/strong> fylt med de samme naturlige moseagatkrystallene som treet, noe som muliggj\u00f8r en s\u00f8ml\u00f8s integrering av energier. Orgonitt er kjent for sin evne til \u00e5 balansere og forbedre energiflyten, noe som gj\u00f8r det til det perfekte supplement til edelstenstreet.<\/p>\n<p>Uansett om det er til deg selv, en du er glad i eller en verdsatt klient, symboliserer dette treet vekst, stabilitet og en dyp forbindelse med jorden.<\/p>\n<p>Tillat rolige vibrasjoner \u00e5 fylle rommet ditt med balanse, overflod og en dyp f\u00f8lelse av ro.<\/p>\n<\/p>\n<p>Tillat rolige vibrasjoner \u00e5 fylle rommet ditt med balanse, overflod og en dyp f\u00f8lelse av ro.<\/p>\n","protected":false},"excerpt":{"rendered":"<p>Tre inn i en verden av naturlig skj\u00f8nnhet og jordet energi med et Moss Agate Gemstone Tree with Orgonite Base, prydet med 160 uts\u00f8kte moseagatsteiner. Denne bemerkelsesverdige kreasjonen kombinerer et tre av edelstener med orgonittens balanserende egenskaper, noe som resulterer i et fengslende m\u00f8bel som harmonerer b\u00e5de estetikk og energi. Moseagat er kjent for sine [&hellip;]<\/p>\n","protected":false},"featured_media":342522,"comment_status":"closed","ping_status":"open","template":"","meta":{"_angie_page":false},"product_brand":[],"product_cat":[25539,8394,25221,10889],"product_tag":[],"class_list":{"0":"post-209529","1":"product","2":"type-product","3":"status-publish","4":"has-post-thumbnail","6":"product_cat-agat","7":"product_cat-hjem-og-hage","8":"product_cat-krystaller-edelsteiner","9":"product_cat-orgonite-orgonitt","10":"pa_collection-gemstone-trees-with-orgonite-base-no","11":"pa_made-in-india","13":"first","14":"outofstock","15":"purchasable","16":"product-type-simple"},"supplier_id":null,"supplier_sku":"OGemT-08","barcode":null,"atum_controlled":true,"out_stock_date":"2026-04-25 15:19:41","out_stock_threshold":null,"inheritable":false,"inbound_stock":null,"stock_on_hold":0,"sold_today":0,"sales_last_days":0,"reserved_stock":null,"customer_returns":null,"warehouse_damage":null,"lost_in_post":null,"other_logs":null,"out_stock_days":0,"lost_sales":0,"has_location":null,"update_date":"2026-04-27T07:16:35","atum_locations":[],"atum_stock_status":"outofstock","restock_status":false,"low_stock_amount":"","sales_update_date":"2026-01-30T01:24:41","calc_backorders":null,"_links":{"self":[{"href":"https:\/\/aromasentia.com\/no\/wp-json\/wp\/v2\/product\/209529","targetHints":{"allow":["GET"]}}],"collection":[{"href":"https:\/\/aromasentia.com\/no\/wp-json\/wp\/v2\/product"}],"about":[{"href":"https:\/\/aromasentia.com\/no\/wp-json\/wp\/v2\/types\/product"}],"replies":[{"embeddable":true,"href":"https:\/\/aromasentia.com\/no\/wp-json\/wp\/v2\/comments?post=209529"}],"version-history":[{"count":0,"href":"https:\/\/aromasentia.com\/no\/wp-json\/wp\/v2\/product\/209529\/revisions"}],"wp:featuredmedia":[{"embeddable":true,"href":"https:\/\/aromasentia.com\/no\/wp-json\/wp\/v2\/media\/342522"}],"wp:attachment":[{"href":"https:\/\/aromasentia.com\/no\/wp-json\/wp\/v2\/media?parent=209529"}],"wp:term":[{"taxonomy":"product_brand","embeddable":true,"href":"https:\/\/aromasentia.com\/no\/wp-json\/wp\/v2\/product_brand?post=209529"},{"taxonomy":"product_cat","embeddable":true,"href":"https:\/\/aromasentia.com\/no\/wp-json\/wp\/v2\/product_cat?post=209529"},{"taxonomy":"product_tag","embeddable":true,"href":"https:\/\/aromasentia.com\/no\/wp-json\/wp\/v2\/product_tag?post=209529"}],"curies":[{"name":"wp","href":"https:\/\/api.w.org\/{rel}","templated":true}]}}