{"id":209523,"date":"2025-03-22T13:30:13","date_gmt":"2025-03-22T13:30:13","guid":{"rendered":"https:\/\/aromasentia.com\/product\/gemstone-tree-with-organite-base-80-stone-amethyst\/"},"modified":"2025-05-31T06:17:15","modified_gmt":"2025-05-31T06:17:15","slug":"gemstone-tree-med-organitt-base-80-stein-ametyst","status":"publish","type":"product","link":"https:\/\/aromasentia.com\/no\/gemstone-tree-med-organitt-base-80-stein-ametyst\/","title":{"rendered":"Gemstone Tree med Organitt Base &#8211; 80 Stein &#8211; Ametyst"},"content":{"rendered":"<p>Velkommen til v\u00e5r verden av fortryllelse og positiv energi med <strong>Ametyst edelstenstre med orgonittbase<\/strong>, fylt med <strong>80 fantastiske ametyststeiner<em>.<\/em><\/strong> Denne uts\u00f8kte kreasjonen er et sant bevis p\u00e5 naturens fascinerende skj\u00f8nnhet og kraften i krystallenergien.<\/p>\n<p>Ametyst er kjent som en stein for \u00e5ndelig vekst og ro, og <strong>ametyst<\/strong> er \u00e6ret for sine beroligende og rensende egenskaper. Dens fascinerende lilla fargetoner utstr\u00e5ler beroligende vibrasjoner og skaper en atmosf\u00e6re av ro og avslapping.<\/p>\n<p>Det som gj\u00f8r dette edelstenstreet spesielt, er den praktfulle <strong>orgonittpyramidebasen<\/strong> fylt med de samme naturlige ametystkrystallene som treet, noe som muliggj\u00f8r en s\u00f8ml\u00f8s integrering av energier. Orgonitt er kjent for sin evne til \u00e5 balansere og forbedre energiflyten, noe som gj\u00f8r den til det perfekte supplementet til edelstenstreet.<\/p>\n<p>Dyp deg inn i de milde vibrasjonene til disse uts\u00f8kte steinene og la deres beroligende energi omslutte rommet ditt med ro og harmoni.&nbsp;<\/p>\n<p>\n","protected":false},"excerpt":{"rendered":"<p>Velkommen til v\u00e5r verden av fortryllelse og positiv energi med Ametyst edelstenstre med orgonittbase, fylt med 80 fantastiske ametyststeiner. Denne uts\u00f8kte kreasjonen er et sant bevis p\u00e5 naturens fascinerende skj\u00f8nnhet og kraften i krystallenergien. Ametyst er kjent som en stein for \u00e5ndelig vekst og ro, og ametyst er \u00e6ret for sine beroligende og rensende egenskaper. [&hellip;]<\/p>\n","protected":false},"featured_media":342468,"comment_status":"closed","ping_status":"open","template":"","meta":{"_angie_page":false},"product_brand":[],"product_cat":[25548,8394,25221,10889],"product_tag":[],"class_list":{"0":"post-209523","1":"product","2":"type-product","3":"status-publish","4":"has-post-thumbnail","6":"product_cat-ametyst","7":"product_cat-hjem-og-hage","8":"product_cat-krystaller-edelsteiner","9":"product_cat-orgonite-orgonitt","10":"pa_collection-gemstone-trees-with-orgonite-base-no","11":"pa_made-in-india","13":"first","14":"instock","15":"purchasable","16":"product-type-simple"},"supplier_id":null,"supplier_sku":"OGemT-02","barcode":null,"atum_controlled":true,"out_stock_date":null,"out_stock_threshold":null,"inheritable":false,"inbound_stock":null,"stock_on_hold":0,"sold_today":0,"sales_last_days":0,"reserved_stock":null,"customer_returns":null,"warehouse_damage":null,"lost_in_post":null,"other_logs":null,"out_stock_days":0,"lost_sales":0,"has_location":null,"update_date":"2026-04-27T07:16:28","atum_locations":[],"atum_stock_status":"instock","restock_status":false,"low_stock_amount":"","sales_update_date":"2026-02-06T00:01:35","calc_backorders":null,"_links":{"self":[{"href":"https:\/\/aromasentia.com\/no\/wp-json\/wp\/v2\/product\/209523","targetHints":{"allow":["GET"]}}],"collection":[{"href":"https:\/\/aromasentia.com\/no\/wp-json\/wp\/v2\/product"}],"about":[{"href":"https:\/\/aromasentia.com\/no\/wp-json\/wp\/v2\/types\/product"}],"replies":[{"embeddable":true,"href":"https:\/\/aromasentia.com\/no\/wp-json\/wp\/v2\/comments?post=209523"}],"version-history":[{"count":0,"href":"https:\/\/aromasentia.com\/no\/wp-json\/wp\/v2\/product\/209523\/revisions"}],"wp:featuredmedia":[{"embeddable":true,"href":"https:\/\/aromasentia.com\/no\/wp-json\/wp\/v2\/media\/342468"}],"wp:attachment":[{"href":"https:\/\/aromasentia.com\/no\/wp-json\/wp\/v2\/media?parent=209523"}],"wp:term":[{"taxonomy":"product_brand","embeddable":true,"href":"https:\/\/aromasentia.com\/no\/wp-json\/wp\/v2\/product_brand?post=209523"},{"taxonomy":"product_cat","embeddable":true,"href":"https:\/\/aromasentia.com\/no\/wp-json\/wp\/v2\/product_cat?post=209523"},{"taxonomy":"product_tag","embeddable":true,"href":"https:\/\/aromasentia.com\/no\/wp-json\/wp\/v2\/product_tag?post=209523"}],"curies":[{"name":"wp","href":"https:\/\/api.w.org\/{rel}","templated":true}]}}