{"id":209518,"date":"2025-03-22T13:30:13","date_gmt":"2025-03-22T13:30:13","guid":{"rendered":"https:\/\/aromasentia.com\/product\/orgonite-desk-power-packs-hamsa-with-sellonite-med\/"},"modified":"2025-05-31T06:16:56","modified_gmt":"2025-05-31T06:16:56","slug":"orgonite-orgonitt-desk-power-packs-hamsa-med-sellonite-med","status":"publish","type":"product","link":"https:\/\/aromasentia.com\/no\/orgonite-orgonitt-desk-power-packs-hamsa-med-sellonite-med\/","title":{"rendered":"Orgonite Orgonitt Desk Power Packs &#8211; Hamsa med Sellonite &#8211; Med"},"content":{"rendered":"<p>Orgonite skrivebordsbatterier er laget med edelstensbiter, kobber, metallspon og har esoteriske gjenstander inni \u2013 de er virkelig mystiske papirvektere eller bare herlige dekorasjoner. En perfekt gave til enhver kontor- eller skrivebordsarbeider.<\/p>\n<p>Orgonitt har blitt veldig popul\u00e6rt som et \u00e5ndelig helbredelsesverkt\u00f8y og som beskyttelse mot elektromagnetisk forurensning.<\/p>\n<p>Orgonitten v\u00e5r er h\u00e5ndlaget med \u00e5ndelig inspirasjon, s\u00e5 designene kan avvike noe fra de som er avbildet.<\/p>\n<p>Merk: P\u00e5 grunn av varens natur og produksjonsprosessen kan designene variere, og bildene er kun for illustrasjonsform\u00e5l.<\/p>\n<p>Tiltrekk deg kraftig ekstra salg med et fantastisk utvalg av disse Organite-ornamentene.<\/p>\n","protected":false},"excerpt":{"rendered":"<p>Orgonite skrivebordsbatterier er laget med edelstensbiter, kobber, metallspon og har esoteriske gjenstander inni \u2013 de er virkelig mystiske papirvektere eller bare herlige dekorasjoner. En perfekt gave til enhver kontor- eller skrivebordsarbeider. Orgonitt har blitt veldig popul\u00e6rt som et \u00e5ndelig helbredelsesverkt\u00f8y og som beskyttelse mot elektromagnetisk forurensning. Orgonitten v\u00e5r er h\u00e5ndlaget med \u00e5ndelig inspirasjon, s\u00e5 designene [&hellip;]<\/p>\n","protected":false},"featured_media":342303,"comment_status":"closed","ping_status":"open","template":"","meta":{"_angie_page":false},"product_brand":[],"product_cat":[8394,10889],"product_tag":[],"class_list":{"0":"post-209518","1":"product","2":"type-product","3":"status-publish","4":"has-post-thumbnail","6":"product_cat-hjem-og-hage","7":"product_cat-orgonite-orgonitt","8":"pa_collection-orgonite-desk-power-packs-no","9":"pa_made-in-india","11":"first","12":"outofstock","13":"purchasable","14":"product-type-simple"},"supplier_id":null,"supplier_sku":"ODesk-05","barcode":null,"atum_controlled":true,"out_stock_date":"2025-09-05 02:03:55","out_stock_threshold":null,"inheritable":false,"inbound_stock":null,"stock_on_hold":0,"sold_today":0,"sales_last_days":0,"reserved_stock":null,"customer_returns":null,"warehouse_damage":null,"lost_in_post":null,"other_logs":null,"out_stock_days":0,"lost_sales":0,"has_location":null,"update_date":"2026-04-27T07:16:28","atum_locations":[],"atum_stock_status":"outofstock","restock_status":false,"low_stock_amount":"","sales_update_date":"2025-09-05T00:25:05","calc_backorders":null,"_links":{"self":[{"href":"https:\/\/aromasentia.com\/no\/wp-json\/wp\/v2\/product\/209518","targetHints":{"allow":["GET"]}}],"collection":[{"href":"https:\/\/aromasentia.com\/no\/wp-json\/wp\/v2\/product"}],"about":[{"href":"https:\/\/aromasentia.com\/no\/wp-json\/wp\/v2\/types\/product"}],"replies":[{"embeddable":true,"href":"https:\/\/aromasentia.com\/no\/wp-json\/wp\/v2\/comments?post=209518"}],"version-history":[{"count":0,"href":"https:\/\/aromasentia.com\/no\/wp-json\/wp\/v2\/product\/209518\/revisions"}],"wp:featuredmedia":[{"embeddable":true,"href":"https:\/\/aromasentia.com\/no\/wp-json\/wp\/v2\/media\/342303"}],"wp:attachment":[{"href":"https:\/\/aromasentia.com\/no\/wp-json\/wp\/v2\/media?parent=209518"}],"wp:term":[{"taxonomy":"product_brand","embeddable":true,"href":"https:\/\/aromasentia.com\/no\/wp-json\/wp\/v2\/product_brand?post=209518"},{"taxonomy":"product_cat","embeddable":true,"href":"https:\/\/aromasentia.com\/no\/wp-json\/wp\/v2\/product_cat?post=209518"},{"taxonomy":"product_tag","embeddable":true,"href":"https:\/\/aromasentia.com\/no\/wp-json\/wp\/v2\/product_tag?post=209518"}],"curies":[{"name":"wp","href":"https:\/\/api.w.org\/{rel}","templated":true}]}}