{"id":209495,"date":"2025-03-22T13:30:22","date_gmt":"2025-03-22T13:30:22","guid":{"rendered":"https:\/\/aromasentia.com\/product\/indian-runes-in-pouch-black-onyx\/"},"modified":"2025-05-31T06:15:21","modified_gmt":"2025-05-31T06:15:21","slug":"indiske-runer-i-veske-svart-onyks","status":"publish","type":"product","link":"https:\/\/aromasentia.com\/no\/indiske-runer-i-veske-svart-onyks\/","title":{"rendered":"Indiske Runer I Veske &#8211; Svart Onyks"},"content":{"rendered":"<p>Runesteiner er et av den mystiske verdens sanne mysterier. Ingen kan v\u00e6re helt sikre p\u00e5 n\u00f8yaktig hvor de kom fra og n\u00e5r. Det finnes mange teorier om emnet, men noen tror at de f\u00f8rst ble brukt n\u00e5r som helst fra 2000 f.Kr. til 100 e.Kr. av stammer som goterne og andre germanske stammer.<\/p>\n<p>Hvert indisk runesett inneholder 25 steiner: 24 med runesymbol og \u00e9n uten.<\/p>\n<p>De har blitt et stadig mer popul\u00e6rt element, virkelig en flott gave til enhver anledning!<\/p>\n","protected":false},"excerpt":{"rendered":"<p>Runesteiner er et av den mystiske verdens sanne mysterier. Ingen kan v\u00e6re helt sikre p\u00e5 n\u00f8yaktig hvor de kom fra og n\u00e5r. Det finnes mange teorier om emnet, men noen tror at de f\u00f8rst ble brukt n\u00e5r som helst fra 2000 f.Kr. til 100 e.Kr. av stammer som goterne og andre germanske stammer. Hvert indisk [&hellip;]<\/p>\n","protected":false},"featured_media":344212,"comment_status":"closed","ping_status":"open","template":"","meta":{"_angie_page":false},"product_brand":[],"product_cat":[8394,9163,25221,25700,9158],"product_tag":[],"class_list":{"0":"post-209495","1":"product","2":"type-product","3":"status-publish","4":"has-post-thumbnail","6":"product_cat-hjem-og-hage","7":"product_cat-inspirasjon","8":"product_cat-krystaller-edelsteiner","9":"product_cat-onyx","10":"product_cat-pendler-og-runesett","11":"pa_collection-indian-rune-sets-in-pouches-no","12":"pa_made-in-india","14":"first","15":"instock","16":"purchasable","17":"product-type-simple"},"supplier_id":null,"supplier_sku":"Rune-32","barcode":null,"atum_controlled":true,"out_stock_date":null,"out_stock_threshold":null,"inheritable":false,"inbound_stock":null,"stock_on_hold":0,"sold_today":0,"sales_last_days":0,"reserved_stock":null,"customer_returns":null,"warehouse_damage":null,"lost_in_post":null,"other_logs":null,"out_stock_days":0,"lost_sales":0,"has_location":null,"update_date":"2026-04-27T07:20:05","atum_locations":[],"atum_stock_status":"instock","restock_status":false,"low_stock_amount":"","sales_update_date":"2025-09-05T00:25:32","calc_backorders":null,"_links":{"self":[{"href":"https:\/\/aromasentia.com\/no\/wp-json\/wp\/v2\/product\/209495","targetHints":{"allow":["GET"]}}],"collection":[{"href":"https:\/\/aromasentia.com\/no\/wp-json\/wp\/v2\/product"}],"about":[{"href":"https:\/\/aromasentia.com\/no\/wp-json\/wp\/v2\/types\/product"}],"replies":[{"embeddable":true,"href":"https:\/\/aromasentia.com\/no\/wp-json\/wp\/v2\/comments?post=209495"}],"version-history":[{"count":0,"href":"https:\/\/aromasentia.com\/no\/wp-json\/wp\/v2\/product\/209495\/revisions"}],"wp:featuredmedia":[{"embeddable":true,"href":"https:\/\/aromasentia.com\/no\/wp-json\/wp\/v2\/media\/344212"}],"wp:attachment":[{"href":"https:\/\/aromasentia.com\/no\/wp-json\/wp\/v2\/media?parent=209495"}],"wp:term":[{"taxonomy":"product_brand","embeddable":true,"href":"https:\/\/aromasentia.com\/no\/wp-json\/wp\/v2\/product_brand?post=209495"},{"taxonomy":"product_cat","embeddable":true,"href":"https:\/\/aromasentia.com\/no\/wp-json\/wp\/v2\/product_cat?post=209495"},{"taxonomy":"product_tag","embeddable":true,"href":"https:\/\/aromasentia.com\/no\/wp-json\/wp\/v2\/product_tag?post=209495"}],"curies":[{"name":"wp","href":"https:\/\/api.w.org\/{rel}","templated":true}]}}